{"id":2008,"date":"2025-03-28T17:13:07","date_gmt":"2025-03-28T09:13:07","guid":{"rendered":"https:\/\/www.mubtf.com\/?post_type=product&#038;p=2008"},"modified":"2025-06-02T10:47:39","modified_gmt":"2025-06-02T02:47:39","slug":"mub-8ml-crimp-pressurized-spray-empty-perfume-glass-bottle","status":"publish","type":"product","link":"https:\/\/www.mubtf.com\/de\/product\/mub-8ml-crimp-pressurized-spray-empty-perfume-glass-bottle\/","title":{"rendered":"MUB 8ml Crimp Druckspray leere Parf\u00fcmglasflasche"},"content":{"rendered":"<p>Artikel: 8ml Parf\u00fcmglasflasche<\/p>\n<p>Material: Glasflasche Aluminium Spray Aluminium Kappen<\/p>\n<p>Hals: 13mm<\/p>\n<p>Spray Farbe: Gold, Silber, schwarz<\/p>\n<p>Flaschengr\u00f6\u00dfe: 21 * 83mm (mit Kappenh\u00f6he)<\/p>\n<p>MOQ: 500pcs<\/p>","protected":false},"excerpt":{"rendered":"<div class=\"detail-attr-item\">\n<div>Kapazit\u00e4t: 8ml. Kann 8ml-10ml Parf\u00fcm f\u00fcllen<\/div>\n<div class=\"detail-attr-label\">Marke: MUB<\/div>\n<\/div>\n<div class=\"detail-attr-item\">\n<div class=\"detail-attr-label\">Herkunft des Produktes: Yiwu, China<\/div>\n<\/div>\n<div class=\"detail-attr-item\">\n<div class=\"detail-attr-label\">Lieferzeit: (1) Auf Lager: Innerhalb von 5 ~ 10 Tagen nach Erhalt der Zahlung.  (2) Aus Lager: 25 ~ 40 Tage nach Erhalt der Zahlung.<\/div>\n<\/div>","protected":false},"featured_media":2010,"comment_status":"open","ping_status":"closed","template":"","meta":{"_joinchat":[]},"product_brand":[],"product_cat":[192],"product_tag":[40,36,41],"class_list":{"0":"post-2008","1":"product","2":"type-product","3":"status-publish","4":"has-post-thumbnail","6":"product_cat-crimp-glass-bottle","7":"product_tag-black","8":"product_tag-shiny-gold","9":"product_tag-silver","11":"first","12":"instock","13":"shipping-taxable","14":"product-type-simple"},"_links":{"self":[{"href":"https:\/\/www.mubtf.com\/de\/wp-json\/wp\/v2\/product\/2008","targetHints":{"allow":["GET"]}}],"collection":[{"href":"https:\/\/www.mubtf.com\/de\/wp-json\/wp\/v2\/product"}],"about":[{"href":"https:\/\/www.mubtf.com\/de\/wp-json\/wp\/v2\/types\/product"}],"replies":[{"embeddable":true,"href":"https:\/\/www.mubtf.com\/de\/wp-json\/wp\/v2\/comments?post=2008"}],"wp:featuredmedia":[{"embeddable":true,"href":"https:\/\/www.mubtf.com\/de\/wp-json\/wp\/v2\/media\/2010"}],"wp:attachment":[{"href":"https:\/\/www.mubtf.com\/de\/wp-json\/wp\/v2\/media?parent=2008"}],"wp:term":[{"taxonomy":"product_brand","embeddable":true,"href":"https:\/\/www.mubtf.com\/de\/wp-json\/wp\/v2\/product_brand?post=2008"},{"taxonomy":"product_cat","embeddable":true,"href":"https:\/\/www.mubtf.com\/de\/wp-json\/wp\/v2\/product_cat?post=2008"},{"taxonomy":"product_tag","embeddable":true,"href":"https:\/\/www.mubtf.com\/de\/wp-json\/wp\/v2\/product_tag?post=2008"}],"curies":[{"name":"wp","href":"https:\/\/api.w.org\/{rel}","templated":true}]}}