{"id":2269,"date":"2025-03-31T11:55:47","date_gmt":"2025-03-31T03:55:47","guid":{"rendered":"https:\/\/www.mubtf.com\/?post_type=product&#038;p=2269"},"modified":"2025-06-02T10:37:57","modified_gmt":"2025-06-02T02:37:57","slug":"mub-wholesale-high-quality-empty-custom-label-6ml-8ml-transparent-clear-roller-on-essential-oil-glass-bottle","status":"publish","type":"product","link":"https:\/\/www.mubtf.com\/de\/product\/mub-wholesale-high-quality-empty-custom-label-6ml-8ml-transparent-clear-roller-on-essential-oil-glass-bottle\/","title":{"rendered":"MUB Gro\u00dfhandel hohe Qualit\u00e4t leere benutzerdefinierte Etikett 6ml 8ml transparente klare Rolle auf \u00e4therisches \u00d6l Glasflasche"},"content":{"rendered":"<p>Artikel: 6ml 8ml \u00e4therisches \u00d6l Flasche<br \/>\nMaterial: Glasflasche Stahl Kugel Aluminium Kappe<br \/>\nGewicht: 35g<br \/>\nFlaschengr\u00f6\u00dfe: 24 * 87mm (mit Kappenh\u00f6he)<br \/>\nMOQ: 1000pcs<\/p>","protected":false},"excerpt":{"rendered":"<p>Kapazit\u00e4t: 6ml. Kann 6ml Parf\u00fcm f\u00fcllen<br \/>\nMarke: MUB<br \/>\nHerkunft des Produktes: Yiwu, China<br \/>\nLieferzeit: (1) Auf Lager: Innerhalb von 5 ~ 10 Tagen nach Erhalt der Zahlung.  (2) Aus Lager: 25 ~ 40 Tage nach Erhalt der Zahlung.<\/p>","protected":false},"featured_media":2273,"comment_status":"open","ping_status":"closed","template":"","meta":{"_joinchat":[]},"product_brand":[],"product_cat":[194],"product_tag":[71,72,73],"class_list":{"0":"post-2269","1":"product","2":"type-product","3":"status-publish","4":"has-post-thumbnail","6":"product_cat-glass-roll-on-bottle","7":"product_tag-essential-oil-bottle","8":"product_tag-mini-essential-oil-bottle","9":"product_tag-small-essential-oil-bottle","11":"first","12":"instock","13":"shipping-taxable","14":"product-type-simple"},"_links":{"self":[{"href":"https:\/\/www.mubtf.com\/de\/wp-json\/wp\/v2\/product\/2269","targetHints":{"allow":["GET"]}}],"collection":[{"href":"https:\/\/www.mubtf.com\/de\/wp-json\/wp\/v2\/product"}],"about":[{"href":"https:\/\/www.mubtf.com\/de\/wp-json\/wp\/v2\/types\/product"}],"replies":[{"embeddable":true,"href":"https:\/\/www.mubtf.com\/de\/wp-json\/wp\/v2\/comments?post=2269"}],"wp:featuredmedia":[{"embeddable":true,"href":"https:\/\/www.mubtf.com\/de\/wp-json\/wp\/v2\/media\/2273"}],"wp:attachment":[{"href":"https:\/\/www.mubtf.com\/de\/wp-json\/wp\/v2\/media?parent=2269"}],"wp:term":[{"taxonomy":"product_brand","embeddable":true,"href":"https:\/\/www.mubtf.com\/de\/wp-json\/wp\/v2\/product_brand?post=2269"},{"taxonomy":"product_cat","embeddable":true,"href":"https:\/\/www.mubtf.com\/de\/wp-json\/wp\/v2\/product_cat?post=2269"},{"taxonomy":"product_tag","embeddable":true,"href":"https:\/\/www.mubtf.com\/de\/wp-json\/wp\/v2\/product_tag?post=2269"}],"curies":[{"name":"WP","href":"https:\/\/api.w.org\/{rel}","templated":true}]}}