{"id":2294,"date":"2025-03-31T14:01:33","date_gmt":"2025-03-31T06:01:33","guid":{"rendered":"https:\/\/www.mubtf.com\/?post_type=product&#038;p=2294"},"modified":"2025-06-02T10:37:33","modified_gmt":"2025-06-02T02:37:33","slug":"mub-portable-5ml-glass-cosmetic-oil-roll-on-bottle-round-essential-oil-perfume-roller-with-screw-cap","status":"publish","type":"product","link":"https:\/\/www.mubtf.com\/de\/product\/mub-portable-5ml-glass-cosmetic-oil-roll-on-bottle-round-essential-oil-perfume-roller-with-screw-cap\/","title":{"rendered":"MUB tragbare 5ml Glas Kosmetik \u00d6l Rolle auf Flasche runde \u00e4therisches \u00d6l Parf\u00fcm Rolle mit Schraubkappe"},"content":{"rendered":"<p>Artikel: 5ml \u00e4therisches \u00d6l Glasflasche<br \/>\nMaterial: Glasflasche mit Stahlwalze<br \/>\nGewicht: 18g<br \/>\nFlaschengr\u00f6\u00dfe: 63,5 * 18mm (mit Kappenh\u00f6he)<br \/>\nMOQ: 1000pcs<\/p>","protected":false},"excerpt":{"rendered":"<p>Kapazit\u00e4t: 5ml. Kann 5m \u00e4therisches \u00d6l f\u00fcllen<br \/>\nMarke: MUB<br \/>\nHerkunft des Produktes: Yiwu, China<br \/>\nLieferzeit: (1) Auf Lager: Innerhalb von 5 ~ 10 Tagen nach Erhalt der Zahlung.  (2) Aus Lager: 25 ~ 40 Tage nach Erhalt der Zahlung.<\/p>","protected":false},"featured_media":2284,"comment_status":"open","ping_status":"closed","template":"","meta":{"_joinchat":[]},"product_brand":[],"product_cat":[194],"product_tag":[],"class_list":{"0":"post-2294","1":"product","2":"type-product","3":"status-publish","4":"has-post-thumbnail","6":"product_cat-glass-roll-on-bottle","8":"first","9":"instock","10":"shipping-taxable","11":"product-type-simple"},"_links":{"self":[{"href":"https:\/\/www.mubtf.com\/de\/wp-json\/wp\/v2\/product\/2294","targetHints":{"allow":["GET"]}}],"collection":[{"href":"https:\/\/www.mubtf.com\/de\/wp-json\/wp\/v2\/product"}],"about":[{"href":"https:\/\/www.mubtf.com\/de\/wp-json\/wp\/v2\/types\/product"}],"replies":[{"embeddable":true,"href":"https:\/\/www.mubtf.com\/de\/wp-json\/wp\/v2\/comments?post=2294"}],"wp:featuredmedia":[{"embeddable":true,"href":"https:\/\/www.mubtf.com\/de\/wp-json\/wp\/v2\/media\/2284"}],"wp:attachment":[{"href":"https:\/\/www.mubtf.com\/de\/wp-json\/wp\/v2\/media?parent=2294"}],"wp:term":[{"taxonomy":"product_brand","embeddable":true,"href":"https:\/\/www.mubtf.com\/de\/wp-json\/wp\/v2\/product_brand?post=2294"},{"taxonomy":"product_cat","embeddable":true,"href":"https:\/\/www.mubtf.com\/de\/wp-json\/wp\/v2\/product_cat?post=2294"},{"taxonomy":"product_tag","embeddable":true,"href":"https:\/\/www.mubtf.com\/de\/wp-json\/wp\/v2\/product_tag?post=2294"}],"curies":[{"name":"WP","href":"https:\/\/api.w.org\/{rel}","templated":true}]}}