{"id":2309,"date":"2025-03-31T14:32:09","date_gmt":"2025-03-31T06:32:09","guid":{"rendered":"https:\/\/www.mubtf.com\/?post_type=product&#038;p=2309"},"modified":"2025-06-02T10:35:16","modified_gmt":"2025-06-02T02:35:16","slug":"matte-clear-spray-bottle-15ml-frosted-clear-glass-spray-bottle-portable-perfume-atomizer-bottle","status":"publish","type":"product","link":"https:\/\/www.mubtf.com\/de\/product\/matte-clear-spray-bottle-15ml-frosted-clear-glass-spray-bottle-portable-perfume-atomizer-bottle\/","title":{"rendered":"Matte klare Spray-Flasche 15ml Frostiertes klares Glas Spray-Flasche tragbare Parf\u00fcm-Zerst\u00e4uberflasche"},"content":{"rendered":"<p>Artikel: 15ml \u00e4therisches \u00d6l Glasflasche<br \/>\nMaterial: Glasflasche mit Glas-\/Stahlrolle<br \/>\nGewicht: 30g<br \/>\nFlaschengr\u00f6\u00dfe: 95 * 22mm (mit Kappenh\u00f6he)<br \/>\nMOQ: 1000pcs<\/p>","protected":false},"excerpt":{"rendered":"<p>Kapazit\u00e4t: 15ml. Kann 15,5ml-16ml Parf\u00fcm f\u00fcllen<br \/>\nMarke: MUB<br \/>\nHerkunft des Produktes: Yiwu, China<br \/>\nLieferzeit: (1) Auf Lager: Innerhalb von 5 ~ 10 Tagen nach Erhalt der Zahlung.  (2) Aus Lager: 25 ~ 40 Tage nach Erhalt der Zahlung.<\/p>","protected":false},"featured_media":2318,"comment_status":"open","ping_status":"closed","template":"","meta":{"_joinchat":[]},"product_brand":[],"product_cat":[194],"product_tag":[71,78],"class_list":{"0":"post-2309","1":"product","2":"type-product","3":"status-publish","4":"has-post-thumbnail","6":"product_cat-glass-roll-on-bottle","7":"product_tag-essential-oil-bottle","8":"product_tag-matte-clear-essential-oil-bottle","10":"first","11":"instock","12":"shipping-taxable","13":"product-type-simple"},"_links":{"self":[{"href":"https:\/\/www.mubtf.com\/de\/wp-json\/wp\/v2\/product\/2309","targetHints":{"allow":["GET"]}}],"collection":[{"href":"https:\/\/www.mubtf.com\/de\/wp-json\/wp\/v2\/product"}],"about":[{"href":"https:\/\/www.mubtf.com\/de\/wp-json\/wp\/v2\/types\/product"}],"replies":[{"embeddable":true,"href":"https:\/\/www.mubtf.com\/de\/wp-json\/wp\/v2\/comments?post=2309"}],"wp:featuredmedia":[{"embeddable":true,"href":"https:\/\/www.mubtf.com\/de\/wp-json\/wp\/v2\/media\/2318"}],"wp:attachment":[{"href":"https:\/\/www.mubtf.com\/de\/wp-json\/wp\/v2\/media?parent=2309"}],"wp:term":[{"taxonomy":"product_brand","embeddable":true,"href":"https:\/\/www.mubtf.com\/de\/wp-json\/wp\/v2\/product_brand?post=2309"},{"taxonomy":"product_cat","embeddable":true,"href":"https:\/\/www.mubtf.com\/de\/wp-json\/wp\/v2\/product_cat?post=2309"},{"taxonomy":"product_tag","embeddable":true,"href":"https:\/\/www.mubtf.com\/de\/wp-json\/wp\/v2\/product_tag?post=2309"}],"curies":[{"name":"WP","href":"https:\/\/api.w.org\/{rel}","templated":true}]}}