{"id":2440,"date":"2025-03-31T15:47:45","date_gmt":"2025-03-31T07:47:45","guid":{"rendered":"https:\/\/www.mubtf.com\/?post_type=product&#038;p=2440"},"modified":"2025-06-02T10:31:39","modified_gmt":"2025-06-02T02:31:39","slug":"hot-selling-supplier-empty-essential-oil-glass-bottle-10ml-roll-on-clear-bottles-with-different-color-lids","status":"publish","type":"product","link":"https:\/\/www.mubtf.com\/de\/product\/hot-selling-supplier-empty-essential-oil-glass-bottle-10ml-roll-on-clear-bottles-with-different-color-lids\/","title":{"rendered":"Hei\u00dfer Verkauf Lieferant leere \u00e4therisches \u00d6l Glasflasche 10ml Roll-On klare Flaschen mit verschiedenen Farben Deckel"},"content":{"rendered":"<p>Artikel: 10ml \u00e4therisches \u00d6l Glasflasche<br \/>\nMaterial: Glasflasche mit Aluminium-\/Kunststoffkappen<br \/>\nGewicht: 22g<br \/>\nFlaschengr\u00f6\u00dfe: 20 * 85mm (mit Kappenh\u00f6he)<br \/>\nMOQ: 1000pcs<\/p>","protected":false},"excerpt":{"rendered":"<p>Kapazit\u00e4t: 10ml. Kann 11ml-12ml \u00e4therisches \u00d6l f\u00fcllen<br \/>\nMarke: MUB<br \/>\nHerkunft des Produktes: Yiwu, China<br \/>\nLieferzeit: (1) Auf Lager: Innerhalb von 5 ~ 10 Tagen nach Erhalt der Zahlung.  (2) Aus Lager: 25 ~ 40 Tage nach Erhalt der Zahlung.<\/p>","protected":false},"featured_media":2421,"comment_status":"open","ping_status":"closed","template":"","meta":{"_joinchat":[]},"product_brand":[],"product_cat":[194],"product_tag":[71],"class_list":{"0":"post-2440","1":"product","2":"type-product","3":"status-publish","4":"has-post-thumbnail","6":"product_cat-glass-roll-on-bottle","7":"product_tag-essential-oil-bottle","9":"first","10":"instock","11":"shipping-taxable","12":"product-type-simple"},"_links":{"self":[{"href":"https:\/\/www.mubtf.com\/de\/wp-json\/wp\/v2\/product\/2440","targetHints":{"allow":["GET"]}}],"collection":[{"href":"https:\/\/www.mubtf.com\/de\/wp-json\/wp\/v2\/product"}],"about":[{"href":"https:\/\/www.mubtf.com\/de\/wp-json\/wp\/v2\/types\/product"}],"replies":[{"embeddable":true,"href":"https:\/\/www.mubtf.com\/de\/wp-json\/wp\/v2\/comments?post=2440"}],"wp:featuredmedia":[{"embeddable":true,"href":"https:\/\/www.mubtf.com\/de\/wp-json\/wp\/v2\/media\/2421"}],"wp:attachment":[{"href":"https:\/\/www.mubtf.com\/de\/wp-json\/wp\/v2\/media?parent=2440"}],"wp:term":[{"taxonomy":"product_brand","embeddable":true,"href":"https:\/\/www.mubtf.com\/de\/wp-json\/wp\/v2\/product_brand?post=2440"},{"taxonomy":"product_cat","embeddable":true,"href":"https:\/\/www.mubtf.com\/de\/wp-json\/wp\/v2\/product_cat?post=2440"},{"taxonomy":"product_tag","embeddable":true,"href":"https:\/\/www.mubtf.com\/de\/wp-json\/wp\/v2\/product_tag?post=2440"}],"curies":[{"name":"WP","href":"https:\/\/api.w.org\/{rel}","templated":true}]}}