{"id":2450,"date":"2025-03-31T15:59:28","date_gmt":"2025-03-31T07:59:28","guid":{"rendered":"https:\/\/www.mubtf.com\/?post_type=product&#038;p=2450"},"modified":"2025-06-02T10:30:55","modified_gmt":"2025-06-02T02:30:55","slug":"mub-manufacturers-wholesale-50ml-crimp-square-thick-bottom-glass-perfume-bottle","status":"publish","type":"product","link":"https:\/\/www.mubtf.com\/de\/product\/mub-manufacturers-wholesale-50ml-crimp-square-thick-bottom-glass-perfume-bottle\/","title":{"rendered":"MUB Hersteller Gro\u00dfhandel 50ml Crimp Square Dicke Bottom Glas Parf\u00fcmflasche"},"content":{"rendered":"<p>Artikel: 50ml Parf\u00fcmglasflasche<\/p>\n<p>Material: Glasflasche Aluminium Spray Holzdeckel<\/p>\n<p>Spray Farbe: Gold, Silber<\/p>\n<p>MOQ: 500pcs<\/p>","protected":false},"excerpt":{"rendered":"<div class=\"detail-attr-item\">\n<div class=\"detail-attr-item\">\n<div>Kapazit\u00e4t: 50ml. Kann Parf\u00fcm f\u00fcllen<\/div>\n<div class=\"detail-attr-label\">Marke: MUB<\/div>\n<\/div>\n<div class=\"detail-attr-item\">\n<div class=\"detail-attr-label\">Herkunft des Produktes: Yiwu, China<\/div>\n<\/div>\n<div class=\"detail-attr-item\">\n<div class=\"detail-attr-label\">Lieferzeit: (1) Auf Lager: Innerhalb von 5 ~ 10 Tagen nach Erhalt der Zahlung.  (2) Aus Lager: 25 ~ 40 Tage nach Erhalt der Zahlung.<\/div>\n<\/div>\n<\/div>","protected":false},"featured_media":2451,"comment_status":"open","ping_status":"closed","template":"","meta":{"_joinchat":[]},"product_brand":[],"product_cat":[192],"product_tag":[43,82,41],"class_list":{"0":"post-2450","1":"product","2":"type-product","3":"status-publish","4":"has-post-thumbnail","6":"product_cat-crimp-glass-bottle","7":"product_tag-crimp-perfume-bottle","8":"product_tag-gold","9":"product_tag-silver","11":"first","12":"instock","13":"shipping-taxable","14":"product-type-simple"},"_links":{"self":[{"href":"https:\/\/www.mubtf.com\/de\/wp-json\/wp\/v2\/product\/2450","targetHints":{"allow":["GET"]}}],"collection":[{"href":"https:\/\/www.mubtf.com\/de\/wp-json\/wp\/v2\/product"}],"about":[{"href":"https:\/\/www.mubtf.com\/de\/wp-json\/wp\/v2\/types\/product"}],"replies":[{"embeddable":true,"href":"https:\/\/www.mubtf.com\/de\/wp-json\/wp\/v2\/comments?post=2450"}],"wp:featuredmedia":[{"embeddable":true,"href":"https:\/\/www.mubtf.com\/de\/wp-json\/wp\/v2\/media\/2451"}],"wp:attachment":[{"href":"https:\/\/www.mubtf.com\/de\/wp-json\/wp\/v2\/media?parent=2450"}],"wp:term":[{"taxonomy":"product_brand","embeddable":true,"href":"https:\/\/www.mubtf.com\/de\/wp-json\/wp\/v2\/product_brand?post=2450"},{"taxonomy":"product_cat","embeddable":true,"href":"https:\/\/www.mubtf.com\/de\/wp-json\/wp\/v2\/product_cat?post=2450"},{"taxonomy":"product_tag","embeddable":true,"href":"https:\/\/www.mubtf.com\/de\/wp-json\/wp\/v2\/product_tag?post=2450"}],"curies":[{"name":"WP","href":"https:\/\/api.w.org\/{rel}","templated":true}]}}