{"id":2525,"date":"2025-04-01T10:03:36","date_gmt":"2025-04-01T02:03:36","guid":{"rendered":"https:\/\/www.mubtf.com\/?post_type=product&#038;p=2525"},"modified":"2025-05-28T15:29:17","modified_gmt":"2025-05-28T07:29:17","slug":"in-stock-essential-oil-perfume-roller-bottle-blue-amber-10ml-glass-roll-on-bottle-with-plastic-cap-metal-ball","status":"publish","type":"product","link":"https:\/\/www.mubtf.com\/de\/product\/in-stock-essential-oil-perfume-roller-bottle-blue-amber-10ml-glass-roll-on-bottle-with-plastic-cap-metal-ball\/","title":{"rendered":"\u00c4therisches \u00d6l Parf\u00fcm Rollenflasche Blau Bernstein 10ml Glasrolle auf Flasche mit Kunststoffkappe Metallkugel"},"content":{"rendered":"<p>Artikel: 10ml \u00e4therisches \u00d6l Glasflasche<br \/>\nMaterial: Glasflasche mit Aluminium-Kunststoffkappen<br \/>\nGewicht: 22g<br \/>\nFlaschengr\u00f6\u00dfe: 20 * 85mm (mit Kappenh\u00f6he)<br \/>\nMOQ: 1000pcs<\/p>","protected":false},"excerpt":{"rendered":"<p>Kapazit\u00e4t: 10ml. Kann 11ml-12ml \u00e4therisches \u00d6l f\u00fcllen<br \/>\nMarke: MUB<br \/>\nHerkunft des Produktes: Yiwu, China<br \/>\nLieferzeit: (1) Auf Lager: Innerhalb von 5 ~ 10 Tagen nach Erhalt der Zahlung.  (2) Aus Lager: 25 ~ 40 Tage nach Erhalt der Zahlung.<\/p>","protected":false},"featured_media":2389,"comment_status":"open","ping_status":"closed","template":"","meta":{"_joinchat":[]},"product_brand":[],"product_cat":[194],"product_tag":[71],"class_list":{"0":"post-2525","1":"product","2":"type-product","3":"status-publish","4":"has-post-thumbnail","6":"product_cat-glass-roll-on-bottle","7":"product_tag-essential-oil-bottle","9":"first","10":"instock","11":"shipping-taxable","12":"product-type-simple"},"_links":{"self":[{"href":"https:\/\/www.mubtf.com\/de\/wp-json\/wp\/v2\/product\/2525","targetHints":{"allow":["GET"]}}],"collection":[{"href":"https:\/\/www.mubtf.com\/de\/wp-json\/wp\/v2\/product"}],"about":[{"href":"https:\/\/www.mubtf.com\/de\/wp-json\/wp\/v2\/types\/product"}],"replies":[{"embeddable":true,"href":"https:\/\/www.mubtf.com\/de\/wp-json\/wp\/v2\/comments?post=2525"}],"wp:featuredmedia":[{"embeddable":true,"href":"https:\/\/www.mubtf.com\/de\/wp-json\/wp\/v2\/media\/2389"}],"wp:attachment":[{"href":"https:\/\/www.mubtf.com\/de\/wp-json\/wp\/v2\/media?parent=2525"}],"wp:term":[{"taxonomy":"product_brand","embeddable":true,"href":"https:\/\/www.mubtf.com\/de\/wp-json\/wp\/v2\/product_brand?post=2525"},{"taxonomy":"product_cat","embeddable":true,"href":"https:\/\/www.mubtf.com\/de\/wp-json\/wp\/v2\/product_cat?post=2525"},{"taxonomy":"product_tag","embeddable":true,"href":"https:\/\/www.mubtf.com\/de\/wp-json\/wp\/v2\/product_tag?post=2525"}],"curies":[{"name":"WP","href":"https:\/\/api.w.org\/{rel}","templated":true}]}}