{"id":2526,"date":"2025-04-01T10:05:09","date_gmt":"2025-04-01T02:05:09","guid":{"rendered":"https:\/\/www.mubtf.com\/?post_type=product&#038;p=2526"},"modified":"2025-05-28T15:28:27","modified_gmt":"2025-05-28T07:28:27","slug":"mub-empty-30ml-crimp-flat-square-glass-perfume-bottle-with-wooden-lid","status":"publish","type":"product","link":"https:\/\/www.mubtf.com\/de\/product\/mub-empty-30ml-crimp-flat-square-glass-perfume-bottle-with-wooden-lid\/","title":{"rendered":"MUB leere 30ml Crimp Flache Quadratglas Parf\u00fcmflasche mit Holzdeckel"},"content":{"rendered":"<p>Artikel: 30ml Parf\u00fcmglasflasche<\/p>\n<p>Material: Glasflasche Aluminium Spray Holzdeckel<\/p>\n<p>Deckel Farbe: schwarz<\/p>\n<p>MOQ: 500pcs<\/p>","protected":false},"excerpt":{"rendered":"<div class=\"detail-attr-item\">\n<div class=\"detail-attr-item\">\n<div>Kapazit\u00e4t: 30ml. Kann Parf\u00fcm f\u00fcllen<\/div>\n<div class=\"detail-attr-label\">Marke: MUB<\/div>\n<\/div>\n<div class=\"detail-attr-item\">\n<div class=\"detail-attr-label\">Herkunft des Produktes: Yiwu, China<\/div>\n<\/div>\n<div class=\"detail-attr-item\">\n<div class=\"detail-attr-label\">Lieferzeit: (1) Auf Lager: Innerhalb von 5 ~ 10 Tagen nach Erhalt der Zahlung.  (2) Aus Lager: 25 ~ 40 Tage nach Erhalt der Zahlung.<\/div>\n<\/div>\n<\/div>","protected":false},"featured_media":2529,"comment_status":"open","ping_status":"closed","template":"","meta":{"_joinchat":[]},"product_brand":[],"product_cat":[192],"product_tag":[40,43],"class_list":{"0":"post-2526","1":"product","2":"type-product","3":"status-publish","4":"has-post-thumbnail","6":"product_cat-crimp-glass-bottle","7":"product_tag-black","8":"product_tag-crimp-perfume-bottle","10":"first","11":"instock","12":"shipping-taxable","13":"product-type-simple"},"_links":{"self":[{"href":"https:\/\/www.mubtf.com\/de\/wp-json\/wp\/v2\/product\/2526","targetHints":{"allow":["GET"]}}],"collection":[{"href":"https:\/\/www.mubtf.com\/de\/wp-json\/wp\/v2\/product"}],"about":[{"href":"https:\/\/www.mubtf.com\/de\/wp-json\/wp\/v2\/types\/product"}],"replies":[{"embeddable":true,"href":"https:\/\/www.mubtf.com\/de\/wp-json\/wp\/v2\/comments?post=2526"}],"wp:featuredmedia":[{"embeddable":true,"href":"https:\/\/www.mubtf.com\/de\/wp-json\/wp\/v2\/media\/2529"}],"wp:attachment":[{"href":"https:\/\/www.mubtf.com\/de\/wp-json\/wp\/v2\/media?parent=2526"}],"wp:term":[{"taxonomy":"product_brand","embeddable":true,"href":"https:\/\/www.mubtf.com\/de\/wp-json\/wp\/v2\/product_brand?post=2526"},{"taxonomy":"product_cat","embeddable":true,"href":"https:\/\/www.mubtf.com\/de\/wp-json\/wp\/v2\/product_cat?post=2526"},{"taxonomy":"product_tag","embeddable":true,"href":"https:\/\/www.mubtf.com\/de\/wp-json\/wp\/v2\/product_tag?post=2526"}],"curies":[{"name":"wp","href":"https:\/\/api.w.org\/{rel}","templated":true}]}}