{"id":2587,"date":"2025-04-01T14:54:34","date_gmt":"2025-04-01T06:54:34","guid":{"rendered":"https:\/\/www.mubtf.com\/?post_type=product&#038;p=2587"},"modified":"2025-05-28T15:27:08","modified_gmt":"2025-05-28T07:27:08","slug":"luxury-rose-gold-glass-perfume-oil-10ml-roll-on-bottle-10ml-cosmetic-packing-glass-roll-on-bottle-glass-serum-bottle","status":"publish","type":"product","link":"https:\/\/www.mubtf.com\/de\/product\/luxury-rose-gold-glass-perfume-oil-10ml-roll-on-bottle-10ml-cosmetic-packing-glass-roll-on-bottle-glass-serum-bottle\/","title":{"rendered":"Luxus Rose Gold Glas Parf\u00fcm\u00f6l 10ml Rolle auf Flasche \/ 10ml Kosmetik Verpackung Glas Rolle auf Flasche \/ Glas Serum Flasche"},"content":{"rendered":"<p>Artikel: 10ml \u00e4therisches \u00d6l Glasflasche<br \/>\nMaterial: Glasflasche mit Aluminiumkappen<br \/>\nGewicht: 30g<br \/>\nFlaschengr\u00f6\u00dfe: 20 * 85mm (mit Kappenh\u00f6he)<br \/>\nMOQ: 1000pcsc<\/p>","protected":false},"excerpt":{"rendered":"<p>Kapazit\u00e4t: 10ml. Kann 11ml-12ml \u00e4therisches \u00d6l f\u00fcllen<br \/>\nMarke: MUB<br \/>\nHerkunft des Produktes: Yiwu, China<br \/>\nLieferzeit: (1) Auf Lager: Innerhalb von 5 ~ 10 Tagen nach Erhalt der Zahlung.  (2) Aus Lager: 25 ~ 40 Tage nach Erhalt der Zahlung.<\/p>","protected":false},"featured_media":2579,"comment_status":"open","ping_status":"closed","template":"","meta":{"_joinchat":[]},"product_brand":[],"product_cat":[194],"product_tag":[85,86],"class_list":{"0":"post-2587","1":"product","2":"type-product","3":"status-publish","4":"has-post-thumbnail","6":"product_cat-glass-roll-on-bottle","7":"product_tag-essential-oil-bottles","8":"product_tag-rose-gold-essential-oil-bottle","10":"first","11":"instock","12":"shipping-taxable","13":"product-type-simple"},"_links":{"self":[{"href":"https:\/\/www.mubtf.com\/de\/wp-json\/wp\/v2\/product\/2587","targetHints":{"allow":["GET"]}}],"collection":[{"href":"https:\/\/www.mubtf.com\/de\/wp-json\/wp\/v2\/product"}],"about":[{"href":"https:\/\/www.mubtf.com\/de\/wp-json\/wp\/v2\/types\/product"}],"replies":[{"embeddable":true,"href":"https:\/\/www.mubtf.com\/de\/wp-json\/wp\/v2\/comments?post=2587"}],"wp:featuredmedia":[{"embeddable":true,"href":"https:\/\/www.mubtf.com\/de\/wp-json\/wp\/v2\/media\/2579"}],"wp:attachment":[{"href":"https:\/\/www.mubtf.com\/de\/wp-json\/wp\/v2\/media?parent=2587"}],"wp:term":[{"taxonomy":"product_brand","embeddable":true,"href":"https:\/\/www.mubtf.com\/de\/wp-json\/wp\/v2\/product_brand?post=2587"},{"taxonomy":"product_cat","embeddable":true,"href":"https:\/\/www.mubtf.com\/de\/wp-json\/wp\/v2\/product_cat?post=2587"},{"taxonomy":"product_tag","embeddable":true,"href":"https:\/\/www.mubtf.com\/de\/wp-json\/wp\/v2\/product_tag?post=2587"}],"curies":[{"name":"WP","href":"https:\/\/api.w.org\/{rel}","templated":true}]}}