{"id":2663,"date":"2025-04-01T15:32:29","date_gmt":"2025-04-01T07:32:29","guid":{"rendered":"https:\/\/www.mubtf.com\/?post_type=product&#038;p=2663"},"modified":"2025-05-28T15:26:39","modified_gmt":"2025-05-28T07:26:39","slug":"wholesale-high-quality-5ml-10ml-clear-roller-ball-matte-glass-roll-on-bottle","status":"publish","type":"product","link":"https:\/\/www.mubtf.com\/de\/product\/wholesale-high-quality-5ml-10ml-clear-roller-ball-matte-glass-roll-on-bottle\/","title":{"rendered":"Gro\u00dfhandel Hochwertige 5ml 10ml klare Rollenkugel Mattglasrolle auf Flasche"},"content":{"rendered":"<p>Artikel: 5ml \u00e4therisches \u00d6l Glasflasche<br \/>\nMaterial: Glasflasche mit Kunststoffkappen<br \/>\nGewicht: 22g<br \/>\nFlaschengr\u00f6\u00dfe: 20 * 62mm (mit Kappenh\u00f6he)<br \/>\nMOQ: 1000pcs<\/p>","protected":false},"excerpt":{"rendered":"<p>Kapazit\u00e4t: 5ml. Kann 5ml-6ml Parf\u00fcm f\u00fcllen<br \/>\nMarke: MUB<br \/>\nHerkunft des Produktes: Yiwu, China<br \/>\nLieferzeit: (1) Auf Lager: Innerhalb von 5 ~ 10 Tagen nach Erhalt der Zahlung.  (2) Aus Lager: 25 ~ 40 Tage nach Erhalt der Zahlung.<\/p>","protected":false},"featured_media":2656,"comment_status":"open","ping_status":"closed","template":"","meta":{"_joinchat":[]},"product_brand":[],"product_cat":[194],"product_tag":[85,72],"class_list":{"0":"post-2663","1":"product","2":"type-product","3":"status-publish","4":"has-post-thumbnail","6":"product_cat-glass-roll-on-bottle","7":"product_tag-essential-oil-bottles","8":"product_tag-mini-essential-oil-bottle","10":"first","11":"instock","12":"shipping-taxable","13":"product-type-simple"},"_links":{"self":[{"href":"https:\/\/www.mubtf.com\/de\/wp-json\/wp\/v2\/product\/2663","targetHints":{"allow":["GET"]}}],"collection":[{"href":"https:\/\/www.mubtf.com\/de\/wp-json\/wp\/v2\/product"}],"about":[{"href":"https:\/\/www.mubtf.com\/de\/wp-json\/wp\/v2\/types\/product"}],"replies":[{"embeddable":true,"href":"https:\/\/www.mubtf.com\/de\/wp-json\/wp\/v2\/comments?post=2663"}],"wp:featuredmedia":[{"embeddable":true,"href":"https:\/\/www.mubtf.com\/de\/wp-json\/wp\/v2\/media\/2656"}],"wp:attachment":[{"href":"https:\/\/www.mubtf.com\/de\/wp-json\/wp\/v2\/media?parent=2663"}],"wp:term":[{"taxonomy":"product_brand","embeddable":true,"href":"https:\/\/www.mubtf.com\/de\/wp-json\/wp\/v2\/product_brand?post=2663"},{"taxonomy":"product_cat","embeddable":true,"href":"https:\/\/www.mubtf.com\/de\/wp-json\/wp\/v2\/product_cat?post=2663"},{"taxonomy":"product_tag","embeddable":true,"href":"https:\/\/www.mubtf.com\/de\/wp-json\/wp\/v2\/product_tag?post=2663"}],"curies":[{"name":"WP","href":"https:\/\/api.w.org\/{rel}","templated":true}]}}