{"id":3400,"date":"2025-04-08T11:25:26","date_gmt":"2025-04-08T03:25:26","guid":{"rendered":"https:\/\/www.mubtf.com\/?post_type=product&#038;p=3400"},"modified":"2025-05-28T15:05:35","modified_gmt":"2025-05-28T07:05:35","slug":"in-stock-5ml-10ml-shiny-uv-luxury-glass-perfume-bottle-refill-travel-empty-roller-bottle-with-stainless-steel-roller","status":"publish","type":"product","link":"https:\/\/www.mubtf.com\/de\/product\/in-stock-5ml-10ml-shiny-uv-luxury-glass-perfume-bottle-refill-travel-empty-roller-bottle-with-stainless-steel-roller\/","title":{"rendered":"Auf Lager 5ml 10ml gl\u00e4nzende UV Luxusglas Parf\u00fcmflasche Refill Reise leere Rollenflasche mit Edelstahlrolle"},"content":{"rendered":"<p>Artikel: Kleine Gr\u00f6\u00dfe Rolle auf Glasflasche<br \/>\nMaterial: Glasflasche Stahl Kugel Aluminium Kappe<br \/>\nGr\u00f6\u00dfe: 5ml 10ml<br \/>\nFarbe: Lila \/ Blau \/ Gr\u00fcn \/ Gelb \/ Rose Rot \/ Rot<br \/>\nMOQ: 1000 St\u00fcck<\/p>","protected":false},"excerpt":{"rendered":"<p>Kapazit\u00e4t: 5ml 10ml<br \/>\nMarke: MUB<br \/>\nHerkunft des Produktes: Yiwu, China<br \/>\nLieferzeit: (1) Auf Lager: Innerhalb von 5 ~ 10 Tagen nach Erhalt der Zahlung.  (2) Aus Lager: 25 ~ 40 Tage nach Erhalt der Zahlung.<\/p>","protected":false},"featured_media":3401,"comment_status":"open","ping_status":"closed","template":"","meta":{"_joinchat":[]},"product_brand":[],"product_cat":[194],"product_tag":[],"class_list":{"0":"post-3400","1":"product","2":"type-product","3":"status-publish","4":"has-post-thumbnail","6":"product_cat-glass-roll-on-bottle","8":"first","9":"instock","10":"shipping-taxable","11":"product-type-simple"},"_links":{"self":[{"href":"https:\/\/www.mubtf.com\/de\/wp-json\/wp\/v2\/product\/3400","targetHints":{"allow":["GET"]}}],"collection":[{"href":"https:\/\/www.mubtf.com\/de\/wp-json\/wp\/v2\/product"}],"about":[{"href":"https:\/\/www.mubtf.com\/de\/wp-json\/wp\/v2\/types\/product"}],"replies":[{"embeddable":true,"href":"https:\/\/www.mubtf.com\/de\/wp-json\/wp\/v2\/comments?post=3400"}],"wp:featuredmedia":[{"embeddable":true,"href":"https:\/\/www.mubtf.com\/de\/wp-json\/wp\/v2\/media\/3401"}],"wp:attachment":[{"href":"https:\/\/www.mubtf.com\/de\/wp-json\/wp\/v2\/media?parent=3400"}],"wp:term":[{"taxonomy":"product_brand","embeddable":true,"href":"https:\/\/www.mubtf.com\/de\/wp-json\/wp\/v2\/product_brand?post=3400"},{"taxonomy":"product_cat","embeddable":true,"href":"https:\/\/www.mubtf.com\/de\/wp-json\/wp\/v2\/product_cat?post=3400"},{"taxonomy":"product_tag","embeddable":true,"href":"https:\/\/www.mubtf.com\/de\/wp-json\/wp\/v2\/product_tag?post=3400"}],"curies":[{"name":"WP","href":"https:\/\/api.w.org\/{rel}","templated":true}]}}