{"id":3487,"date":"2025-04-09T14:25:14","date_gmt":"2025-04-09T06:25:14","guid":{"rendered":"https:\/\/www.mubtf.com\/?post_type=product&#038;p=3487"},"modified":"2025-05-28T15:02:56","modified_gmt":"2025-05-28T07:02:56","slug":"in-stock-10ml-essential-oil-perfume-pearlescent-colors-roll-on-glass-roller-bottle","status":"publish","type":"product","link":"https:\/\/www.mubtf.com\/de\/product\/in-stock-10ml-essential-oil-perfume-pearlescent-colors-roll-on-glass-roller-bottle\/","title":{"rendered":"10ml \u00e4therisches \u00d6l Parf\u00fcm Perlescent Farben Rolle auf Glas Rollenflasche"},"content":{"rendered":"<p>Artikel: Kleine Gr\u00f6\u00dfe Rolle auf Glasflasche<br \/>\nMaterial: Glasflasche Stahl Kugel Aluminium Kappe<br \/>\nGr\u00f6\u00dfe: 5ml 10ml<br \/>\nFarbe: weitere Farben optional<br \/>\nMOQ: 1000 St\u00fcck<\/p>","protected":false},"excerpt":{"rendered":"<p>Kapazit\u00e4t: 10ml<br \/>\nMarke: MUB<br \/>\nHerkunft des Produktes: Yiwu, China<br \/>\nLieferzeit: (1) Auf Lager: Innerhalb von 5 ~ 10 Tagen nach Erhalt der Zahlung.  (2) Aus Lager: 25 ~ 40 Tage nach Erhalt der Zahlung.<\/p>","protected":false},"featured_media":3488,"comment_status":"open","ping_status":"closed","template":"","meta":{"_joinchat":[]},"product_brand":[],"product_cat":[194],"product_tag":[],"class_list":{"0":"post-3487","1":"product","2":"type-product","3":"status-publish","4":"has-post-thumbnail","6":"product_cat-glass-roll-on-bottle","8":"first","9":"instock","10":"shipping-taxable","11":"product-type-simple"},"_links":{"self":[{"href":"https:\/\/www.mubtf.com\/de\/wp-json\/wp\/v2\/product\/3487","targetHints":{"allow":["GET"]}}],"collection":[{"href":"https:\/\/www.mubtf.com\/de\/wp-json\/wp\/v2\/product"}],"about":[{"href":"https:\/\/www.mubtf.com\/de\/wp-json\/wp\/v2\/types\/product"}],"replies":[{"embeddable":true,"href":"https:\/\/www.mubtf.com\/de\/wp-json\/wp\/v2\/comments?post=3487"}],"wp:featuredmedia":[{"embeddable":true,"href":"https:\/\/www.mubtf.com\/de\/wp-json\/wp\/v2\/media\/3488"}],"wp:attachment":[{"href":"https:\/\/www.mubtf.com\/de\/wp-json\/wp\/v2\/media?parent=3487"}],"wp:term":[{"taxonomy":"product_brand","embeddable":true,"href":"https:\/\/www.mubtf.com\/de\/wp-json\/wp\/v2\/product_brand?post=3487"},{"taxonomy":"product_cat","embeddable":true,"href":"https:\/\/www.mubtf.com\/de\/wp-json\/wp\/v2\/product_cat?post=3487"},{"taxonomy":"product_tag","embeddable":true,"href":"https:\/\/www.mubtf.com\/de\/wp-json\/wp\/v2\/product_tag?post=3487"}],"curies":[{"name":"WP","href":"https:\/\/api.w.org\/{rel}","templated":true}]}}