{"id":3560,"date":"2025-04-09T15:52:58","date_gmt":"2025-04-09T07:52:58","guid":{"rendered":"https:\/\/www.mubtf.com\/?post_type=product&#038;p=3560"},"modified":"2025-05-28T15:01:37","modified_gmt":"2025-05-28T07:01:37","slug":"mub-manufacturers-wholesale-10ml-frosted-crimp-short-round-press-spray-perfume-bottle","status":"publish","type":"product","link":"https:\/\/www.mubtf.com\/de\/product\/mub-manufacturers-wholesale-10ml-frosted-crimp-short-round-press-spray-perfume-bottle\/","title":{"rendered":"MUB Hersteller Gro\u00dfhandel 10ml Frosted Crimp Kurze Runde Presse Spray Parf\u00fcmflasche"},"content":{"rendered":"<p>Artikel:10ml Parf\u00fcmglasflasche<\/p>\n<p>Material: Glasflasche Aluminium Spray Aluminium \/ Plastikdeckel<\/p>\n<p>Deckelfarbe: gemischte Farbe<\/p>\n<p>MOQ: 500pcs<\/p>","protected":false},"excerpt":{"rendered":"<div class=\"detail-attr-item\">\n<div class=\"detail-attr-item\">\n<div>Kapazit\u00e4t: 10ml. Kann Parf\u00fcm f\u00fcllen<\/div>\n<div class=\"detail-attr-label\">Marke: MUB<\/div>\n<\/div>\n<div class=\"detail-attr-item\">\n<div class=\"detail-attr-label\">Herkunft des Produktes: Yiwu, China<\/div>\n<\/div>\n<div class=\"detail-attr-item\">\n<div class=\"detail-attr-label\">Lieferzeit: (1) Auf Lager: Innerhalb von 5 ~ 10 Tagen nach Erhalt der Zahlung.  (2) Aus Lager: 25 ~ 40 Tage nach Erhalt der Zahlung.<\/div>\n<\/div>\n<\/div>","protected":false},"featured_media":3562,"comment_status":"open","ping_status":"closed","template":"","meta":{"_joinchat":[]},"product_brand":[],"product_cat":[192],"product_tag":[43,119,83],"class_list":{"0":"post-3560","1":"product","2":"type-product","3":"status-publish","4":"has-post-thumbnail","6":"product_cat-crimp-glass-bottle","7":"product_tag-crimp-perfume-bottle","8":"product_tag-frosted","9":"product_tag-lid","11":"first","12":"instock","13":"shipping-taxable","14":"product-type-simple"},"_links":{"self":[{"href":"https:\/\/www.mubtf.com\/de\/wp-json\/wp\/v2\/product\/3560","targetHints":{"allow":["GET"]}}],"collection":[{"href":"https:\/\/www.mubtf.com\/de\/wp-json\/wp\/v2\/product"}],"about":[{"href":"https:\/\/www.mubtf.com\/de\/wp-json\/wp\/v2\/types\/product"}],"replies":[{"embeddable":true,"href":"https:\/\/www.mubtf.com\/de\/wp-json\/wp\/v2\/comments?post=3560"}],"wp:featuredmedia":[{"embeddable":true,"href":"https:\/\/www.mubtf.com\/de\/wp-json\/wp\/v2\/media\/3562"}],"wp:attachment":[{"href":"https:\/\/www.mubtf.com\/de\/wp-json\/wp\/v2\/media?parent=3560"}],"wp:term":[{"taxonomy":"product_brand","embeddable":true,"href":"https:\/\/www.mubtf.com\/de\/wp-json\/wp\/v2\/product_brand?post=3560"},{"taxonomy":"product_cat","embeddable":true,"href":"https:\/\/www.mubtf.com\/de\/wp-json\/wp\/v2\/product_cat?post=3560"},{"taxonomy":"product_tag","embeddable":true,"href":"https:\/\/www.mubtf.com\/de\/wp-json\/wp\/v2\/product_tag?post=3560"}],"curies":[{"name":"wp","href":"https:\/\/api.w.org\/{rel}","templated":true}]}}