{"id":4312,"date":"2025-04-23T16:46:51","date_gmt":"2025-04-23T08:46:51","guid":{"rendered":"https:\/\/www.mubtf.com\/?post_type=product&#038;p=4312"},"modified":"2025-05-09T11:15:25","modified_gmt":"2025-05-09T03:15:25","slug":"6ml-12ml-aluminum-perfume-atomizer-mini-square-refillable-pocket-spray-aluminum-bottles-aluminum-perfume-atomizers","status":"publish","type":"product","link":"https:\/\/www.mubtf.com\/de\/product\/6ml-12ml-aluminum-perfume-atomizer-mini-square-refillable-pocket-spray-aluminum-bottles-aluminum-perfume-atomizers\/","title":{"rendered":"6ml 12ml Aluminium Parf\u00fcm Zerst\u00e4uber Mini Quadrat Nachf\u00fcllbare Tasche Spray Aluminium Flaschen Aluminium Parf\u00fcm Zerst\u00e4uber"},"content":{"rendered":"<p>Grundmaterial: Aluminium<br \/>\nDruckhandhabung: Siebdruck<br \/>\nForm: quadratisch<br \/>\nMaterial: Aluminium Geh\u00e4use Glask\u00f6rper<\/p>","protected":false},"excerpt":{"rendered":"<p>Marke: MUB<br \/>\nHerkunft des Produktes: Yiwu, China<br \/>\nLieferzeit: (1) Auf Lager: Innerhalb von 5 ~ 10 Tagen nach Erhalt der Zahlung.<br \/>\n(2) Aus Lager: 25 ~ 40 Tage nach Erhalt der Zahlung.<\/p>","protected":false},"featured_media":4315,"comment_status":"open","ping_status":"closed","template":"","meta":{"_joinchat":[]},"product_brand":[],"product_cat":[23],"product_tag":[159,147,160,145,122],"class_list":{"0":"post-4312","1":"product","2":"type-product","3":"status-publish","4":"has-post-thumbnail","6":"product_cat-aluminum-perfume-atomizers","7":"product_tag-12ml","8":"product_tag-6ml","9":"product_tag-aluminum-perfume-atomizers","10":"product_tag-refillable","11":"product_tag-square","13":"first","14":"instock","15":"shipping-taxable","16":"product-type-simple"},"_links":{"self":[{"href":"https:\/\/www.mubtf.com\/de\/wp-json\/wp\/v2\/product\/4312","targetHints":{"allow":["GET"]}}],"collection":[{"href":"https:\/\/www.mubtf.com\/de\/wp-json\/wp\/v2\/product"}],"about":[{"href":"https:\/\/www.mubtf.com\/de\/wp-json\/wp\/v2\/types\/product"}],"replies":[{"embeddable":true,"href":"https:\/\/www.mubtf.com\/de\/wp-json\/wp\/v2\/comments?post=4312"}],"wp:featuredmedia":[{"embeddable":true,"href":"https:\/\/www.mubtf.com\/de\/wp-json\/wp\/v2\/media\/4315"}],"wp:attachment":[{"href":"https:\/\/www.mubtf.com\/de\/wp-json\/wp\/v2\/media?parent=4312"}],"wp:term":[{"taxonomy":"product_brand","embeddable":true,"href":"https:\/\/www.mubtf.com\/de\/wp-json\/wp\/v2\/product_brand?post=4312"},{"taxonomy":"product_cat","embeddable":true,"href":"https:\/\/www.mubtf.com\/de\/wp-json\/wp\/v2\/product_cat?post=4312"},{"taxonomy":"product_tag","embeddable":true,"href":"https:\/\/www.mubtf.com\/de\/wp-json\/wp\/v2\/product_tag?post=4312"}],"curies":[{"name":"WP","href":"https:\/\/api.w.org\/{rel}","templated":true}]}}