{"id":4353,"date":"2025-04-24T14:25:04","date_gmt":"2025-04-24T06:25:04","guid":{"rendered":"https:\/\/www.mubtf.com\/?post_type=product&#038;p=4353"},"modified":"2025-05-09T11:14:59","modified_gmt":"2025-05-09T03:14:59","slug":"mub-10ml-2-in-1-sprayroller-perfume-aluminum-bottle-containers-spray-atomizer-bottle-for-travel","status":"publish","type":"product","link":"https:\/\/www.mubtf.com\/de\/product\/mub-10ml-2-in-1-sprayroller-perfume-aluminum-bottle-containers-spray-atomizer-bottle-for-travel\/","title":{"rendered":"MUB 10ml 2 in 1 Spray&#038; Roller Parf\u00fcm Aluminium Flasche Beh\u00e4lter Spray Zerst\u00e4uberflasche f\u00fcr Reisen"},"content":{"rendered":"<p>Grundmaterial: Aluminium<br \/>\nDruckhandhabung: Siebdruck<br \/>\nForm: Rund<br \/>\nMaterial: Aluminium Geh\u00e4use Glask\u00f6rper<\/p>","protected":false},"excerpt":{"rendered":"<p>Marke: MUB<br \/>\nHerkunft des Produktes: Yiwu, China<br \/>\nLieferzeit: (1) Auf Lager: Innerhalb von 5 ~ 10 Tagen nach Erhalt der Zahlung.<br \/>\n(2) Aus Lager: 25 ~ 40 Tage nach Erhalt der Zahlung.<\/p>","protected":false},"featured_media":4356,"comment_status":"open","ping_status":"closed","template":"","meta":{"_joinchat":[]},"product_brand":[],"product_cat":[23],"product_tag":[100,162,138],"class_list":{"0":"post-4353","1":"product","2":"type-product","3":"status-publish","4":"has-post-thumbnail","6":"product_cat-aluminum-perfume-atomizers","7":"product_tag-10ml","8":"product_tag-2-in-1-sprayroller-perfume-aluminum-bottle","9":"product_tag-mub","11":"first","12":"instock","13":"shipping-taxable","14":"product-type-simple"},"_links":{"self":[{"href":"https:\/\/www.mubtf.com\/de\/wp-json\/wp\/v2\/product\/4353","targetHints":{"allow":["GET"]}}],"collection":[{"href":"https:\/\/www.mubtf.com\/de\/wp-json\/wp\/v2\/product"}],"about":[{"href":"https:\/\/www.mubtf.com\/de\/wp-json\/wp\/v2\/types\/product"}],"replies":[{"embeddable":true,"href":"https:\/\/www.mubtf.com\/de\/wp-json\/wp\/v2\/comments?post=4353"}],"wp:featuredmedia":[{"embeddable":true,"href":"https:\/\/www.mubtf.com\/de\/wp-json\/wp\/v2\/media\/4356"}],"wp:attachment":[{"href":"https:\/\/www.mubtf.com\/de\/wp-json\/wp\/v2\/media?parent=4353"}],"wp:term":[{"taxonomy":"product_brand","embeddable":true,"href":"https:\/\/www.mubtf.com\/de\/wp-json\/wp\/v2\/product_brand?post=4353"},{"taxonomy":"product_cat","embeddable":true,"href":"https:\/\/www.mubtf.com\/de\/wp-json\/wp\/v2\/product_cat?post=4353"},{"taxonomy":"product_tag","embeddable":true,"href":"https:\/\/www.mubtf.com\/de\/wp-json\/wp\/v2\/product_tag?post=4353"}],"curies":[{"name":"wp","href":"https:\/\/api.w.org\/{rel}","templated":true}]}}