{"id":4454,"date":"2025-04-25T16:59:51","date_gmt":"2025-04-25T08:59:51","guid":{"rendered":"https:\/\/www.mubtf.com\/?post_type=product&#038;p=4454"},"modified":"2025-05-28T14:45:38","modified_gmt":"2025-05-28T06:45:38","slug":"mub-hot-sale-empty-6ml-attar-glass-bottle-for-essential-oil","status":"publish","type":"product","link":"https:\/\/www.mubtf.com\/de\/product\/mub-hot-sale-empty-6ml-attar-glass-bottle-for-essential-oil\/","title":{"rendered":"MUB Hot Sale Leere 6ml Attar Glasflasche f\u00fcr \u00e4therisches \u00d6l"},"content":{"rendered":"<p>Artikel: 6ml Parf\u00fcmglasflasche<\/p>\n<p>Material: Glasflasche Kunststoffdeckel Glas Stick \/ Metallwalze<\/p>\n<p>Farbe: schwarz, rosa<\/p>\n<p>Gr\u00f6\u00dfe: 22 * 59mm<\/p>\n<p>MOQ: 1000pcs<\/p>","protected":false},"excerpt":{"rendered":"<div class=\"detail-attr-item\">\n<div class=\"detail-attr-item\">\n<div>Kapazit\u00e4t: 6ml. Kann Parf\u00fcm f\u00fcllen<\/div>\n<div class=\"detail-attr-label\">Marke: MUB<\/div>\n<\/div>\n<div class=\"detail-attr-item\">\n<div class=\"detail-attr-label\">Herkunft des Produktes: Yiwu, China<\/div>\n<\/div>\n<div class=\"detail-attr-item\">\n<div class=\"detail-attr-label\">Lieferzeit: (1) Auf Lager: Innerhalb von 5 ~ 10 Tagen nach Erhalt der Zahlung.  (2) Aus Lager: 25 ~ 40 Tage nach Erhalt der Zahlung.<\/div>\n<\/div>\n<\/div>","protected":false},"featured_media":4457,"comment_status":"open","ping_status":"closed","template":"","meta":{"_joinchat":[]},"product_brand":[],"product_cat":[194],"product_tag":[71],"class_list":{"0":"post-4454","1":"product","2":"type-product","3":"status-publish","4":"has-post-thumbnail","6":"product_cat-glass-roll-on-bottle","7":"product_tag-essential-oil-bottle","9":"first","10":"instock","11":"shipping-taxable","12":"product-type-simple"},"_links":{"self":[{"href":"https:\/\/www.mubtf.com\/de\/wp-json\/wp\/v2\/product\/4454","targetHints":{"allow":["GET"]}}],"collection":[{"href":"https:\/\/www.mubtf.com\/de\/wp-json\/wp\/v2\/product"}],"about":[{"href":"https:\/\/www.mubtf.com\/de\/wp-json\/wp\/v2\/types\/product"}],"replies":[{"embeddable":true,"href":"https:\/\/www.mubtf.com\/de\/wp-json\/wp\/v2\/comments?post=4454"}],"wp:featuredmedia":[{"embeddable":true,"href":"https:\/\/www.mubtf.com\/de\/wp-json\/wp\/v2\/media\/4457"}],"wp:attachment":[{"href":"https:\/\/www.mubtf.com\/de\/wp-json\/wp\/v2\/media?parent=4454"}],"wp:term":[{"taxonomy":"product_brand","embeddable":true,"href":"https:\/\/www.mubtf.com\/de\/wp-json\/wp\/v2\/product_brand?post=4454"},{"taxonomy":"product_cat","embeddable":true,"href":"https:\/\/www.mubtf.com\/de\/wp-json\/wp\/v2\/product_cat?post=4454"},{"taxonomy":"product_tag","embeddable":true,"href":"https:\/\/www.mubtf.com\/de\/wp-json\/wp\/v2\/product_tag?post=4454"}],"curies":[{"name":"wp","href":"https:\/\/api.w.org\/{rel}","templated":true}]}}