{"id":4466,"date":"2025-04-25T17:12:10","date_gmt":"2025-04-25T09:12:10","guid":{"rendered":"https:\/\/www.mubtf.com\/?post_type=product&#038;p=4466"},"modified":"2025-05-28T14:44:26","modified_gmt":"2025-05-28T06:44:26","slug":"mub-hot-sale-empty-3ml-6ml-10ml-12ml-clear-attar-glass-bottle-for-essential-oil-with-aluminum-cap","status":"publish","type":"product","link":"https:\/\/www.mubtf.com\/de\/product\/mub-hot-sale-empty-3ml-6ml-10ml-12ml-clear-attar-glass-bottle-for-essential-oil-with-aluminum-cap\/","title":{"rendered":"MUB hei\u00dfer Verkauf leere 3ml 6ml 10ml 12ml klare Attar Glasflasche f\u00fcr \u00e4therisches \u00d6l mit Aluminiumkappe"},"content":{"rendered":"<p>Artikel: 3ml 6ml 10ml 12ml Parf\u00fcmglasflasche<\/p>\n<p>Material: Glasflasche Kunststoffdeckel Glas Stick \/ Metallwalze<\/p>\n<p>Farbe: schwarz, rosa<\/p>\n<p>MOQ: 1000pcs<\/p>","protected":false},"excerpt":{"rendered":"<div class=\"detail-attr-item\">\n<div class=\"detail-attr-item\">\n<div>Kapazit\u00e4t: 3ml 6ml 10ml 12ml. Kann Parf\u00fcm f\u00fcllen<\/div>\n<div class=\"detail-attr-label\">Marke: MUB<\/div>\n<\/div>\n<div class=\"detail-attr-item\">\n<div class=\"detail-attr-label\">Herkunft des Produktes: Yiwu, China<\/div>\n<\/div>\n<div class=\"detail-attr-item\">\n<div class=\"detail-attr-label\">Lieferzeit: (1) Auf Lager: Innerhalb von 5 ~ 10 Tagen nach Erhalt der Zahlung.  (2) Aus Lager: 25 ~ 40 Tage nach Erhalt der Zahlung.<\/div>\n<\/div>\n<\/div>","protected":false},"featured_media":4472,"comment_status":"open","ping_status":"closed","template":"","meta":{"_joinchat":[]},"product_brand":[],"product_cat":[194],"product_tag":[71],"class_list":{"0":"post-4466","1":"product","2":"type-product","3":"status-publish","4":"has-post-thumbnail","6":"product_cat-glass-roll-on-bottle","7":"product_tag-essential-oil-bottle","9":"first","10":"instock","11":"shipping-taxable","12":"product-type-simple"},"_links":{"self":[{"href":"https:\/\/www.mubtf.com\/de\/wp-json\/wp\/v2\/product\/4466","targetHints":{"allow":["GET"]}}],"collection":[{"href":"https:\/\/www.mubtf.com\/de\/wp-json\/wp\/v2\/product"}],"about":[{"href":"https:\/\/www.mubtf.com\/de\/wp-json\/wp\/v2\/types\/product"}],"replies":[{"embeddable":true,"href":"https:\/\/www.mubtf.com\/de\/wp-json\/wp\/v2\/comments?post=4466"}],"wp:featuredmedia":[{"embeddable":true,"href":"https:\/\/www.mubtf.com\/de\/wp-json\/wp\/v2\/media\/4472"}],"wp:attachment":[{"href":"https:\/\/www.mubtf.com\/de\/wp-json\/wp\/v2\/media?parent=4466"}],"wp:term":[{"taxonomy":"product_brand","embeddable":true,"href":"https:\/\/www.mubtf.com\/de\/wp-json\/wp\/v2\/product_brand?post=4466"},{"taxonomy":"product_cat","embeddable":true,"href":"https:\/\/www.mubtf.com\/de\/wp-json\/wp\/v2\/product_cat?post=4466"},{"taxonomy":"product_tag","embeddable":true,"href":"https:\/\/www.mubtf.com\/de\/wp-json\/wp\/v2\/product_tag?post=4466"}],"curies":[{"name":"WP","href":"https:\/\/api.w.org\/{rel}","templated":true}]}}