{"id":4599,"date":"2025-04-30T13:59:54","date_gmt":"2025-04-30T05:59:54","guid":{"rendered":"https:\/\/www.mubtf.com\/?post_type=product&#038;p=4599"},"modified":"2025-05-28T14:41:51","modified_gmt":"2025-05-28T06:41:51","slug":"mub-3ml-amber-essential-oil-bottle-with-gold-center-ring-rubber-dropper-refillable-custom-logo","status":"publish","type":"product","link":"https:\/\/www.mubtf.com\/de\/product\/mub-3ml-amber-essential-oil-bottle-with-gold-center-ring-rubber-dropper-refillable-custom-logo\/","title":{"rendered":"MUB 3ml Amber \u00e4therisches \u00d6l Flasche mit Gold Center Ring Gummitropfer nachf\u00fcllbares benutzerdefiniertes Logo"},"content":{"rendered":"<p>Artikel: 3ml \u00e4therisches \u00d6l Flasche<\/p>\n<p>Material: Glasflasche Aluminium\/Kunststoff Dropper Deckel<\/p>\n<p>Gr\u00f6\u00dfe: 16 * 50mm<\/p>\n<p>Farbe: Braun<\/p>\n<p>MOQ: 1000pcs<\/p>","protected":false},"excerpt":{"rendered":"<div class=\"detail-attr-item\">\n<div class=\"detail-attr-item\">\n<div>Kapazit\u00e4t: 3ml. Kann Parf\u00fcm\/\u00e4therisches \u00d6l f\u00fcllen<\/div>\n<div class=\"detail-attr-label\">Marke: MUB<\/div>\n<\/div>\n<div class=\"detail-attr-item\">\n<div class=\"detail-attr-label\">Herkunft des Produktes: Yiwu, China<\/div>\n<\/div>\n<div class=\"detail-attr-item\">\n<div class=\"detail-attr-label\">Lieferzeit: (1) Auf Lager: Innerhalb von 5 ~ 10 Tagen nach Erhalt der Zahlung.  (2) Aus Lager: 25 ~ 40 Tage nach Erhalt der Zahlung.<\/div>\n<\/div>\n<\/div>","protected":false},"featured_media":4601,"comment_status":"open","ping_status":"closed","template":"","meta":{"_joinchat":[]},"product_brand":[],"product_cat":[195],"product_tag":[71],"class_list":{"0":"post-4599","1":"product","2":"type-product","3":"status-publish","4":"has-post-thumbnail","6":"product_cat-rubber-dropper-bottle","7":"product_tag-essential-oil-bottle","9":"first","10":"instock","11":"shipping-taxable","12":"product-type-simple"},"_links":{"self":[{"href":"https:\/\/www.mubtf.com\/de\/wp-json\/wp\/v2\/product\/4599","targetHints":{"allow":["GET"]}}],"collection":[{"href":"https:\/\/www.mubtf.com\/de\/wp-json\/wp\/v2\/product"}],"about":[{"href":"https:\/\/www.mubtf.com\/de\/wp-json\/wp\/v2\/types\/product"}],"replies":[{"embeddable":true,"href":"https:\/\/www.mubtf.com\/de\/wp-json\/wp\/v2\/comments?post=4599"}],"wp:featuredmedia":[{"embeddable":true,"href":"https:\/\/www.mubtf.com\/de\/wp-json\/wp\/v2\/media\/4601"}],"wp:attachment":[{"href":"https:\/\/www.mubtf.com\/de\/wp-json\/wp\/v2\/media?parent=4599"}],"wp:term":[{"taxonomy":"product_brand","embeddable":true,"href":"https:\/\/www.mubtf.com\/de\/wp-json\/wp\/v2\/product_brand?post=4599"},{"taxonomy":"product_cat","embeddable":true,"href":"https:\/\/www.mubtf.com\/de\/wp-json\/wp\/v2\/product_cat?post=4599"},{"taxonomy":"product_tag","embeddable":true,"href":"https:\/\/www.mubtf.com\/de\/wp-json\/wp\/v2\/product_tag?post=4599"}],"curies":[{"name":"wp","href":"https:\/\/api.w.org\/{rel}","templated":true}]}}