{"id":4614,"date":"2025-04-30T14:17:24","date_gmt":"2025-04-30T06:17:24","guid":{"rendered":"https:\/\/www.mubtf.com\/?post_type=product&#038;p=4614"},"modified":"2025-05-28T14:41:20","modified_gmt":"2025-05-28T06:41:20","slug":"mub-5ml-essential-oil-bottle-with-precision-rubber-dropper-black-screw-cap-refillable-bulk-custom-logo","status":"publish","type":"product","link":"https:\/\/www.mubtf.com\/de\/product\/mub-5ml-essential-oil-bottle-with-precision-rubber-dropper-black-screw-cap-refillable-bulk-custom-logo\/","title":{"rendered":"MUB 5ml \u00e4therisches \u00d6l Flasche mit Pr\u00e4zision Gummitropfer schwarze Schraubkappe nachf\u00fcllbare Masse benutzerdefiniertes Logo"},"content":{"rendered":"<p>Artikel: 5ml \u00e4therisches \u00d6l Flasche<\/p>\n<p>Material: Glasflasche Kunststoff Dropper Deckel<\/p>\n<p>Gr\u00f6\u00dfe: 19 * 52mm<\/p>\n<p>Farbe: Klar<\/p>\n<p>MOQ: 1000pcs<\/p>","protected":false},"excerpt":{"rendered":"<div class=\"detail-attr-item\">\n<div class=\"detail-attr-item\">\n<div>Kapazit\u00e4t: 5ml. Kann Parf\u00fcm\/\u00e4therisches \u00d6l f\u00fcllen<\/div>\n<div class=\"detail-attr-label\">Marke: MUB<\/div>\n<\/div>\n<div class=\"detail-attr-item\">\n<div class=\"detail-attr-label\">Herkunft des Produktes: Yiwu, China<\/div>\n<\/div>\n<div class=\"detail-attr-item\">\n<div class=\"detail-attr-label\">Lieferzeit: (1) Auf Lager: Innerhalb von 5 ~ 10 Tagen nach Erhalt der Zahlung.  (2) Aus Lager: 25 ~ 40 Tage nach Erhalt der Zahlung.<\/div>\n<\/div>\n<\/div>","protected":false},"featured_media":4616,"comment_status":"open","ping_status":"closed","template":"","meta":{"_joinchat":[]},"product_brand":[],"product_cat":[195],"product_tag":[71],"class_list":{"0":"post-4614","1":"product","2":"type-product","3":"status-publish","4":"has-post-thumbnail","6":"product_cat-rubber-dropper-bottle","7":"product_tag-essential-oil-bottle","9":"first","10":"instock","11":"shipping-taxable","12":"product-type-simple"},"_links":{"self":[{"href":"https:\/\/www.mubtf.com\/de\/wp-json\/wp\/v2\/product\/4614","targetHints":{"allow":["GET"]}}],"collection":[{"href":"https:\/\/www.mubtf.com\/de\/wp-json\/wp\/v2\/product"}],"about":[{"href":"https:\/\/www.mubtf.com\/de\/wp-json\/wp\/v2\/types\/product"}],"replies":[{"embeddable":true,"href":"https:\/\/www.mubtf.com\/de\/wp-json\/wp\/v2\/comments?post=4614"}],"wp:featuredmedia":[{"embeddable":true,"href":"https:\/\/www.mubtf.com\/de\/wp-json\/wp\/v2\/media\/4616"}],"wp:attachment":[{"href":"https:\/\/www.mubtf.com\/de\/wp-json\/wp\/v2\/media?parent=4614"}],"wp:term":[{"taxonomy":"product_brand","embeddable":true,"href":"https:\/\/www.mubtf.com\/de\/wp-json\/wp\/v2\/product_brand?post=4614"},{"taxonomy":"product_cat","embeddable":true,"href":"https:\/\/www.mubtf.com\/de\/wp-json\/wp\/v2\/product_cat?post=4614"},{"taxonomy":"product_tag","embeddable":true,"href":"https:\/\/www.mubtf.com\/de\/wp-json\/wp\/v2\/product_tag?post=4614"}],"curies":[{"name":"WP","href":"https:\/\/api.w.org\/{rel}","templated":true}]}}