{"id":4802,"date":"2025-05-05T17:11:27","date_gmt":"2025-05-05T09:11:27","guid":{"rendered":"https:\/\/www.mubtf.com\/?post_type=product&#038;p=4802"},"modified":"2025-05-28T12:00:08","modified_gmt":"2025-05-28T04:00:08","slug":"mub-3ml-rectangular-travel-size-essential-oil-bottle","status":"publish","type":"product","link":"https:\/\/www.mubtf.com\/de\/product\/mub-3ml-rectangular-travel-size-essential-oil-bottle\/","title":{"rendered":"MUB 3ml rechteckige \u00e4therisches \u00d6l Rollenflasche schlanke eloxierte Aluminium Rollerball leckdichte Reisegr\u00f6\u00dfe Sch\u00fcttgr\u00f6\u00dfe"},"content":{"rendered":"<p>Artikel:\u00e4therisches \u00d6l Flasche<\/p>\n<p>Material: Stahlkugel Glasflasche Aluminiumdeckel<\/p>\n<p>Kappefarbe: schwarz, gold, silber<\/p>\n<p>Gr\u00f6\u00dfe: 18 * 57mm<\/p>\n<p>MOQ: 1000pcs<\/p>","protected":false},"excerpt":{"rendered":"<div class=\"detail-attr-item\">\n<div class=\"detail-attr-item\">\n<div>Kapazit\u00e4t: 3ml. Kann Parf\u00fcm\/\u00e4therisches \u00d6l f\u00fcllen<\/div>\n<div class=\"detail-attr-label\">Marke: MUB<\/div>\n<\/div>\n<div class=\"detail-attr-item\">\n<div class=\"detail-attr-label\">Herkunft des Produktes: Yiwu, China<\/div>\n<\/div>\n<div class=\"detail-attr-item\">\n<div class=\"detail-attr-label\">Lieferzeit: (1) Auf Lager: Innerhalb von 5 ~ 10 Tagen nach Erhalt der Zahlung.  (2) Aus Lager: 25 ~ 40 Tage nach Erhalt der Zahlung.<\/div>\n<\/div>\n<\/div>","protected":false},"featured_media":4805,"comment_status":"open","ping_status":"closed","template":"","meta":{"_joinchat":[]},"product_brand":[],"product_cat":[194],"product_tag":[71],"class_list":{"0":"post-4802","1":"product","2":"type-product","3":"status-publish","4":"has-post-thumbnail","6":"product_cat-glass-roll-on-bottle","7":"product_tag-essential-oil-bottle","9":"first","10":"instock","11":"shipping-taxable","12":"product-type-simple"},"_links":{"self":[{"href":"https:\/\/www.mubtf.com\/de\/wp-json\/wp\/v2\/product\/4802","targetHints":{"allow":["GET"]}}],"collection":[{"href":"https:\/\/www.mubtf.com\/de\/wp-json\/wp\/v2\/product"}],"about":[{"href":"https:\/\/www.mubtf.com\/de\/wp-json\/wp\/v2\/types\/product"}],"replies":[{"embeddable":true,"href":"https:\/\/www.mubtf.com\/de\/wp-json\/wp\/v2\/comments?post=4802"}],"wp:featuredmedia":[{"embeddable":true,"href":"https:\/\/www.mubtf.com\/de\/wp-json\/wp\/v2\/media\/4805"}],"wp:attachment":[{"href":"https:\/\/www.mubtf.com\/de\/wp-json\/wp\/v2\/media?parent=4802"}],"wp:term":[{"taxonomy":"product_brand","embeddable":true,"href":"https:\/\/www.mubtf.com\/de\/wp-json\/wp\/v2\/product_brand?post=4802"},{"taxonomy":"product_cat","embeddable":true,"href":"https:\/\/www.mubtf.com\/de\/wp-json\/wp\/v2\/product_cat?post=4802"},{"taxonomy":"product_tag","embeddable":true,"href":"https:\/\/www.mubtf.com\/de\/wp-json\/wp\/v2\/product_tag?post=4802"}],"curies":[{"name":"WP","href":"https:\/\/api.w.org\/{rel}","templated":true}]}}