{"id":7612,"date":"2025-11-12T10:25:51","date_gmt":"2025-11-12T02:25:51","guid":{"rendered":"https:\/\/www.mubtf.com\/?post_type=product&#038;p=7612"},"modified":"2025-11-12T10:25:51","modified_gmt":"2025-11-12T02:25:51","slug":"mub-wholesale-stock-30ml-50ml-perfume-bottles-glass-refill-spray-bottles-crimp-empty-bottles","status":"publish","type":"product","link":"https:\/\/www.mubtf.com\/de\/product\/mub-wholesale-stock-30ml-50ml-perfume-bottles-glass-refill-spray-bottles-crimp-empty-bottles\/","title":{"rendered":"MUB Gro\u00dfhandel Lager 30ml 50ml Parf\u00fcmflaschen Glas Refill Spray Flaschen Crimp leere Flaschen"},"content":{"rendered":"<div data-zone-id=\"0\" data-line-index=\"0\" data-line=\"true\">\n<h5 class=\"heading-h2\">I. Produktdetails:<\/h5>\n<\/div>\n<div data-zone-id=\"0\" data-line-index=\"1\" data-line=\"true\">\n<h6 class=\"heading-h3\">Grundinformationen \ufffd<\/h6>\n<\/div>\n<ul>\n<li class=\"temp-li bullet1\" data-line=\"true\" data-list=\"bullet1\"><b>Produktname<\/b>:MUB Gro\u00dfhandel Lager 30ml 50ml Parf\u00fcmflaschen Glas Refill Spray Flaschen Crimp leere Flaschen<\/li>\n<\/ul>\n<ul>\n<li class=\"temp-li bullet1\" data-line=\"true\" data-list=\"bullet1\"><b>Produktkategorie<\/b>: Glas Parf\u00fcmflaschen \u3001Neue Designs&amp; Beliebte Artikel<\/li>\n<\/ul>\n<ul>\n<li class=\"temp-li bullet1\" data-line=\"true\" data-list=\"bullet1\"><b>Produkteinf\u00fchrung<\/b>:<\/li>\n<\/ul>\n<div data-zone-id=\"0\" data-line-index=\"5\" data-line=\"true\">Dieses Produkt besteht aus hochtransparentem Glasmaterial. Das dickbodene Design verbessert die Textur und Stabilit\u00e4t. Geeignet f\u00fcr 30ml 50ml Kapazit\u00e4tsanforderungen. Die Krimphalsstruktur gew\u00e4hrleistet Dichtleistung und der druckbest\u00e4ndige Spr\u00fchpumpenkopf zerst\u00e4ubt sich gleichm\u00e4\u00dfig, was sich f\u00fcr High-End-Parf\u00fcme, Probenunterverpackungen und andere Szenarien eignet. Es unterst\u00fctzt Siebdruck, Gold- und Silberstanzung und andere Anpassungen und kann Markenlogos drucken, um die Markenpers\u00f6nlichkeit hervorzuheben.<\/div>\n<div data-zone-id=\"0\" data-line-index=\"6\" data-line=\"true\">\n<h6 class=\"heading-h3\">Kernfunktionen \u2728<\/h6>\n<\/div>\n<ul>\n<li class=\"temp-li bullet1\" data-line=\"true\" data-list=\"bullet1\">Material: Hochreines Glas, geruchlos, resistent gegen chemische Korrosion<\/li>\n<\/ul>\n<ul>\n<li class=\"temp-li bullet1\" data-line=\"true\" data-list=\"bullet1\">Handwerk: Pr\u00e4zisionsformung, glatte Oberfl\u00e4che, kann mit Frosting, F\u00e4rbung und anderen Effekten angepasst werden<\/li>\n<\/ul>\n<ul>\n<li class=\"temp-li bullet1\" data-line=\"true\" data-list=\"bullet1\">Design: farbig<\/li>\n<\/ul>\n<ul>\n<li class=\"temp-li bullet1\" data-line=\"true\" data-list=\"bullet1\">Kompatibilit\u00e4t: Unterst\u00fctzt die \u00dcbereinstimmung mit verschiedenen Spezifikationen von D\u00fcsen und Flaschenkappen, um den unterschiedlichen Einsatzbedarf gerecht zu werden<\/li>\n<\/ul>\n<h5>Unterst\u00fctzung DIY Anpassungsservice<\/h5>\n<p><span style=\"font-size: 12pt;\"><em><strong>Nicht auf traditionelle Anpassung beschr\u00e4nkt, wir k\u00f6nnen Ihre Ideen in Wirklichkeit bringen!<\/strong><\/em><\/span><\/p>\n<p><img fetchpriority=\"high\" decoding=\"async\" class=\"alignnone size-full wp-image-6742\" src=\"https:\/\/www.mubtf.com\/wp-content\/uploads\/2025\/05\/costom.jpg\" alt=\"\" width=\"800\" height=\"1226\" srcset=\"https:\/\/www.mubtf.com\/wp-content\/uploads\/2025\/05\/costom.jpg 800w, https:\/\/www.mubtf.com\/wp-content\/uploads\/2025\/05\/costom-196x300.jpg 196w, https:\/\/www.mubtf.com\/wp-content\/uploads\/2025\/05\/costom-668x1024.jpg 668w, https:\/\/www.mubtf.com\/wp-content\/uploads\/2025\/05\/costom-768x1177.jpg 768w, https:\/\/www.mubtf.com\/wp-content\/uploads\/2025\/05\/costom-8x12.jpg 8w, https:\/\/www.mubtf.com\/wp-content\/uploads\/2025\/05\/costom-600x920.jpg 600w\" sizes=\"(max-width: 800px) 100vw, 800px\" \/><\/p>\n<p><img decoding=\"async\" class=\"alignnone wp-image-6743\" src=\"https:\/\/www.mubtf.com\/wp-content\/uploads\/2025\/05\/costom1-scaled.jpg\" alt=\"\" width=\"800\" height=\"2917\" srcset=\"https:\/\/www.mubtf.com\/wp-content\/uploads\/2025\/05\/costom1-scaled.jpg 702w, https:\/\/www.mubtf.com\/wp-content\/uploads\/2025\/05\/costom1-82x300.jpg 82w, https:\/\/www.mubtf.com\/wp-content\/uploads\/2025\/05\/costom1-281x1024.jpg 281w, https:\/\/www.mubtf.com\/wp-content\/uploads\/2025\/05\/costom1-421x1536.jpg 421w, https:\/\/www.mubtf.com\/wp-content\/uploads\/2025\/05\/costom1-562x2048.jpg 562w, https:\/\/www.mubtf.com\/wp-content\/uploads\/2025\/05\/costom1-3x12.jpg 3w, https:\/\/www.mubtf.com\/wp-content\/uploads\/2025\/05\/costom1-600x2187.jpg 600w\" sizes=\"(max-width: 800px) 100vw, 800px\" \/><\/p>\n<div data-zone-id=\"0\" data-line-index=\"0\" data-line=\"true\"><\/div>\n<div data-zone-id=\"0\" data-line-index=\"11\" data-line=\"true\">\n<h5 class=\"heading-h3\">H\u00e4ufig gestellte Fragen (FAQs) \u2753<\/h5>\n<\/div>\n<div data-zone-id=\"0\" data-line-index=\"12\" data-line=\"true\">\n<h6 class=\"heading-h4\">I. Produkt &amp; Spezifikationen \ufffd<\/h6>\n<\/div>\n<div data-zone-id=\"0\" data-line-index=\"13\" data-line=\"true\"><img decoding=\"async\" class=\"\" src=\"https:\/\/p9-flow-imagex-sign.byteimg.com\/ocean-cloud-tos\/pages_upload_image_17b6a958-ce4b-4e72-9121-3e51b54cfe63.jpeg~tplv-a9rns2rl98-image-qvalue.jpeg?rk3s=6823e3d0&amp;x-expires=1785661357&amp;x-signature=murgf%2BgE1hIzjEu4H6vd54YxVFY%3D\" width=\"835\" height=\"276\" \/><\/div>\n<div data-zone-id=\"0\" data-line-index=\"14\" data-line=\"true\">Q1: Ist das Glasmaterial mit internationalen Sicherheitsstandards konform?<\/div>\n<div data-zone-id=\"0\" data-line-index=\"15\" data-line=\"true\">A: Ja, wir verwenden hochklares Glas, das FDA und EU 10\/2011 Food-Contact-Materialstandards erf\u00fcllt. Hitzebest\u00e4ndig, korrosionsbest\u00e4ndig, bleifrei und ungiftig.   \u2705<\/div>\n<div data-zone-id=\"0\" data-line-index=\"16\" data-line=\"true\"><img loading=\"lazy\" decoding=\"async\" class=\"\" src=\"https:\/\/p3-flow-imagex-sign.byteimg.com\/ocean-cloud-tos\/pages_upload_image_f171c88f-d28d-4ee3-b1c7-e8dfd45c1efc.jpeg~tplv-a9rns2rl98-image-qvalue.jpeg?rk3s=6823e3d0&amp;x-expires=1785661711&amp;x-signature=dihSa9UuGwufknt4WEArhj8PxPs%3D\" width=\"814\" height=\"444\" \/><\/div>\n<div data-zone-id=\"0\" data-line-index=\"17\" data-line=\"true\">Q2: K\u00f6nnen Kapazit\u00e4t und Abmessungen angepasst werden?<\/div>\n<div data-zone-id=\"0\" data-line-index=\"18\" data-line=\"true\">A: Absolut! Standardkapazit\u00e4ten: 5ml\/10ml\/30ml\/50ml (\u00b13% Toleranz). Anpassbare Abmessungen, Halstypen (Spritzer\/Tropfer) und 3D-Design-Proofing.   \ufffd<\/div>\n<div data-zone-id=\"0\" data-line-index=\"19\" data-line=\"true\">Q3: Was ist die Mindestbestellmenge (MOQ)?<\/div>\n<div data-zone-id=\"0\" data-line-index=\"20\" data-line=\"true\">A: MOQ: 500 St\u00fcck f\u00fcr Standarddesigns; F\u00fcr kundenspezifische Designs kontaktieren Sie uns bitte. \ufffd<\/div>\n<div data-zone-id=\"0\" data-line-index=\"21\" data-line=\"true\">\n<h6 class=\"heading-h4\">II. Anpassungsdienstleistungen \ufffd<\/h6>\n<\/div>\n<div data-zone-id=\"0\" data-line-index=\"22\" data-line=\"true\"><img loading=\"lazy\" decoding=\"async\" class=\"\" src=\"https:\/\/p3-flow-imagex-sign.byteimg.com\/ocean-cloud-tos\/pages_upload_image_4434c3f7-42aa-4d05-a7b9-1a618695bc99.jpeg~tplv-a9rns2rl98-image-qvalue.jpeg?rk3s=6823e3d0&amp;x-expires=1785662297&amp;x-signature=%2F%2Bp%2FfduQAhb7RjBGiyMCB9D9m0k%3D\" width=\"812\" height=\"443\" \/><\/div>\n<div data-zone-id=\"0\" data-line-index=\"23\" data-line=\"true\">Q4: Bieten Sie Logodruck \/ Gravur an? Wird die Farbe verschwinden?<\/div>\n<div data-zone-id=\"0\" data-line-index=\"24\" data-line=\"true\">A: Ja! Wir bieten Siebdruck, Hei\u00dfstempel und Lasergravur. Farbabweichung \u22645%, bestanden Alkoholreibtests (100 T\u00fccher ohne verblassen). Kostenlose Probe verf\u00fcgbar (1-3 Werktage).   \ufffd<\/div>\n<div data-zone-id=\"0\" data-line-index=\"25\" data-line=\"true\"><img loading=\"lazy\" decoding=\"async\" class=\"\" src=\"https:\/\/p9-flow-imagex-sign.byteimg.com\/ocean-cloud-tos\/pages_upload_image_b0e79e79-aa55-4083-92f9-38f383073f8f.jpeg~tplv-a9rns2rl98-image-qvalue.jpeg?rk3s=6823e3d0&amp;x-expires=1785662910&amp;x-signature=8EQkHRbBosqXPpWkFCe9pJFpLRk%3D\" width=\"811\" height=\"442\" \/><\/div>\n<div data-zone-id=\"0\" data-line-index=\"26\" data-line=\"true\">Q5: Was ist die Lieferzeit f\u00fcr kundenspezifische Bestellungen?<\/div>\n<div data-zone-id=\"0\" data-line-index=\"27\" data-line=\"true\">A: Standardartikel: 7-10 Tage. Kundenauftr\u00e4ge: 15-20 Tage (beinhaltet 3 Best\u00e4tigungen: Design-Beweis \u2192  Probe \u2192  Massenfotos).   \u23f1\ufe0f<\/div>\n<div data-zone-id=\"0\" data-line-index=\"28\" data-line=\"true\">\n<h6 class=\"heading-h4\">III. Qualit\u00e4t &amp; Inspektion \ufffd<\/h6>\n<\/div>\n<div data-zone-id=\"0\" data-line-index=\"29\" data-line=\"true\"><img loading=\"lazy\" decoding=\"async\" class=\"\" src=\"https:\/\/p3-flow-imagex-sign.byteimg.com\/ocean-cloud-tos\/pages_upload_image_7f69cb5e-733f-44df-8234-8ccf7b48a8cb.jpeg~tplv-a9rns2rl98-image-qvalue.jpeg?rk3s=6823e3d0&amp;x-expires=1785663179&amp;x-signature=fSJMZ%2F6B2Hugn3cR%2F60Qtx%2BKhO4%3D\" width=\"805\" height=\"439\" \/><\/div>\n<div data-zone-id=\"0\" data-line-index=\"30\" data-line=\"true\">Q6: Wie stellen Sie Konsistenz in Massenbestellungen sicher?<\/div>\n<div data-zone-id=\"0\" data-line-index=\"31\" data-line=\"true\">A: Dreistufige Qualit\u00e4tskontrolle:<\/div>\n<ol start=\"1\">\n<li class=\"temp-li number1\" data-line=\"true\" data-list=\"number1\" data-ol-id=\"sImVRFAb\" data-start=\"1\">Rohstoffpr\u00fcfung (Transparenz, Dicke).<\/li>\n<\/ol>\n<ol start=\"2\">\n<li class=\"temp-li number1\" data-line=\"true\" data-list=\"number1\" data-ol-id=\"lVLQhfcy\" data-start=\"2\">100% leckdichte Pr\u00fcfung w\u00e4hrend der Produktion.<\/li>\n<\/ol>\n<ol start=\"3\">\n<li class=\"temp-li number1\" data-line=\"true\" data-list=\"number1\" data-ol-id=\"CH5LIEun\" data-start=\"3\">Pr\u00fcfung vor dem Versand AQL 2.5 Probenahme.   \u2705<\/li>\n<\/ol>\n<div data-zone-id=\"0\" data-line-index=\"35\" data-line=\"true\"><img loading=\"lazy\" decoding=\"async\" class=\"\" src=\"https:\/\/p9-flow-imagex-sign.byteimg.com\/ocean-cloud-tos\/pages_upload_image_baba9f6c-7607-4f1f-b926-aab941992146.jpeg~tplv-a9rns2rl98-image-qvalue.jpeg?rk3s=6823e3d0&amp;x-expires=1785663462&amp;x-signature=xFdhP%2B4ABW5gABgG%2FEBYjPtVtmU%3D\" width=\"801\" height=\"437\" \/><\/div>\n<div data-zone-id=\"0\" data-line-index=\"36\" data-line=\"true\">Q7: Was ist, wenn ich besch\u00e4digte \/ defekte Artikel erhalten?<\/div>\n<div data-zone-id=\"0\" data-line-index=\"37\" data-line=\"true\">A: Bericht mit Fotos \/ Video innerhalb von 48 Stunden nach Lieferung. Wir ersetzen besch\u00e4digte Einheiten und f\u00fcgen 5% freie Ersatzteile hinzu (keine R\u00fccksendung erforderlich f\u00fcr M\u00e4ngelraten &lt;1%).   \ufffd\ufe0f<\/div>\n<div data-zone-id=\"0\" data-line-index=\"38\" data-line=\"true\">\n<h6 class=\"heading-h4\">IV. Logistik und Lieferung \ufffd\u2708\ufe0f<\/h6>\n<\/div>\n<div data-zone-id=\"0\" data-line-index=\"39\" data-line=\"true\"><img loading=\"lazy\" decoding=\"async\" class=\"\" src=\"https:\/\/p9-flow-imagex-sign.byteimg.com\/ocean-cloud-tos\/pages_upload_image_23df0a13-f613-45c1-a8c5-80f519eb7453.jpeg~tplv-a9rns2rl98-image-qvalue.jpeg?rk3s=6823e3d0&amp;x-expires=1785663791&amp;x-signature=RbSZ%2FDliPOltu8EqmZZLh7GKUTM%3D\" width=\"808\" height=\"441\" \/><\/div>\n<div data-zone-id=\"0\" data-line-index=\"40\" data-line=\"true\">Q8: Welche Handelsbedingungen und Versandmethoden unterst\u00fctzen Sie?<\/div>\n<div data-zone-id=\"0\" data-line-index=\"41\" data-line=\"true\">A: Bedingungen: EXW \/ FOB \/ CIF \/ DDP (Zollabfertigung Unterst\u00fctzung enthalten).<\/div>\n<div data-zone-id=\"0\" data-line-index=\"42\" data-line=\"true\">Versand: Meer \/ Luft \/ Express (DHL \/ FedEx von T\u00fcr zu T\u00fcr), mit Echtzeit-Verfolgung.   \ufffd<\/div>\n<div data-zone-id=\"0\" data-line-index=\"43\" data-line=\"true\">Q9: K\u00f6nnen Sie Export-Compliance-Dokumente zur Verf\u00fcgung stellen?<\/div>\n<div data-zone-id=\"0\" data-line-index=\"44\" data-line=\"true\">A: Ja, einschlie\u00dflich:<\/div>\n<div data-zone-id=\"0\" data-line-index=\"45\" data-line=\"true\">Handelsrechnung &amp; Verpackungsliste<\/div>\n<div data-zone-id=\"0\" data-line-index=\"46\" data-line=\"true\">Ursprungszertifikat (CO) \/ QC-Bericht<\/div>\n<div data-zone-id=\"0\" data-line-index=\"47\" data-line=\"true\">Materialsicherheitsdatenblatt (MSDS) \ufffd<\/div>\n<div data-zone-id=\"0\" data-line-index=\"48\" data-line=\"true\">\n<h6 class=\"heading-h4\">V. Zusammenarbeit und Kundendienst \ufffd<\/h6>\n<\/div>\n<div data-zone-id=\"0\" data-line-index=\"49\" data-line=\"true\">Q10: Gibt es Vorteile f\u00fcr langfristige Partnerschaften?<\/div>\n<div data-zone-id=\"0\" data-line-index=\"50\" data-line=\"true\">A: F\u00fcr j\u00e4hrliche Bestellungen &gt; 100.000 St\u00fcck:<\/div>\n<div data-zone-id=\"0\" data-line-index=\"51\" data-line=\"true\">Dedicated Account Manager Echtzeit Produktionsupdates.<\/div>\n<div data-zone-id=\"0\" data-line-index=\"52\" data-line=\"true\">2% j\u00e4hrlicher Rabatt f\u00fcr M\u00e4ngelraten &lt; 0.5%.<\/div>\n<div data-zone-id=\"0\" data-line-index=\"53\" data-line=\"true\">30 Tage kostenlose Lagerung (Chargeabhebung erlaubt).   \ufffd<\/div>\n<div data-zone-id=\"0\" data-line-index=\"55\" data-line=\"true\">Q11: Unterst\u00fctzen Sie Fabrikaudits?<\/div>\n<div data-zone-id=\"0\" data-line-index=\"56\" data-line=\"true\">A: Ja! Wir bieten:<\/div>\n<div data-zone-id=\"0\" data-line-index=\"57\" data-line=\"true\">ISO 9001 Zertifizierung.<\/div>\n<div data-zone-id=\"0\" data-line-index=\"58\" data-line=\"true\">Audit vor Ort (Buchung 3 Werktage im Voraus).   \ufffd<\/div>\n<div data-zone-id=\"0\" data-line-index=\"59\" data-line=\"true\">\n<h5 class=\"heading-h2\">II. \u00dcber MUB: Ein f\u00fchrender Hersteller, der sich seit 15 Jahren auf Parf\u00fcmverpackungen konzentriert \ufffd<\/h5>\n<\/div>\n<div data-zone-id=\"0\" data-line-index=\"60\" data-line=\"true\">\n<h6 class=\"heading-h3\">Unternehmensgeschichte und Hintergrund \ufffd<\/h6>\n<p><iframe title=\"MUB - Yiwu Yuiin lmport &amp; Export Co., Ltd.\" width=\"800\" height=\"450\" src=\"https:\/\/www.youtube.com\/embed\/c7T4i_I1Svc?feature=oembed\" frameborder=\"0\" allow=\"accelerometer; autoplay; clipboard-write; encrypted-media; gyroscope; picture-in-picture; web-share\" referrerpolicy=\"strict-origin-when-cross-origin\" allowfullscreen><\/iframe><\/p>\n<\/div>\n<div data-zone-id=\"0\" data-line-index=\"61\" data-line=\"true\">Yiwu Yujin Import &amp; Die Export Co., Ltd. (Markenname MUB) wurde 2011 gegr\u00fcndet und engagiert sich seit mehr als 15 Jahren in der Parf\u00fcmverpackungsindustrie. Es ist ein professioneller Parf\u00fcmflaschenhersteller, der R&amp; D, Produktion und Anpassung. Das Unternehmen verf\u00fcgt \u00fcber ein Team von 30-50 erfahrenen Mitarbeitern und ein gro\u00dfes Lager von \u00fcber 5.000 Quadratmetern, das eine effiziente Produktions- und Lagerkapazit\u00e4t gew\u00e4hrleistet, um eine stabile Lieferkettenunterst\u00fctzung f\u00fcr globale Kunden zu bieten.<\/div>\n<div data-zone-id=\"0\" data-line-index=\"62\" data-line=\"true\"><img loading=\"lazy\" decoding=\"async\" class=\"\" src=\"https:\/\/p9-flow-imagex-sign.byteimg.com\/ocean-cloud-tos\/pages_upload_image_a54347f9-4446-48f1-95c3-66813dfd5da8.png~tplv-a9rns2rl98-image-qvalue.png?rk3s=6823e3d0&amp;x-expires=1785664404&amp;x-signature=FUbZJ3TipAkWOha1Wi5mZ77HjWY%3D\" width=\"807\" height=\"617\" \/><\/div>\n<div data-zone-id=\"0\" data-line-index=\"63\" data-line=\"true\">\n<h6 class=\"heading-h3\">Hauptgesch\u00e4ftsbereich \ufffd<\/h6>\n<\/div>\n<div data-zone-id=\"0\" data-line-index=\"64\" data-line=\"true\">Wir sind auf die Herstellung und Anpassung verschiedener Parf\u00fcm- und Kosmetikverpackungen spezialisiert. Zu unseren Kernprodukten geh\u00f6ren:<\/div>\n<ul>\n<li class=\"temp-li bullet1\" data-line=\"true\" data-list=\"bullet1\">Parf\u00fcmglasflaschen (einschlie\u00dflich Spr\u00fchflaschen, Pressflaschen, Nachf\u00fcllflaschen usw.)<\/li>\n<\/ul>\n<ul>\n<li class=\"temp-li bullet1\" data-line=\"true\" data-list=\"bullet1\">\u00c4therische \u00d6l Flaschen, Aluminium Parf\u00fcm Zerst\u00e4uber, Aromatherapie Diffusion Flaschen<\/li>\n<\/ul>\n<ul>\n<li class=\"temp-li bullet1\" data-line=\"true\" data-list=\"bullet1\">Ein komplettes Sortiment an Kosmetikverpackungen wie Autoparf\u00fcmflaschen, Roll-On-Flaschen, Plastikflaschen und Cremeflaschen<\/li>\n<\/ul>\n<div data-zone-id=\"0\" data-line-index=\"68\" data-line=\"true\">Wir bieten auch personalisierte Anpassungsdienstleistungen wie Siebdruck, Gold- und Silberstanzung, Frosting, F\u00e4rbung und Polieren.<\/div>\n<div data-zone-id=\"0\" data-line-index=\"69\" data-line=\"true\">\n<h6 class=\"heading-h3\">Qualit\u00e4tssicherungsma\u00dfnahmen \u2705<\/h6>\n<\/div>\n<div data-zone-id=\"0\" data-line-index=\"70\" data-line=\"true\">Die Mission von &#8220;<b>Qualit\u00e4t ist unsere Kultur<\/b>&#8220; MUB hat ein komplettes Qualit\u00e4tskontrollsystem eingerichtet:<\/div>\n<ul>\n<li class=\"temp-li bullet1\" data-line=\"true\" data-list=\"bullet1\">Rohstoffe werden streng gepr\u00fcft, wobei sichere Materialien wie hochreines Glas und Lebensmittelkunststoff Priorit\u00e4t erhalten<\/li>\n<\/ul>\n<ul>\n<li class=\"temp-li bullet1\" data-line=\"true\" data-list=\"bullet1\">Im Produktionsprozess werden mehrere Qualit\u00e4tskontrollverfahren eingerichtet, die den gesamten Prozess von der Formung, Verarbeitung bis zur Verpackung \u00fcberwachen<\/li>\n<\/ul>\n<ul>\n<li class=\"temp-li bullet1\" data-line=\"true\" data-list=\"bullet1\">Anpassungsprozesse werden wiederholt getestet, um sicherzustellen, dass Druck, Hei\u00dfstempel und andere Prozesse verschlei\u00dfbest\u00e4ndig sind und nicht verblassen<\/li>\n<\/ul>\n<div data-zone-id=\"0\" data-line-index=\"74\" data-line=\"true\">\n<h6 class=\"heading-h3\">Produktzertifizierung und Compliance \ufffd<\/h6>\n<\/div>\n<div data-zone-id=\"0\" data-line-index=\"75\" data-line=\"true\">Alle Produkte erf\u00fcllen internationale Sicherheitsnormen f\u00fcr kosmetische Verpackungen, bestehen Rohstoff-Umweltschutzpr\u00fcfungen und sind mit den Compliance-Anforderungen der g\u00e4ngigen globalen M\u00e4rkte (wie EU REACH, US FDA relevante Standards) kompatibel und bieten Kunden sichere und zuverl\u00e4ssige Verpackungsl\u00f6sungen.<\/div>\n<div data-zone-id=\"0\" data-line-index=\"76\" data-line=\"true\"><img loading=\"lazy\" decoding=\"async\" class=\"\" src=\"https:\/\/p9-flow-imagex-sign.byteimg.com\/ocean-cloud-tos\/pages_upload_image_a1d2ed0c-e6dd-4392-9927-a726beaa53ff.jpeg~tplv-a9rns2rl98-image-qvalue.jpeg?rk3s=6823e3d0&amp;x-expires=1785664827&amp;x-signature=K5xFwN8gaIE%2Fn0wZ8qGSLdojLvI%3D\" width=\"807\" height=\"440\" \/><\/div>\n<div data-zone-id=\"0\" data-line-index=\"77\" data-line=\"true\">\n<h6 class=\"heading-h3\">Vertriebsnetz und Vertrieb \ufffd<\/h6>\n<\/div>\n<div data-zone-id=\"0\" data-line-index=\"78\" data-line=\"true\">Unsere Produkte werden in viele L\u00e4nder und Regionen auf der ganzen Welt exportiert und bedienen Kunden wie Kosmetikmarkeneinhaber, Parf\u00fcmvertreiber, E-Commerce-Verk\u00e4ufer usw. Mit hoher Kostenleistung und flexiblen Anpassungsdienstleistungen haben wir einen guten Ruf in den inl\u00e4ndischen und ausl\u00e4ndischen M\u00e4rkten angesammelt.<\/div>\n<div data-zone-id=\"0\" data-line-index=\"79\" data-line=\"true\">\n<h5 class=\"heading-h2\">III. Kundenservice: Sorgerfreie Einkaufserfahrung \ufffd\ufe0f<\/h5>\n<\/div>\n<div data-zone-id=\"0\" data-line-index=\"80\" data-line=\"true\">\n<h6 class=\"heading-h3\">Verkaufspolitik und Bestellprozess \ufffd<\/h6>\n<\/div>\n<ol start=\"1\">\n<li class=\"temp-li number1\" data-line=\"true\" data-list=\"number1\" data-ol-id=\"YQi0roAO\" data-start=\"1\"><b>Bestellprozess<\/b>:<\/li>\n<\/ol>\n<div data-zone-id=\"0\" data-line-index=\"82\" data-line=\"true\">\u2460  Beraten Sie den Kundenservice: Informieren Sie Ihre Bed\u00fcrfnisse (Produktmodell, Spezifikationen, Anpassungsanforderungen usw.)<\/div>\n<div data-zone-id=\"0\" data-line-index=\"83\" data-line=\"true\">\u2461  Schema Best\u00e4tigung: Kundenservice bietet Angebot, Proben (falls erforderlich) und Anpassungsschema<\/div>\n<div data-zone-id=\"0\" data-line-index=\"84\" data-line=\"true\">\u2462  Bestellung und Zahlung: Zahlen Sie 30% Anzahlung nach Best\u00e4tigung der Regelung<\/div>\n<div data-zone-id=\"0\" data-line-index=\"85\" data-line=\"true\">\u2463  Produktions\u00fcberwachung: Kunden k\u00f6nnen den Produktionsforderung in Echtzeit kennen<\/div>\n<div data-zone-id=\"0\" data-line-index=\"86\" data-line=\"true\">\u2464  Lieferung und Abwicklung: Zahlen Sie den Restbetrag nach Fertigstellung und arrangieren Sie die Lieferung<\/div>\n<ol start=\"2\">\n<li class=\"temp-li number1\" data-line=\"true\" data-list=\"number1\" data-ol-id=\"g2bOHqJW\" data-start=\"2\"><b>Bulk-Rabatt<\/b>Gro\u00dfe Bestellungen k\u00f6nnen Schritt f\u00fcr Schritt Preisrabatte genie\u00dfen. F\u00fcr Details wenden Sie sich bitte zum Kundenservice f\u00fcr Verhandlungen.   \ufffd<\/li>\n<\/ol>\n<div data-zone-id=\"0\" data-line-index=\"88\" data-line=\"true\">\n<h6 class=\"heading-h3\">Zahlungs-, Transport- und Logistikinformationen \ufffd\ufffd<\/h6>\n<\/div>\n<ul>\n<li class=\"temp-li bullet1\" data-line=\"true\" data-list=\"bullet1\"><b>Zahlungsmethoden<\/b>: Unterst\u00fctzung TT, Western Union, Alibaba gesicherte Transaktion, PayPal (nur f\u00fcr kleine Bestellungen)<\/li>\n<\/ul>\n<ul>\n<li class=\"temp-li bullet1\" data-line=\"true\" data-list=\"bullet1\"><b>Zahlungsbedingungen<\/b>: 30% Anzahlung im Voraus, der Restbetrag vor dem Versand zu bezahlen<\/li>\n<\/ul>\n<ul>\n<li class=\"temp-li bullet1\" data-line=\"true\" data-list=\"bullet1\"><b>Transportmethoden<\/b>W\u00e4hlen Sie Expresslieferung (f\u00fcr kleine Chargen) oder Seefracht \/ Luftfracht (f\u00fcr gro\u00dfe Chargen) je nach Auftragsgr\u00f6\u00dfe, die globale Verteilung unterst\u00fctzt<\/li>\n<\/ul>\n<ul>\n<li class=\"temp-li bullet1\" data-line=\"true\" data-list=\"bullet1\"><b>Logistikkosten<\/b>: Der Kunde tr\u00e4gt die Probenfrat; die Fracht f\u00fcr Massenbestellungen kann nach Vereinbarung zwischen den beiden Parteien verhandelt oder getragen werden<\/li>\n<\/ul>\n<div data-zone-id=\"0\" data-line-index=\"93\" data-line=\"true\">\n<h6 class=\"heading-h3\">R\u00fcck- und Umtauschpolitik \ufffd<\/h6>\n<\/div>\n<ul>\n<li class=\"temp-li bullet1\" data-line=\"true\" data-list=\"bullet1\">Wenn das Produkt Qualit\u00e4tsprobleme hat (wie Sch\u00e4den, Handwerksfehler usw.), wenden Sie sich bitte an den Kundenservice innerhalb von 7 Werktagen nach Erhalt der Ware, stellen Sie den Nachweis des Problems vor, und nach der Best\u00e4tigung k\u00f6nnen wir R\u00fcckkehr oder Austausch arrangieren, und die entsprechenden Kosten werden von uns getragen.<\/li>\n<\/ul>\n<ul>\n<li class=\"temp-li bullet1\" data-line=\"true\" data-list=\"bullet1\">Bei Nicht-Qualit\u00e4tsproblemen (wie \u00c4nderungen der eigenen Bed\u00fcrfnisse des Kunden) muss es vor der Produktion vorgeschlagen werden. Der Kunde tr\u00e4gt die entstandenen Rohstoff- und Verarbeitungskosten.<\/li>\n<\/ul>\n<div data-zone-id=\"0\" data-line-index=\"96\" data-line=\"true\"><img loading=\"lazy\" decoding=\"async\" class=\"\" src=\"https:\/\/p9-flow-imagex-sign.byteimg.com\/ocean-cloud-tos\/pages_upload_image_ac9267e7-ca0f-42e0-8701-e89f6fdd0ad0.jpeg~tplv-a9rns2rl98-image-qvalue.jpeg?rk3s=6823e3d0&amp;x-expires=1785665384&amp;x-signature=e27DUMOWXEO9b3ErBEoVDUMk3Vc%3D\" width=\"809\" height=\"441\" \/><\/div>\n<div data-zone-id=\"0\" data-line-index=\"97\" data-line=\"true\">\n<h6 class=\"heading-h3\">Kundendienst Support \ufffd\ufe0f<\/h6>\n<\/div>\n<ul>\n<li class=\"temp-li bullet1\" data-line=\"true\" data-list=\"bullet1\">Bestellverfolgung: Bereitstellung von Echtzeit-Abfrageservice f\u00fcr Produktionsforderung und Logistikinformationen<\/li>\n<\/ul>\n<ul>\n<li class=\"temp-li bullet1\" data-line=\"true\" data-list=\"bullet1\">Problemantwort: Antworten Sie auf Kundenanfragen innerhalb von 24 Stunden an Werktagen und liefern Sie L\u00f6sungen innerhalb von 48 Stunden<\/li>\n<\/ul>\n<ul>\n<li class=\"temp-li bullet1\" data-line=\"true\" data-list=\"bullet1\">Langfristige Zusammenarbeit: Mehrwertdienstleistungen wie Priorit\u00e4tsproduktion und Optimierung von Anpassungsschemas f\u00fcr alte Kunden<\/li>\n<\/ul>\n<div data-zone-id=\"0\" data-line-index=\"101\" data-line=\"true\"><b>Jetzt konsultieren<\/b>:  \ufffd<\/div>\n<div data-zone-id=\"0\" data-line-index=\"102\" data-line=\"true\">Phone&amp;WhatsApp: +8618368685573<\/div>\n<div data-zone-id=\"0\" data-line-index=\"103\" data-line=\"true\">Email: <a href=\"mailto:mubtf3@mubtf.com\" target=\"_blank\" rel=\"noopener noreferrer\">mubtf3@mubtf.com<\/a><\/div>\n<div data-zone-id=\"0\" data-line-index=\"104\" data-line=\"true\">Wir freuen uns auf exklusive Parf\u00fcmverpackungsl\u00f6sungen f\u00fcr Ihre Marke!   \u2728<\/div>","protected":false},"excerpt":{"rendered":"<p>I. Product Details: Basic Information \ud83d\udcdd Product Name:MUB Wholesale Stock 30ml 50ml Perfume Bottles Glass Refill Spray Bottles Crimp Empty Bottles Product Category: Glass perfume bottles \u3001New Designs&amp;Popular Items Product Introduction: This product is made of high-transparency glass material. The thick-bottom design enhances texture and stability. Suitable for 30ml 50ml capacity requirements. The crimp neck [&hellip;]<\/p>\n","protected":false},"featured_media":7613,"comment_status":"open","ping_status":"closed","template":"","meta":{"_joinchat":[]},"product_brand":[],"product_cat":[192,15],"product_tag":[],"class_list":{"0":"post-7612","1":"product","2":"type-product","3":"status-publish","4":"has-post-thumbnail","6":"product_cat-crimp-glass-bottle","7":"product_cat-perfume-bottles","9":"first","10":"instock","11":"shipping-taxable","12":"product-type-simple"},"_links":{"self":[{"href":"https:\/\/www.mubtf.com\/de\/wp-json\/wp\/v2\/product\/7612","targetHints":{"allow":["GET"]}}],"collection":[{"href":"https:\/\/www.mubtf.com\/de\/wp-json\/wp\/v2\/product"}],"about":[{"href":"https:\/\/www.mubtf.com\/de\/wp-json\/wp\/v2\/types\/product"}],"replies":[{"embeddable":true,"href":"https:\/\/www.mubtf.com\/de\/wp-json\/wp\/v2\/comments?post=7612"}],"wp:featuredmedia":[{"embeddable":true,"href":"https:\/\/www.mubtf.com\/de\/wp-json\/wp\/v2\/media\/7613"}],"wp:attachment":[{"href":"https:\/\/www.mubtf.com\/de\/wp-json\/wp\/v2\/media?parent=7612"}],"wp:term":[{"taxonomy":"product_brand","embeddable":true,"href":"https:\/\/www.mubtf.com\/de\/wp-json\/wp\/v2\/product_brand?post=7612"},{"taxonomy":"product_cat","embeddable":true,"href":"https:\/\/www.mubtf.com\/de\/wp-json\/wp\/v2\/product_cat?post=7612"},{"taxonomy":"product_tag","embeddable":true,"href":"https:\/\/www.mubtf.com\/de\/wp-json\/wp\/v2\/product_tag?post=7612"}],"curies":[{"name":"WP","href":"https:\/\/api.w.org\/{rel}","templated":true}]}}