{"id":2107,"date":"2025-03-29T10:50:23","date_gmt":"2025-03-29T02:50:23","guid":{"rendered":"https:\/\/www.mubtf.com\/?post_type=product&#038;p=2107"},"modified":"2025-06-02T10:44:34","modified_gmt":"2025-06-02T02:44:34","slug":"mub-premium-quality-empty-custom-cylinder-design-50ml-100ml-crimp-neck-pressurized-atomizer-perfume-glass-bottle","status":"publish","type":"product","link":"https:\/\/www.mubtf.com\/es\/product\/mub-premium-quality-empty-custom-cylinder-design-50ml-100ml-crimp-neck-pressurized-atomizer-perfume-glass-bottle\/","title":{"rendered":"Mub Premium Cilindro Cil\u00edndrico Vac\u00edo Dise\u00f1o de 50 ml de 100 ml Cuello con rumo Atomizador Presurizado Botella de vidrio"},"content":{"rendered":"<p>Art\u00edculo: 50 ml de 100 ml de botella de vidrio de perfume<\/p>\n<p>Material: botella de vidrio + spray de aluminio + tapa de pl\u00e1stico<\/p>\n<p>Color de pulverizaci\u00f3n: negro<\/p>\n<p>MOQ: 500pcs<\/p>","protected":false},"excerpt":{"rendered":"<div class=\"detail-attr-item\">\n<div>Capacidad: 50 ml 100 ml. Puede llenar el perfume<\/div>\n<div class=\"detail-attr-label\">Brand: Mub<\/div>\n<\/div>\n<div class=\"detail-attr-item\">\n<div class=\"detail-attr-label\">Origen del producto: Yiwu, China<\/div>\n<\/div>\n<div class=\"detail-attr-item\">\n<div class=\"detail-attr-label\">Tiempo de entrega: (1) En stock: dentro de los 5 ~ 10 d\u00edas posteriores a la recepci\u00f3n del pago.<\/div>\n<\/div>","protected":false},"featured_media":2113,"comment_status":"open","ping_status":"closed","template":"","meta":{"_joinchat":[]},"product_brand":[],"product_cat":[192],"product_tag":[],"class_list":{"0":"post-2107","1":"product","2":"type-product","3":"status-publish","4":"has-post-thumbnail","6":"product_cat-crimp-glass-bottle","8":"first","9":"instock","10":"shipping-taxable","11":"product-type-simple"},"_links":{"self":[{"href":"https:\/\/www.mubtf.com\/es\/wp-json\/wp\/v2\/product\/2107","targetHints":{"allow":["GET"]}}],"collection":[{"href":"https:\/\/www.mubtf.com\/es\/wp-json\/wp\/v2\/product"}],"about":[{"href":"https:\/\/www.mubtf.com\/es\/wp-json\/wp\/v2\/types\/product"}],"replies":[{"embeddable":true,"href":"https:\/\/www.mubtf.com\/es\/wp-json\/wp\/v2\/comments?post=2107"}],"wp:featuredmedia":[{"embeddable":true,"href":"https:\/\/www.mubtf.com\/es\/wp-json\/wp\/v2\/media\/2113"}],"wp:attachment":[{"href":"https:\/\/www.mubtf.com\/es\/wp-json\/wp\/v2\/media?parent=2107"}],"wp:term":[{"taxonomy":"product_brand","embeddable":true,"href":"https:\/\/www.mubtf.com\/es\/wp-json\/wp\/v2\/product_brand?post=2107"},{"taxonomy":"product_cat","embeddable":true,"href":"https:\/\/www.mubtf.com\/es\/wp-json\/wp\/v2\/product_cat?post=2107"},{"taxonomy":"product_tag","embeddable":true,"href":"https:\/\/www.mubtf.com\/es\/wp-json\/wp\/v2\/product_tag?post=2107"}],"curies":[{"name":"WP","href":"https:\/\/api.w.org\/{rel}","templated":true}]}}