{"id":2309,"date":"2025-03-31T14:32:09","date_gmt":"2025-03-31T06:32:09","guid":{"rendered":"https:\/\/www.mubtf.com\/?post_type=product&#038;p=2309"},"modified":"2025-06-02T10:35:16","modified_gmt":"2025-06-02T02:35:16","slug":"matte-clear-spray-bottle-15ml-frosted-clear-glass-spray-bottle-portable-perfume-atomizer-bottle","status":"publish","type":"product","link":"https:\/\/www.mubtf.com\/es\/product\/matte-clear-spray-bottle-15ml-frosted-clear-glass-spray-bottle-portable-perfume-atomizer-bottle\/","title":{"rendered":"Botella de spray transparente mate 15 ml de botella de spray de vidrio transparente es botella de perfume port\u00e1til de perfume port\u00e1til"},"content":{"rendered":"<p>Art\u00edculo: 15 ml de botella de vidrio de aceite esencial<br \/>\nMaterial: botella de vidrio con vidrio \/steel Roller<br \/>\nPeso: 30 g<br \/>\nTama\u00f1o de la botella: 95*22 mm (con altura de la tapa)<br \/>\nMoq: 1000pcs<\/p>","protected":false},"excerpt":{"rendered":"<p>Capacidad: 15 ml. Puede llenar el perfume de 15.5 ml-16ml<br \/>\nBrand: Mub<br \/>\nOrigen del producto: Yiwu, China<br \/>\nTiempo de entrega: (1) En stock: dentro de los 5 ~ 10 d\u00edas posteriores a la recepci\u00f3n del pago.<\/p>","protected":false},"featured_media":2318,"comment_status":"open","ping_status":"closed","template":"","meta":{"_joinchat":[]},"product_brand":[],"product_cat":[194],"product_tag":[71,78],"class_list":{"0":"post-2309","1":"product","2":"type-product","3":"status-publish","4":"has-post-thumbnail","6":"product_cat-glass-roll-on-bottle","7":"product_tag-essential-oil-bottle","8":"product_tag-matte-clear-essential-oil-bottle","10":"first","11":"instock","12":"shipping-taxable","13":"product-type-simple"},"_links":{"self":[{"href":"https:\/\/www.mubtf.com\/es\/wp-json\/wp\/v2\/product\/2309","targetHints":{"allow":["GET"]}}],"collection":[{"href":"https:\/\/www.mubtf.com\/es\/wp-json\/wp\/v2\/product"}],"about":[{"href":"https:\/\/www.mubtf.com\/es\/wp-json\/wp\/v2\/types\/product"}],"replies":[{"embeddable":true,"href":"https:\/\/www.mubtf.com\/es\/wp-json\/wp\/v2\/comments?post=2309"}],"wp:featuredmedia":[{"embeddable":true,"href":"https:\/\/www.mubtf.com\/es\/wp-json\/wp\/v2\/media\/2318"}],"wp:attachment":[{"href":"https:\/\/www.mubtf.com\/es\/wp-json\/wp\/v2\/media?parent=2309"}],"wp:term":[{"taxonomy":"product_brand","embeddable":true,"href":"https:\/\/www.mubtf.com\/es\/wp-json\/wp\/v2\/product_brand?post=2309"},{"taxonomy":"product_cat","embeddable":true,"href":"https:\/\/www.mubtf.com\/es\/wp-json\/wp\/v2\/product_cat?post=2309"},{"taxonomy":"product_tag","embeddable":true,"href":"https:\/\/www.mubtf.com\/es\/wp-json\/wp\/v2\/product_tag?post=2309"}],"curies":[{"name":"WP","href":"https:\/\/api.w.org\/{rel}","templated":true}]}}