{"id":2327,"date":"2025-03-31T14:38:06","date_gmt":"2025-03-31T06:38:06","guid":{"rendered":"https:\/\/www.mubtf.com\/?post_type=product&#038;p=2327"},"modified":"2025-06-02T10:34:23","modified_gmt":"2025-06-02T02:34:23","slug":"wholesale-fancy-10ml-cosmetic-packaging-square-round-glass-bottle-perfume-bottles-with-gold-silver-black-top-spray","status":"publish","type":"product","link":"https:\/\/www.mubtf.com\/es\/product\/wholesale-fancy-10ml-cosmetic-packaging-square-round-glass-bottle-perfume-bottles-with-gold-silver-black-top-spray\/","title":{"rendered":"Bottillas de perfume de botella de vidrio redonda de empaquetado cosm\u00e9tico de fantas\u00eda de fantas\u00eda al por mayor con botellas de perfume de color negro plateado dorado"},"content":{"rendered":"<p>Art\u00edculo: 10 ml de botella de vidrio de aceite esencial<br \/>\nMaterial: botella de vidrio con acero \/glass Roller<br \/>\nPeso: 22g<br \/>\nTama\u00f1o de la botella: 20*85 mm (con altura de la tapa)<br \/>\nMoq: 1000pcs<\/p>","protected":false},"excerpt":{"rendered":"<p>Capacidad: 10 ml. Puede llenar el aceite esencial de 10.5 ml-11 ml<br \/>\nBrand: Mub<br \/>\nOrigen del producto: Yiwu, China<br \/>\nTiempo de entrega: (1) En stock: dentro de los 5 ~ 10 d\u00edas posteriores a la recepci\u00f3n del pago.<\/p>","protected":false},"featured_media":2312,"comment_status":"open","ping_status":"closed","template":"","meta":{"_joinchat":[]},"product_brand":[],"product_cat":[194],"product_tag":[79],"class_list":{"0":"post-2327","1":"product","2":"type-product","3":"status-publish","4":"has-post-thumbnail","6":"product_cat-glass-roll-on-bottle","7":"product_tag-round-essential-oil-bottle","9":"first","10":"instock","11":"shipping-taxable","12":"product-type-simple"},"_links":{"self":[{"href":"https:\/\/www.mubtf.com\/es\/wp-json\/wp\/v2\/product\/2327","targetHints":{"allow":["GET"]}}],"collection":[{"href":"https:\/\/www.mubtf.com\/es\/wp-json\/wp\/v2\/product"}],"about":[{"href":"https:\/\/www.mubtf.com\/es\/wp-json\/wp\/v2\/types\/product"}],"replies":[{"embeddable":true,"href":"https:\/\/www.mubtf.com\/es\/wp-json\/wp\/v2\/comments?post=2327"}],"wp:featuredmedia":[{"embeddable":true,"href":"https:\/\/www.mubtf.com\/es\/wp-json\/wp\/v2\/media\/2312"}],"wp:attachment":[{"href":"https:\/\/www.mubtf.com\/es\/wp-json\/wp\/v2\/media?parent=2327"}],"wp:term":[{"taxonomy":"product_brand","embeddable":true,"href":"https:\/\/www.mubtf.com\/es\/wp-json\/wp\/v2\/product_brand?post=2327"},{"taxonomy":"product_cat","embeddable":true,"href":"https:\/\/www.mubtf.com\/es\/wp-json\/wp\/v2\/product_cat?post=2327"},{"taxonomy":"product_tag","embeddable":true,"href":"https:\/\/www.mubtf.com\/es\/wp-json\/wp\/v2\/product_tag?post=2327"}],"curies":[{"name":"WP","href":"https:\/\/api.w.org\/{rel}","templated":true}]}}