{"id":2352,"date":"2025-03-31T15:11:28","date_gmt":"2025-03-31T07:11:28","guid":{"rendered":"https:\/\/www.mubtf.com\/?post_type=product&#038;p=2352"},"modified":"2025-06-02T10:32:42","modified_gmt":"2025-06-02T02:32:42","slug":"mub-empty-brown-cylindrical-bottle-perfume-bottle-30ml-50ml-100ml-crimp-glass-perfume-spray-bottle","status":"publish","type":"product","link":"https:\/\/www.mubtf.com\/es\/product\/mub-empty-brown-cylindrical-bottle-perfume-bottle-30ml-50ml-100ml-crimp-glass-perfume-spray-bottle\/","title":{"rendered":"Mub Botella de perfume de botella cil\u00edndrica marr\u00f3n vac\u00edo 30ml 50ml 100ml de enjuague de vidrio de vidrio de spray Bottle"},"content":{"rendered":"<p>Art\u00edculo: 30 ml 50 ml de 100 ml de botella de vidrio de perfume<\/p>\n<p>Material: botella de vidrio + spray de aluminio + tapa acr\u00edlica<\/p>\n<p>Color: marr\u00f3n<\/p>\n<p>MOQ: 500pcs<\/p>","protected":false},"excerpt":{"rendered":"<div class=\"detail-attr-item\">\n<div class=\"detail-attr-item\">\n<div>Capacidad: 30 ml 50 ml 100 ml. Puede llenar el perfume<\/div>\n<div class=\"detail-attr-label\">Brand: Mub<\/div>\n<\/div>\n<div class=\"detail-attr-item\">\n<div class=\"detail-attr-label\">Origen del producto: Yiwu, China<\/div>\n<\/div>\n<div class=\"detail-attr-item\">\n<div class=\"detail-attr-label\">Tiempo de entrega: (1) En stock: dentro de los 5 ~ 10 d\u00edas posteriores a la recepci\u00f3n del pago.<\/div>\n<\/div>\n<\/div>","protected":false},"featured_media":2353,"comment_status":"open","ping_status":"closed","template":"","meta":{"_joinchat":[]},"product_brand":[],"product_cat":[192],"product_tag":[80,43],"class_list":{"0":"post-2352","1":"product","2":"type-product","3":"status-publish","4":"has-post-thumbnail","6":"product_cat-crimp-glass-bottle","7":"product_tag-brown","8":"product_tag-crimp-perfume-bottle","10":"first","11":"instock","12":"shipping-taxable","13":"product-type-simple"},"_links":{"self":[{"href":"https:\/\/www.mubtf.com\/es\/wp-json\/wp\/v2\/product\/2352","targetHints":{"allow":["GET"]}}],"collection":[{"href":"https:\/\/www.mubtf.com\/es\/wp-json\/wp\/v2\/product"}],"about":[{"href":"https:\/\/www.mubtf.com\/es\/wp-json\/wp\/v2\/types\/product"}],"replies":[{"embeddable":true,"href":"https:\/\/www.mubtf.com\/es\/wp-json\/wp\/v2\/comments?post=2352"}],"wp:featuredmedia":[{"embeddable":true,"href":"https:\/\/www.mubtf.com\/es\/wp-json\/wp\/v2\/media\/2353"}],"wp:attachment":[{"href":"https:\/\/www.mubtf.com\/es\/wp-json\/wp\/v2\/media?parent=2352"}],"wp:term":[{"taxonomy":"product_brand","embeddable":true,"href":"https:\/\/www.mubtf.com\/es\/wp-json\/wp\/v2\/product_brand?post=2352"},{"taxonomy":"product_cat","embeddable":true,"href":"https:\/\/www.mubtf.com\/es\/wp-json\/wp\/v2\/product_cat?post=2352"},{"taxonomy":"product_tag","embeddable":true,"href":"https:\/\/www.mubtf.com\/es\/wp-json\/wp\/v2\/product_tag?post=2352"}],"curies":[{"name":"WP","href":"https:\/\/api.w.org\/{rel}","templated":true}]}}