{"id":2361,"date":"2025-03-31T15:18:52","date_gmt":"2025-03-31T07:18:52","guid":{"rendered":"https:\/\/www.mubtf.com\/?post_type=product&#038;p=2361"},"modified":"2025-06-02T10:32:25","modified_gmt":"2025-06-02T02:32:25","slug":"10-ml-portable-roll-on-bottle-round-refillable-glass-perfume-roll-ball-bottle-amber-glass-support-customization","status":"publish","type":"product","link":"https:\/\/www.mubtf.com\/es\/product\/10-ml-portable-roll-on-bottle-round-refillable-glass-perfume-roll-ball-bottle-amber-glass-support-customization\/","title":{"rendered":"10 ml de rollo port\u00e1til en botella redonda de vidrio recargable Roll bola Botella de soporte de vidrio \u00e1mbar personalizaci\u00f3n"},"content":{"rendered":"<p>Art\u00edculo: 10 ml de botella de vidrio de aceite esencial<br \/>\nMaterial: botella de vidrio con pl\u00e1stico \/aluminum tapas<br \/>\nPeso: 22g<br \/>\nTama\u00f1o de la botella: 20*85 mm (con altura de la tapa)<br \/>\nMoq: 1000pcs<\/p>","protected":false},"excerpt":{"rendered":"<p>Capacidad: 10 ml. Puede llenar el aceite esencial de 11 ml-12 ml<br \/>\nBrand: Mub<br \/>\nOrigen del producto: Yiwu, China<br \/>\nTiempo de entrega: (1) En stock: dentro de los 5 ~ 10 d\u00edas posteriores a la recepci\u00f3n del pago.<\/p>","protected":false},"featured_media":2335,"comment_status":"open","ping_status":"closed","template":"","meta":{"_joinchat":[]},"product_brand":[],"product_cat":[194],"product_tag":[71],"class_list":{"0":"post-2361","1":"product","2":"type-product","3":"status-publish","4":"has-post-thumbnail","6":"product_cat-glass-roll-on-bottle","7":"product_tag-essential-oil-bottle","9":"first","10":"instock","11":"shipping-taxable","12":"product-type-simple"},"_links":{"self":[{"href":"https:\/\/www.mubtf.com\/es\/wp-json\/wp\/v2\/product\/2361","targetHints":{"allow":["GET"]}}],"collection":[{"href":"https:\/\/www.mubtf.com\/es\/wp-json\/wp\/v2\/product"}],"about":[{"href":"https:\/\/www.mubtf.com\/es\/wp-json\/wp\/v2\/types\/product"}],"replies":[{"embeddable":true,"href":"https:\/\/www.mubtf.com\/es\/wp-json\/wp\/v2\/comments?post=2361"}],"wp:featuredmedia":[{"embeddable":true,"href":"https:\/\/www.mubtf.com\/es\/wp-json\/wp\/v2\/media\/2335"}],"wp:attachment":[{"href":"https:\/\/www.mubtf.com\/es\/wp-json\/wp\/v2\/media?parent=2361"}],"wp:term":[{"taxonomy":"product_brand","embeddable":true,"href":"https:\/\/www.mubtf.com\/es\/wp-json\/wp\/v2\/product_brand?post=2361"},{"taxonomy":"product_cat","embeddable":true,"href":"https:\/\/www.mubtf.com\/es\/wp-json\/wp\/v2\/product_cat?post=2361"},{"taxonomy":"product_tag","embeddable":true,"href":"https:\/\/www.mubtf.com\/es\/wp-json\/wp\/v2\/product_tag?post=2361"}],"curies":[{"name":"WP","href":"https:\/\/api.w.org\/{rel}","templated":true}]}}