{"id":2440,"date":"2025-03-31T15:47:45","date_gmt":"2025-03-31T07:47:45","guid":{"rendered":"https:\/\/www.mubtf.com\/?post_type=product&#038;p=2440"},"modified":"2025-06-02T10:31:39","modified_gmt":"2025-06-02T02:31:39","slug":"hot-selling-supplier-empty-essential-oil-glass-bottle-10ml-roll-on-clear-bottles-with-different-color-lids","status":"publish","type":"product","link":"https:\/\/www.mubtf.com\/es\/product\/hot-selling-supplier-empty-essential-oil-glass-bottle-10ml-roll-on-clear-bottles-with-different-color-lids\/","title":{"rendered":"Proveedor de venta en caliente Botella de vidrio esencial vac\u00edo 10 ml de botellas transparentes con diferentes p\u00e1rpados de color"},"content":{"rendered":"<p>Art\u00edculo: 10 ml de botella de vidrio de aceite esencial<br \/>\nMaterial: botella de vidrio con tapas de aluminio \/ pl\u00e1stico<br \/>\nPeso: 22g<br \/>\nTama\u00f1o de la botella: 20*85 mm (con altura de la tapa)<br \/>\nMoq: 1000pcs<\/p>","protected":false},"excerpt":{"rendered":"<p>Capacidad: 10 ml. Puede llenar el aceite esencial de 11 ml-12 ml<br \/>\nBrand: Mub<br \/>\nOrigen del producto: Yiwu, China<br \/>\nTiempo de entrega: (1) En stock: dentro de los 5 ~ 10 d\u00edas posteriores a la recepci\u00f3n del pago.<\/p>","protected":false},"featured_media":2421,"comment_status":"open","ping_status":"closed","template":"","meta":{"_joinchat":[]},"product_brand":[],"product_cat":[194],"product_tag":[71],"class_list":{"0":"post-2440","1":"product","2":"type-product","3":"status-publish","4":"has-post-thumbnail","6":"product_cat-glass-roll-on-bottle","7":"product_tag-essential-oil-bottle","9":"first","10":"instock","11":"shipping-taxable","12":"product-type-simple"},"_links":{"self":[{"href":"https:\/\/www.mubtf.com\/es\/wp-json\/wp\/v2\/product\/2440","targetHints":{"allow":["GET"]}}],"collection":[{"href":"https:\/\/www.mubtf.com\/es\/wp-json\/wp\/v2\/product"}],"about":[{"href":"https:\/\/www.mubtf.com\/es\/wp-json\/wp\/v2\/types\/product"}],"replies":[{"embeddable":true,"href":"https:\/\/www.mubtf.com\/es\/wp-json\/wp\/v2\/comments?post=2440"}],"wp:featuredmedia":[{"embeddable":true,"href":"https:\/\/www.mubtf.com\/es\/wp-json\/wp\/v2\/media\/2421"}],"wp:attachment":[{"href":"https:\/\/www.mubtf.com\/es\/wp-json\/wp\/v2\/media?parent=2440"}],"wp:term":[{"taxonomy":"product_brand","embeddable":true,"href":"https:\/\/www.mubtf.com\/es\/wp-json\/wp\/v2\/product_brand?post=2440"},{"taxonomy":"product_cat","embeddable":true,"href":"https:\/\/www.mubtf.com\/es\/wp-json\/wp\/v2\/product_cat?post=2440"},{"taxonomy":"product_tag","embeddable":true,"href":"https:\/\/www.mubtf.com\/es\/wp-json\/wp\/v2\/product_tag?post=2440"}],"curies":[{"name":"WP","href":"https:\/\/api.w.org\/{rel}","templated":true}]}}