{"id":3386,"date":"2025-04-08T11:08:18","date_gmt":"2025-04-08T03:08:18","guid":{"rendered":"https:\/\/www.mubtf.com\/?post_type=product&#038;p=3386"},"modified":"2025-06-04T13:24:36","modified_gmt":"2025-06-04T05:24:36","slug":"1ml-2ml-3ml-5ml-10ml-essential-oil-perfume-clear-transparent-roll-on-glass-roller-bottle","status":"publish","type":"product","link":"https:\/\/www.mubtf.com\/es\/product\/1ml-2ml-3ml-5ml-10ml-essential-oil-perfume-clear-transparent-roll-on-glass-roller-bottle\/","title":{"rendered":"1 ml 2ml 3ml 5ml 10ml Petr\u00f3leo esencial Perfume Rollo transparente transparente en la botella de rodillo de vidrio"},"content":{"rendered":"<p>Art\u00edculo: Botella de vidrio de tama\u00f1o peque\u00f1o<\/p>\n<p>Tama\u00f1o: 1 ml 2ml 3ml 5ml 10ml<\/p>\n<p>Color: transparente<\/p>\n<p>MOQ: 1000PCS<\/p>\n<p>&nbsp;<\/p>","protected":false},"excerpt":{"rendered":"<p>Art\u00edculo: 1 ml 2ml 3ml 5ml 10ml Roll en botella<\/p>\n<p>Brand: Mub<br \/>\nOrigen del producto: Yiwu, China<br \/>\nTiempo de entrega: (1) En stock: dentro de los 5 ~ 10 d\u00edas posteriores a la recepci\u00f3n del pago.<\/p>\n<p>&nbsp;<\/p>","protected":false},"featured_media":3387,"comment_status":"open","ping_status":"closed","template":"","meta":{"_joinchat":[]},"product_brand":[],"product_cat":[194],"product_tag":[100,118,110,94,99],"class_list":{"0":"post-3386","1":"product","2":"type-product","3":"status-publish","4":"has-post-thumbnail","6":"product_cat-glass-roll-on-bottle","7":"product_tag-10ml","8":"product_tag-1ml","9":"product_tag-2ml","10":"product_tag-3ml","11":"product_tag-5ml","13":"first","14":"instock","15":"shipping-taxable","16":"product-type-simple"},"_links":{"self":[{"href":"https:\/\/www.mubtf.com\/es\/wp-json\/wp\/v2\/product\/3386","targetHints":{"allow":["GET"]}}],"collection":[{"href":"https:\/\/www.mubtf.com\/es\/wp-json\/wp\/v2\/product"}],"about":[{"href":"https:\/\/www.mubtf.com\/es\/wp-json\/wp\/v2\/types\/product"}],"replies":[{"embeddable":true,"href":"https:\/\/www.mubtf.com\/es\/wp-json\/wp\/v2\/comments?post=3386"}],"wp:featuredmedia":[{"embeddable":true,"href":"https:\/\/www.mubtf.com\/es\/wp-json\/wp\/v2\/media\/3387"}],"wp:attachment":[{"href":"https:\/\/www.mubtf.com\/es\/wp-json\/wp\/v2\/media?parent=3386"}],"wp:term":[{"taxonomy":"product_brand","embeddable":true,"href":"https:\/\/www.mubtf.com\/es\/wp-json\/wp\/v2\/product_brand?post=3386"},{"taxonomy":"product_cat","embeddable":true,"href":"https:\/\/www.mubtf.com\/es\/wp-json\/wp\/v2\/product_cat?post=3386"},{"taxonomy":"product_tag","embeddable":true,"href":"https:\/\/www.mubtf.com\/es\/wp-json\/wp\/v2\/product_tag?post=3386"}],"curies":[{"name":"WP","href":"https:\/\/api.w.org\/{rel}","templated":true}]}}