{"id":3487,"date":"2025-04-09T14:25:14","date_gmt":"2025-04-09T06:25:14","guid":{"rendered":"https:\/\/www.mubtf.com\/?post_type=product&#038;p=3487"},"modified":"2025-05-28T15:02:56","modified_gmt":"2025-05-28T07:02:56","slug":"in-stock-10ml-essential-oil-perfume-pearlescent-colors-roll-on-glass-roller-bottle","status":"publish","type":"product","link":"https:\/\/www.mubtf.com\/es\/product\/in-stock-10ml-essential-oil-perfume-pearlescent-colors-roll-on-glass-roller-bottle\/","title":{"rendered":"En stock 10 ml de aceite esencial perfume colores perla rodar en botella de rodillo de vidrio"},"content":{"rendered":"<p>Art\u00edculo: Botella de vidrio de tama\u00f1o peque\u00f1o<br \/>\nMaterial: botella de vidrio +bola de acero +tapa de aluminio<br \/>\nTama\u00f1o: 5 ml 10 ml<br \/>\nColor: m\u00e1s colores opcionales<br \/>\nMOQ: 1000PCS<\/p>","protected":false},"excerpt":{"rendered":"<p>Capacidad: 10 ml<br \/>\nBrand: Mub<br \/>\nOrigen del producto: Yiwu, China<br \/>\nTiempo de entrega: (1) En stock: dentro de los 5 ~ 10 d\u00edas posteriores a la recepci\u00f3n del pago.<\/p>","protected":false},"featured_media":3488,"comment_status":"open","ping_status":"closed","template":"","meta":{"_joinchat":[]},"product_brand":[],"product_cat":[194],"product_tag":[],"class_list":{"0":"post-3487","1":"product","2":"type-product","3":"status-publish","4":"has-post-thumbnail","6":"product_cat-glass-roll-on-bottle","8":"first","9":"instock","10":"shipping-taxable","11":"product-type-simple"},"_links":{"self":[{"href":"https:\/\/www.mubtf.com\/es\/wp-json\/wp\/v2\/product\/3487","targetHints":{"allow":["GET"]}}],"collection":[{"href":"https:\/\/www.mubtf.com\/es\/wp-json\/wp\/v2\/product"}],"about":[{"href":"https:\/\/www.mubtf.com\/es\/wp-json\/wp\/v2\/types\/product"}],"replies":[{"embeddable":true,"href":"https:\/\/www.mubtf.com\/es\/wp-json\/wp\/v2\/comments?post=3487"}],"wp:featuredmedia":[{"embeddable":true,"href":"https:\/\/www.mubtf.com\/es\/wp-json\/wp\/v2\/media\/3488"}],"wp:attachment":[{"href":"https:\/\/www.mubtf.com\/es\/wp-json\/wp\/v2\/media?parent=3487"}],"wp:term":[{"taxonomy":"product_brand","embeddable":true,"href":"https:\/\/www.mubtf.com\/es\/wp-json\/wp\/v2\/product_brand?post=3487"},{"taxonomy":"product_cat","embeddable":true,"href":"https:\/\/www.mubtf.com\/es\/wp-json\/wp\/v2\/product_cat?post=3487"},{"taxonomy":"product_tag","embeddable":true,"href":"https:\/\/www.mubtf.com\/es\/wp-json\/wp\/v2\/product_tag?post=3487"}],"curies":[{"name":"WP","href":"https:\/\/api.w.org\/{rel}","templated":true}]}}