{"id":3617,"date":"2025-04-10T10:07:06","date_gmt":"2025-04-10T02:07:06","guid":{"rendered":"https:\/\/www.mubtf.com\/?post_type=product&#038;p=3617"},"modified":"2025-05-28T15:00:56","modified_gmt":"2025-05-28T07:00:56","slug":"in-stock-mini-portable-3ml-clear-transparent-square-roll-on-glass-bottle-with-steel-ball","status":"publish","type":"product","link":"https:\/\/www.mubtf.com\/es\/product\/in-stock-mini-portable-3ml-clear-transparent-square-roll-on-glass-bottle-with-steel-ball\/","title":{"rendered":"En stock mini port\u00e1til 3 ml transparente transparente rollo cuadrado sobre botella de vidrio con bola de acero"},"content":{"rendered":"<p>Art\u00edculo: Botella de vidrio de tama\u00f1o peque\u00f1o<br \/>\nMaterial: botella de vidrio+bola de acero+tapa de aluminio<br \/>\nTama\u00f1o: 3 ml<br \/>\nColor: transparente<br \/>\nMOQ: 1000PCS<\/p>","protected":false},"excerpt":{"rendered":"<p>Capacidad: 10 ml<br \/>\nBrand: Mub<br \/>\nOrigen del producto: Yiwu, China<br \/>\nTiempo de entrega: (1) En stock: dentro de los 5 ~ 10 d\u00edas posteriores a la recepci\u00f3n del pago.<\/p>","protected":false},"featured_media":3618,"comment_status":"open","ping_status":"closed","template":"","meta":{"_joinchat":[]},"product_brand":[],"product_cat":[194],"product_tag":[120],"class_list":{"0":"post-3617","1":"product","2":"type-product","3":"status-publish","4":"has-post-thumbnail","6":"product_cat-glass-roll-on-bottle","7":"product_tag-3ml-square-roll-bottle-with-aluminum-cap","9":"first","10":"instock","11":"shipping-taxable","12":"product-type-simple"},"_links":{"self":[{"href":"https:\/\/www.mubtf.com\/es\/wp-json\/wp\/v2\/product\/3617","targetHints":{"allow":["GET"]}}],"collection":[{"href":"https:\/\/www.mubtf.com\/es\/wp-json\/wp\/v2\/product"}],"about":[{"href":"https:\/\/www.mubtf.com\/es\/wp-json\/wp\/v2\/types\/product"}],"replies":[{"embeddable":true,"href":"https:\/\/www.mubtf.com\/es\/wp-json\/wp\/v2\/comments?post=3617"}],"wp:featuredmedia":[{"embeddable":true,"href":"https:\/\/www.mubtf.com\/es\/wp-json\/wp\/v2\/media\/3618"}],"wp:attachment":[{"href":"https:\/\/www.mubtf.com\/es\/wp-json\/wp\/v2\/media?parent=3617"}],"wp:term":[{"taxonomy":"product_brand","embeddable":true,"href":"https:\/\/www.mubtf.com\/es\/wp-json\/wp\/v2\/product_brand?post=3617"},{"taxonomy":"product_cat","embeddable":true,"href":"https:\/\/www.mubtf.com\/es\/wp-json\/wp\/v2\/product_cat?post=3617"},{"taxonomy":"product_tag","embeddable":true,"href":"https:\/\/www.mubtf.com\/es\/wp-json\/wp\/v2\/product_tag?post=3617"}],"curies":[{"name":"WP","href":"https:\/\/api.w.org\/{rel}","templated":true}]}}