{"id":3870,"date":"2025-04-16T11:16:17","date_gmt":"2025-04-16T03:16:17","guid":{"rendered":"https:\/\/www.mubtf.com\/?post_type=product&#038;p=3870"},"modified":"2025-05-28T14:55:19","modified_gmt":"2025-05-28T06:55:19","slug":"mub-wholesale-customized-logo-10ml-small-empty-gradient-glass-spray-perfume-bottle","status":"publish","type":"product","link":"https:\/\/www.mubtf.com\/es\/product\/mub-wholesale-customized-logo-10ml-small-empty-gradient-glass-spray-perfume-bottle\/","title":{"rendered":"Mub al por mayor logotipo personalizado de 10 ml de peque\u00f1a botella de perfume de spray de vidrio vac\u00edo vac\u00edo"},"content":{"rendered":"<p>Marca de marca: Mub<br \/>\nLogotipo \/graphic Dise\u00f1o: aceptar<br \/>\nManejo de impresi\u00f3n: impresi\u00f3n de pantalla de seda<br \/>\nMaterial: botella de vidrio + rociador de aluminio + tapa<\/p>","protected":false},"excerpt":{"rendered":"<p>Brand: Mub<br \/>\nOrigen del producto: Yiwu, China<br \/>\nTiempo de entrega: (1) En stock: dentro de los 5 ~ 10 d\u00edas posteriores a la recepci\u00f3n del pago.<\/p>","protected":false},"featured_media":3871,"comment_status":"open","ping_status":"closed","template":"","meta":{"_joinchat":[]},"product_brand":[],"product_cat":[257],"product_tag":[100,126,112],"class_list":{"0":"post-3870","1":"product","2":"type-product","3":"status-publish","4":"has-post-thumbnail","6":"product_cat-glass-tube-bottle","7":"product_tag-10ml","8":"product_tag-gradient","9":"product_tag-perfume-glass-tube-bottle","11":"first","12":"instock","13":"shipping-taxable","14":"product-type-simple"},"_links":{"self":[{"href":"https:\/\/www.mubtf.com\/es\/wp-json\/wp\/v2\/product\/3870","targetHints":{"allow":["GET"]}}],"collection":[{"href":"https:\/\/www.mubtf.com\/es\/wp-json\/wp\/v2\/product"}],"about":[{"href":"https:\/\/www.mubtf.com\/es\/wp-json\/wp\/v2\/types\/product"}],"replies":[{"embeddable":true,"href":"https:\/\/www.mubtf.com\/es\/wp-json\/wp\/v2\/comments?post=3870"}],"wp:featuredmedia":[{"embeddable":true,"href":"https:\/\/www.mubtf.com\/es\/wp-json\/wp\/v2\/media\/3871"}],"wp:attachment":[{"href":"https:\/\/www.mubtf.com\/es\/wp-json\/wp\/v2\/media?parent=3870"}],"wp:term":[{"taxonomy":"product_brand","embeddable":true,"href":"https:\/\/www.mubtf.com\/es\/wp-json\/wp\/v2\/product_brand?post=3870"},{"taxonomy":"product_cat","embeddable":true,"href":"https:\/\/www.mubtf.com\/es\/wp-json\/wp\/v2\/product_cat?post=3870"},{"taxonomy":"product_tag","embeddable":true,"href":"https:\/\/www.mubtf.com\/es\/wp-json\/wp\/v2\/product_tag?post=3870"}],"curies":[{"name":"wp","href":"https:\/\/api.w.org\/{rel}","templated":true}]}}