{"id":4588,"date":"2025-04-30T13:49:01","date_gmt":"2025-04-30T05:49:01","guid":{"rendered":"https:\/\/www.mubtf.com\/?post_type=product&#038;p=4588"},"modified":"2025-05-28T14:42:13","modified_gmt":"2025-05-28T06:42:13","slug":"mub-3ml-essential-oil-bottle-small-glass-with-rubber-dropper-travel-size-empty-refillable","status":"publish","type":"product","link":"https:\/\/www.mubtf.com\/es\/product\/mub-3ml-essential-oil-bottle-small-glass-with-rubber-dropper-travel-size-empty-refillable\/","title":{"rendered":"Mub 3ML Botella de aceite esencial de vidrio peque\u00f1o con gota de goma Tama\u00f1o de viaje vac\u00edo recargable"},"content":{"rendered":"<p>Art\u00edculo: Botella de aceite esencial de 3 ml<\/p>\n<p>Material: botella de vidrio+aluminio \/Plastic tapa de gotera<\/p>\n<p>Tama\u00f1o: 16*54 mm<\/p>\n<p>Color: blanco<\/p>\n<p>Moq: 1000pcs<\/p>","protected":false},"excerpt":{"rendered":"<div class=\"detail-attr-item\">\n<div class=\"detail-attr-item\">\n<div>Capacidad: 3 ml. Puede llenar perfume \/essential aceite<\/div>\n<div class=\"detail-attr-label\">Brand: Mub<\/div>\n<\/div>\n<div class=\"detail-attr-item\">\n<div class=\"detail-attr-label\">Origen del producto: Yiwu, China<\/div>\n<\/div>\n<div class=\"detail-attr-item\">\n<div class=\"detail-attr-label\">Tiempo de entrega: (1) En stock: dentro de los 5 ~ 10 d\u00edas posteriores a la recepci\u00f3n del pago.<\/div>\n<\/div>\n<\/div>","protected":false},"featured_media":4591,"comment_status":"open","ping_status":"closed","template":"","meta":{"_joinchat":[]},"product_brand":[],"product_cat":[195],"product_tag":[71],"class_list":{"0":"post-4588","1":"product","2":"type-product","3":"status-publish","4":"has-post-thumbnail","6":"product_cat-rubber-dropper-bottle","7":"product_tag-essential-oil-bottle","9":"first","10":"instock","11":"shipping-taxable","12":"product-type-simple"},"_links":{"self":[{"href":"https:\/\/www.mubtf.com\/es\/wp-json\/wp\/v2\/product\/4588","targetHints":{"allow":["GET"]}}],"collection":[{"href":"https:\/\/www.mubtf.com\/es\/wp-json\/wp\/v2\/product"}],"about":[{"href":"https:\/\/www.mubtf.com\/es\/wp-json\/wp\/v2\/types\/product"}],"replies":[{"embeddable":true,"href":"https:\/\/www.mubtf.com\/es\/wp-json\/wp\/v2\/comments?post=4588"}],"wp:featuredmedia":[{"embeddable":true,"href":"https:\/\/www.mubtf.com\/es\/wp-json\/wp\/v2\/media\/4591"}],"wp:attachment":[{"href":"https:\/\/www.mubtf.com\/es\/wp-json\/wp\/v2\/media?parent=4588"}],"wp:term":[{"taxonomy":"product_brand","embeddable":true,"href":"https:\/\/www.mubtf.com\/es\/wp-json\/wp\/v2\/product_brand?post=4588"},{"taxonomy":"product_cat","embeddable":true,"href":"https:\/\/www.mubtf.com\/es\/wp-json\/wp\/v2\/product_cat?post=4588"},{"taxonomy":"product_tag","embeddable":true,"href":"https:\/\/www.mubtf.com\/es\/wp-json\/wp\/v2\/product_tag?post=4588"}],"curies":[{"name":"wp","href":"https:\/\/api.w.org\/{rel}","templated":true}]}}