{"id":4663,"date":"2025-04-30T17:42:02","date_gmt":"2025-04-30T09:42:02","guid":{"rendered":"https:\/\/www.mubtf.com\/?post_type=product&#038;p=4663"},"modified":"2025-05-28T14:38:54","modified_gmt":"2025-05-28T06:38:54","slug":"mub-essential-oil-bottle-opener-plastic-ergonomic-grip-for-tight-caps-custom-logo-tool-bulk","status":"publish","type":"product","link":"https:\/\/www.mubtf.com\/es\/product\/mub-essential-oil-bottle-opener-plastic-ergonomic-grip-for-tight-caps-custom-logo-tool-bulk\/","title":{"rendered":"Mub esencial abridor de botella de pl\u00e1stico agarre ergon\u00f3mico para tapas de logotipo personalizado herramienta de logotipo"},"content":{"rendered":"<p>Art\u00edculo: abridor de botellas de aceite esencial<\/p>\n<p>Material: pl\u00e1stico<\/p>\n<p>Color de tapa: colores mixtos<\/p>\n<p>Moq: 1000pcs<\/p>","protected":false},"excerpt":{"rendered":"<div class=\"detail-attr-item\">\n<div class=\"detail-attr-item\">\n<div><\/div>\n<div class=\"detail-attr-label\">Brand: Mub<\/div>\n<\/div>\n<div class=\"detail-attr-item\">\n<div class=\"detail-attr-label\">Origen del producto: Yiwu, China<\/div>\n<\/div>\n<div class=\"detail-attr-item\">\n<div class=\"detail-attr-label\">Tiempo de entrega: (1) En stock: dentro de los 5 ~ 10 d\u00edas posteriores a la recepci\u00f3n del pago.<\/div>\n<\/div>\n<\/div>","protected":false},"featured_media":4670,"comment_status":"open","ping_status":"closed","template":"","meta":{"_joinchat":[]},"product_brand":[],"product_cat":[193],"product_tag":[71],"class_list":{"0":"post-4663","1":"product","2":"type-product","3":"status-publish","4":"has-post-thumbnail","6":"product_cat-beauty-makeup-tools","7":"product_tag-essential-oil-bottle","9":"first","10":"instock","11":"shipping-taxable","12":"product-type-simple"},"_links":{"self":[{"href":"https:\/\/www.mubtf.com\/es\/wp-json\/wp\/v2\/product\/4663","targetHints":{"allow":["GET"]}}],"collection":[{"href":"https:\/\/www.mubtf.com\/es\/wp-json\/wp\/v2\/product"}],"about":[{"href":"https:\/\/www.mubtf.com\/es\/wp-json\/wp\/v2\/types\/product"}],"replies":[{"embeddable":true,"href":"https:\/\/www.mubtf.com\/es\/wp-json\/wp\/v2\/comments?post=4663"}],"wp:featuredmedia":[{"embeddable":true,"href":"https:\/\/www.mubtf.com\/es\/wp-json\/wp\/v2\/media\/4670"}],"wp:attachment":[{"href":"https:\/\/www.mubtf.com\/es\/wp-json\/wp\/v2\/media?parent=4663"}],"wp:term":[{"taxonomy":"product_brand","embeddable":true,"href":"https:\/\/www.mubtf.com\/es\/wp-json\/wp\/v2\/product_brand?post=4663"},{"taxonomy":"product_cat","embeddable":true,"href":"https:\/\/www.mubtf.com\/es\/wp-json\/wp\/v2\/product_cat?post=4663"},{"taxonomy":"product_tag","embeddable":true,"href":"https:\/\/www.mubtf.com\/es\/wp-json\/wp\/v2\/product_tag?post=4663"}],"curies":[{"name":"WP","href":"https:\/\/api.w.org\/{rel}","templated":true}]}}