{"id":4675,"date":"2025-04-30T17:52:10","date_gmt":"2025-04-30T09:52:10","guid":{"rendered":"https:\/\/www.mubtf.com\/?post_type=product&#038;p=4675"},"modified":"2025-05-28T14:38:45","modified_gmt":"2025-05-28T06:38:45","slug":"mub-triangular-essential-oil-bottle-opener-high-impact-plastic-ergonomic-grip-custom-logo-bulk","status":"publish","type":"product","link":"https:\/\/www.mubtf.com\/es\/product\/mub-triangular-essential-oil-bottle-opener-high-impact-plastic-ergonomic-grip-custom-logo-bulk\/","title":{"rendered":"Abreador de aceite esencial triangular Mub de alto impacto de pl\u00e1stico ergon\u00f3mico Logotipo personalizado"},"content":{"rendered":"<p>Art\u00edculo: abridor de botellas de aceite esencial<\/p>\n<p>Material: pl\u00e1stico<\/p>\n<p>Color de tapa: colores mixtos<\/p>\n<p>Moq: 1000pcs<\/p>","protected":false},"excerpt":{"rendered":"<div class=\"detail-attr-item\">\n<div class=\"detail-attr-item\">\n<div><\/div>\n<div class=\"detail-attr-label\">Brand: Mub<\/div>\n<\/div>\n<div class=\"detail-attr-item\">\n<div class=\"detail-attr-label\">Origen del producto: Yiwu, China<\/div>\n<\/div>\n<div class=\"detail-attr-item\">\n<div class=\"detail-attr-label\">Tiempo de entrega: (1) En stock: dentro de los 5 ~ 10 d\u00edas posteriores a la recepci\u00f3n del pago.<\/div>\n<\/div>\n<\/div>","protected":false},"featured_media":4676,"comment_status":"open","ping_status":"closed","template":"","meta":{"_joinchat":[]},"product_brand":[],"product_cat":[193],"product_tag":[71],"class_list":{"0":"post-4675","1":"product","2":"type-product","3":"status-publish","4":"has-post-thumbnail","6":"product_cat-beauty-makeup-tools","7":"product_tag-essential-oil-bottle","9":"first","10":"instock","11":"shipping-taxable","12":"product-type-simple"},"_links":{"self":[{"href":"https:\/\/www.mubtf.com\/es\/wp-json\/wp\/v2\/product\/4675","targetHints":{"allow":["GET"]}}],"collection":[{"href":"https:\/\/www.mubtf.com\/es\/wp-json\/wp\/v2\/product"}],"about":[{"href":"https:\/\/www.mubtf.com\/es\/wp-json\/wp\/v2\/types\/product"}],"replies":[{"embeddable":true,"href":"https:\/\/www.mubtf.com\/es\/wp-json\/wp\/v2\/comments?post=4675"}],"wp:featuredmedia":[{"embeddable":true,"href":"https:\/\/www.mubtf.com\/es\/wp-json\/wp\/v2\/media\/4676"}],"wp:attachment":[{"href":"https:\/\/www.mubtf.com\/es\/wp-json\/wp\/v2\/media?parent=4675"}],"wp:term":[{"taxonomy":"product_brand","embeddable":true,"href":"https:\/\/www.mubtf.com\/es\/wp-json\/wp\/v2\/product_brand?post=4675"},{"taxonomy":"product_cat","embeddable":true,"href":"https:\/\/www.mubtf.com\/es\/wp-json\/wp\/v2\/product_cat?post=4675"},{"taxonomy":"product_tag","embeddable":true,"href":"https:\/\/www.mubtf.com\/es\/wp-json\/wp\/v2\/product_tag?post=4675"}],"curies":[{"name":"wp","href":"https:\/\/api.w.org\/{rel}","templated":true}]}}