{"id":7234,"date":"2025-08-14T08:52:12","date_gmt":"2025-08-14T00:52:12","guid":{"rendered":"https:\/\/www.mubtf.com\/?post_type=product&#038;p=7234"},"modified":"2025-08-14T08:57:03","modified_gmt":"2025-08-14T00:57:03","slug":"high-grade-weighted-perfume-cap-gold-plated-15mm-cap-imitation-metal-round-plastic-cap","status":"publish","type":"product","link":"https:\/\/www.mubtf.com\/es\/product\/high-grade-weighted-perfume-cap-gold-plated-15mm-cap-imitation-metal-round-plastic-cap\/","title":{"rendered":"MUB de alto grado pesado perfume tapa chapado oro 15mm tapa imitaci\u00f3n metal redonda tapa pl\u00e1stica"},"content":{"rendered":"<h5>I. Detalles del producto:<\/h5>\n<div data-zone-id=\"0\" data-line-index=\"1\" data-line=\"true\">\n<h6 class=\"heading-h3\">Informaci\u00f3n b\u00e1sica \ud83d\udcdd<\/h6>\n<\/div>\n<ul>\n<li class=\"temp-li bullet1\" data-line=\"true\" data-list=\"bullet1\"><b>Nombre del producto<\/b>: Cap de perfume pesado de alto grado chapado en oro de 15 mm Cap imitaci\u00f3n de metal redondo de pl\u00e1stico<\/li>\n<\/ul>\n<ul>\n<li class=\"temp-li bullet1\" data-line=\"true\" data-list=\"bullet1\"><b>Categor\u00eda de productos<\/b>: Tapas de botella y amp; Tapas<\/li>\n<\/ul>\n<ul>\n<li class=\"temp-li bullet1\" data-line=\"true\" data-list=\"bullet1\"><b>Introducci\u00f3n del producto<\/b>:<\/li>\n<\/ul>\n<div data-zone-id=\"0\" data-line-index=\"5\" data-line=\"true\">Este producto est\u00e1 hecho de material pl\u00e1stico. Adecuado para botellas de 15 mm. Soporta personalizaciones.<\/div>\n<div data-zone-id=\"0\" data-line-index=\"6\" data-line=\"true\">\n<h6 class=\"heading-h3\">Caracter\u00edsticas principales \u2728<\/h6>\n<\/div>\n<ul>\n<li class=\"temp-li bullet1\" data-line=\"true\" data-list=\"bullet1\">Material: pl\u00e1stico<\/li>\n<\/ul>\n<ul>\n<li class=\"temp-li bullet1\" data-line=\"true\" data-list=\"bullet1\">Artesan\u00eda: se puede personalizar<\/li>\n<\/ul>\n<ul>\n<li class=\"temp-li bullet1\" data-line=\"true\" data-list=\"bullet1\">Dise\u00f1o:<\/li>\n<\/ul>\n<ul>\n<li class=\"temp-li bullet1\" data-line=\"true\" data-list=\"bullet1\">Compatibilidad: Compatibilidad con botellas de 15 mm<\/li>\n<\/ul>\n<p>&nbsp;<\/p>\n<h5>Soporte servicio de personalizaci\u00f3n DIY<\/h5>\n<p><span style=\"font-size: 12pt;\"><em><strong>No se limita a la personalizaci\u00f3n tradicional, \u00a1podemos llevar sus ideas a la realidad!<\/strong><\/em><\/span><\/p>\n<p><img fetchpriority=\"high\" decoding=\"async\" class=\"alignnone size-full wp-image-6742\" src=\"https:\/\/www.mubtf.com\/wp-content\/uploads\/2025\/05\/costom.jpg\" alt=\"\" width=\"800\" height=\"1226\" srcset=\"https:\/\/www.mubtf.com\/wp-content\/uploads\/2025\/05\/costom.jpg 800w, https:\/\/www.mubtf.com\/wp-content\/uploads\/2025\/05\/costom-196x300.jpg 196w, https:\/\/www.mubtf.com\/wp-content\/uploads\/2025\/05\/costom-668x1024.jpg 668w, https:\/\/www.mubtf.com\/wp-content\/uploads\/2025\/05\/costom-768x1177.jpg 768w, https:\/\/www.mubtf.com\/wp-content\/uploads\/2025\/05\/costom-8x12.jpg 8w, https:\/\/www.mubtf.com\/wp-content\/uploads\/2025\/05\/costom-600x920.jpg 600w\" sizes=\"(max-width: 800px) 100vw, 800px\" \/><\/p>\n<p><img decoding=\"async\" class=\"alignnone wp-image-6743\" src=\"https:\/\/www.mubtf.com\/wp-content\/uploads\/2025\/05\/costom1-scaled.jpg\" alt=\"\" width=\"800\" height=\"2917\" srcset=\"https:\/\/www.mubtf.com\/wp-content\/uploads\/2025\/05\/costom1-scaled.jpg 702w, https:\/\/www.mubtf.com\/wp-content\/uploads\/2025\/05\/costom1-82x300.jpg 82w, https:\/\/www.mubtf.com\/wp-content\/uploads\/2025\/05\/costom1-281x1024.jpg 281w, https:\/\/www.mubtf.com\/wp-content\/uploads\/2025\/05\/costom1-421x1536.jpg 421w, https:\/\/www.mubtf.com\/wp-content\/uploads\/2025\/05\/costom1-562x2048.jpg 562w, https:\/\/www.mubtf.com\/wp-content\/uploads\/2025\/05\/costom1-3x12.jpg 3w, https:\/\/www.mubtf.com\/wp-content\/uploads\/2025\/05\/costom1-600x2187.jpg 600w\" sizes=\"(max-width: 800px) 100vw, 800px\" \/><\/p>\n<div data-zone-id=\"0\" data-line-index=\"0\" data-line=\"true\"><\/div>\n<div data-zone-id=\"0\" data-line-index=\"11\" data-line=\"true\">\n<h5 class=\"heading-h3\">Preguntas frecuentes sobre el producto (FAQ) \u2753<\/h5>\n<\/div>\n<div data-zone-id=\"0\" data-line-index=\"12\" data-line=\"true\">\n<h6 class=\"heading-h4\">I. Producto y Especificaciones \ud83d\udcca<\/h6>\n<\/div>\n<div data-zone-id=\"0\" data-line-index=\"13\" data-line=\"true\"><img decoding=\"async\" class=\"\" src=\"https:\/\/p9-flow-imagex-sign.byteimg.com\/ocean-cloud-tos\/pages_upload_image_17b6a958-ce4b-4e72-9121-3e51b54cfe63.jpeg~tplv-a9rns2rl98-image-qvalue.jpeg?rk3s=6823e3d0&amp;x-expires=1785661357&amp;x-signature=murgf%2BgE1hIzjEu4H6vd54YxVFY%3D\" width=\"835\" height=\"276\" \/><\/div>\n<div data-zone-id=\"0\" data-line-index=\"14\" data-line=\"true\">Q1: \u00bfEl material de vidrio cumple con las normas internacionales de seguridad?<\/div>\n<div data-zone-id=\"0\" data-line-index=\"15\" data-line=\"true\">R: S\u00ed, utilizamos vidrio transparente alto, cumpliendo con las normas de material de contacto con alimentos de la FDA y la UE 10\/2011. Resistente al calor, a prueba de corrosi\u00f3n, sin plomo y no t\u00f3xico.   \u2705<\/div>\n<div data-zone-id=\"0\" data-line-index=\"16\" data-line=\"true\"><img loading=\"lazy\" decoding=\"async\" class=\"\" src=\"https:\/\/p3-flow-imagex-sign.byteimg.com\/ocean-cloud-tos\/pages_upload_image_f171c88f-d28d-4ee3-b1c7-e8dfd45c1efc.jpeg~tplv-a9rns2rl98-image-qvalue.jpeg?rk3s=6823e3d0&amp;x-expires=1785661711&amp;x-signature=dihSa9UuGwufknt4WEArhj8PxPs%3D\" width=\"814\" height=\"444\" \/><\/div>\n<div data-zone-id=\"0\" data-line-index=\"17\" data-line=\"true\">Q2: \u00bfSe pueden personalizar la capacidad y las dimensiones?<\/div>\n<div data-zone-id=\"0\" data-line-index=\"18\" data-line=\"true\">R: \u00a1Absolutamente! Capacidades est\u00e1ndar: 5ml\/10ml\/30ml\/50ml (\u00b13% de tolerancia). Dimensiones personalizables, tipos de cuello (pulverizador\/goteador) y prueba de dise\u00f1o 3D.   \ud83d\udccf<\/div>\n<div data-zone-id=\"0\" data-line-index=\"19\" data-line=\"true\">Q3: \u00bfCu\u00e1l es la cantidad m\u00ednima de orden (MOQ)?<\/div>\n<div data-zone-id=\"0\" data-line-index=\"20\" data-line=\"true\">A: MOQ: 500 piezas para dise\u00f1os est\u00e1ndar; para dise\u00f1os personalizados por favor p\u00f3ngase en contacto con nosotros. \ud83d\udce6<\/div>\n<div data-zone-id=\"0\" data-line-index=\"21\" data-line=\"true\">\n<h6 class=\"heading-h4\">II. Servicios de personalizaci\u00f3n \ud83c\udfa8<\/h6>\n<\/div>\n<div data-zone-id=\"0\" data-line-index=\"22\" data-line=\"true\"><img loading=\"lazy\" decoding=\"async\" class=\"\" src=\"https:\/\/p3-flow-imagex-sign.byteimg.com\/ocean-cloud-tos\/pages_upload_image_4434c3f7-42aa-4d05-a7b9-1a618695bc99.jpeg~tplv-a9rns2rl98-image-qvalue.jpeg?rk3s=6823e3d0&amp;x-expires=1785662297&amp;x-signature=%2F%2Bp%2FfduQAhb7RjBGiyMCB9D9m0k%3D\" width=\"812\" height=\"443\" \/><\/div>\n<div data-zone-id=\"0\" data-line-index=\"23\" data-line=\"true\">Q4: \u00bfOfrece impresi\u00f3n\/grabado de logotipos?  \u00bfSe desvanecer\u00e1 el color?<\/div>\n<div data-zone-id=\"0\" data-line-index=\"24\" data-line=\"true\">R: \u00a1S\u00ed! Ofrecemos serigraf\u00eda, estampado en caliente y grabado l\u00e1ser. Desviaci\u00f3n del color \u22645%, pas\u00f3 las pruebas de frotamiento de alcohol (100 toallitas sin desvanecerse). Muestra gratuita disponible (1-3 d\u00edas laborables).   \ud83d\udd0d<\/div>\n<div data-zone-id=\"0\" data-line-index=\"25\" data-line=\"true\"><img loading=\"lazy\" decoding=\"async\" class=\"\" src=\"https:\/\/p9-flow-imagex-sign.byteimg.com\/ocean-cloud-tos\/pages_upload_image_b0e79e79-aa55-4083-92f9-38f383073f8f.jpeg~tplv-a9rns2rl98-image-qvalue.jpeg?rk3s=6823e3d0&amp;x-expires=1785662910&amp;x-signature=8EQkHRbBosqXPpWkFCe9pJFpLRk%3D\" width=\"811\" height=\"442\" \/><\/div>\n<div data-zone-id=\"0\" data-line-index=\"26\" data-line=\"true\">Q5: \u00bfCu\u00e1l es el plazo de entrega para \u00f3rdenes personalizadas?<\/div>\n<div data-zone-id=\"0\" data-line-index=\"27\" data-line=\"true\">R: Art\u00edculos est\u00e1ndar: 7-10 d\u00edas. Ordenes personalizadas: 15-20 d\u00edas (incluye 3 confirmaciones: prueba de dise\u00f1o) \u2192  muestra \u2192  fotos en masa).   \u23f1\ufe0f<\/div>\n<div data-zone-id=\"0\" data-line-index=\"28\" data-line=\"true\">\n<h6 class=\"heading-h4\">III. Calidad y Inspecci\u00f3n \ud83d\udd0d<\/h6>\n<\/div>\n<div data-zone-id=\"0\" data-line-index=\"29\" data-line=\"true\"><img loading=\"lazy\" decoding=\"async\" class=\"\" src=\"https:\/\/p3-flow-imagex-sign.byteimg.com\/ocean-cloud-tos\/pages_upload_image_7f69cb5e-733f-44df-8234-8ccf7b48a8cb.jpeg~tplv-a9rns2rl98-image-qvalue.jpeg?rk3s=6823e3d0&amp;x-expires=1785663179&amp;x-signature=fSJMZ%2F6B2Hugn3cR%2F60Qtx%2BKhO4%3D\" width=\"805\" height=\"439\" \/><\/div>\n<div data-zone-id=\"0\" data-line-index=\"30\" data-line=\"true\">Q6: \u00bfC\u00f3mo garantiza la consistencia en los pedidos a granel?<\/div>\n<div data-zone-id=\"0\" data-line-index=\"31\" data-line=\"true\">A: Control de calidad en tres etapas:<\/div>\n<ol start=\"1\">\n<li class=\"temp-li number1\" data-line=\"true\" data-list=\"number1\" data-ol-id=\"sImVRFAb\" data-start=\"1\">Inspecci\u00f3n de materias primas (transparencia, grosor).<\/li>\n<\/ol>\n<ol start=\"2\">\n<li class=\"temp-li number1\" data-line=\"true\" data-list=\"number1\" data-ol-id=\"lVLQhfcy\" data-start=\"2\">100% prueba a prueba de fugas durante la producci\u00f3n.<\/li>\n<\/ol>\n<ol start=\"3\">\n<li class=\"temp-li number1\" data-line=\"true\" data-list=\"number1\" data-ol-id=\"CH5LIEun\" data-start=\"3\">Inspecci\u00f3n de muestreo AQL 2.5 antes del env\u00edo.   \u2705<\/li>\n<\/ol>\n<div data-zone-id=\"0\" data-line-index=\"35\" data-line=\"true\"><img loading=\"lazy\" decoding=\"async\" class=\"\" src=\"https:\/\/p9-flow-imagex-sign.byteimg.com\/ocean-cloud-tos\/pages_upload_image_baba9f6c-7607-4f1f-b926-aab941992146.jpeg~tplv-a9rns2rl98-image-qvalue.jpeg?rk3s=6823e3d0&amp;x-expires=1785663462&amp;x-signature=xFdhP%2B4ABW5gABgG%2FEBYjPtVtmU%3D\" width=\"801\" height=\"437\" \/><\/div>\n<div data-zone-id=\"0\" data-line-index=\"36\" data-line=\"true\">Q7: \u00bfQu\u00e9 pasa si recibo art\u00edculos da\u00f1ados \/ defectuosos?<\/div>\n<div data-zone-id=\"0\" data-line-index=\"37\" data-line=\"true\">R: Informe con fotos \/ v\u00eddeo dentro de las 48 horas de la entrega. Reemplazaremos las unidades da\u00f1adas a\u00f1adir 5% de piezas de repuesto libres (no se requiere devoluci\u00f3n para tasas de defectos &lt; 1%).   \ud83d\udee0\ufe0f<\/div>\n<div data-zone-id=\"0\" data-line-index=\"38\" data-line=\"true\">\n<h6 class=\"heading-h4\">IV. Log\u00edstica y Entrega \ud83d\udea2\u2708\ufe0f<\/h6>\n<\/div>\n<div data-zone-id=\"0\" data-line-index=\"39\" data-line=\"true\"><img loading=\"lazy\" decoding=\"async\" class=\"\" src=\"https:\/\/p9-flow-imagex-sign.byteimg.com\/ocean-cloud-tos\/pages_upload_image_23df0a13-f613-45c1-a8c5-80f519eb7453.jpeg~tplv-a9rns2rl98-image-qvalue.jpeg?rk3s=6823e3d0&amp;x-expires=1785663791&amp;x-signature=RbSZ%2FDliPOltu8EqmZZLh7GKUTM%3D\" width=\"808\" height=\"441\" \/><\/div>\n<div data-zone-id=\"0\" data-line-index=\"40\" data-line=\"true\">Q8: \u00bfQu\u00e9 t\u00e9rminos comerciales y m\u00e9todos de env\u00edo apoya?<\/div>\n<div data-zone-id=\"0\" data-line-index=\"41\" data-line=\"true\">R: T\u00e9rminos: EXW\/FOB\/CIF\/DDP (soporte de despacho aduanero incluido).<\/div>\n<div data-zone-id=\"0\" data-line-index=\"42\" data-line=\"true\">Env\u00edo: Mar\/aire\/expreso (DHL\/FedEx puerta a puerta), con seguimiento en tiempo real.   \ud83d\udce6<\/div>\n<div data-zone-id=\"0\" data-line-index=\"43\" data-line=\"true\">Q9: \u00bfPuede proporcionar documentos de cumplimiento de exportaci\u00f3n?<\/div>\n<div data-zone-id=\"0\" data-line-index=\"44\" data-line=\"true\">R: S\u00ed, incluyendo:<\/div>\n<div data-zone-id=\"0\" data-line-index=\"45\" data-line=\"true\">Facturas comerciales y Lista de embalaje<\/div>\n<div data-zone-id=\"0\" data-line-index=\"46\" data-line=\"true\">Certificado de origen (CO) \/ Informe de control de calidad<\/div>\n<div data-zone-id=\"0\" data-line-index=\"47\" data-line=\"true\">Hoja de datos de seguridad de materiales (MSDS) \ud83d\udcdc<\/div>\n<div data-zone-id=\"0\" data-line-index=\"48\" data-line=\"true\">\n<h6 class=\"heading-h4\">V. Cooperaci\u00f3n y Posventa \ud83e\udd1d<\/h6>\n<\/div>\n<div data-zone-id=\"0\" data-line-index=\"49\" data-line=\"true\">Q10: \u00bfHay beneficios para las asociaciones a largo plazo?<\/div>\n<div data-zone-id=\"0\" data-line-index=\"50\" data-line=\"true\">R: Para pedidos anuales &gt; 100.000 piezas:<\/div>\n<div data-zone-id=\"0\" data-line-index=\"51\" data-line=\"true\">Actualizaciones de producci\u00f3n en tiempo real del gestor de cuentas dedicado.<\/div>\n<div data-zone-id=\"0\" data-line-index=\"52\" data-line=\"true\">2% de descuento anual por tasas de defectos &lt; 0.5%.<\/div>\n<div data-zone-id=\"0\" data-line-index=\"53\" data-line=\"true\">Almacenamiento gratuito de 30 d\u00edas (se permite la recogida de lotes).   \ud83c\udfc6<\/div>\n<div data-zone-id=\"0\" data-line-index=\"55\" data-line=\"true\">Q11: \u00bfApoya las auditor\u00edas de f\u00e1brica?<\/div>\n<div data-zone-id=\"0\" data-line-index=\"56\" data-line=\"true\">R: \u00a1S\u00ed! Ofrecemos:<\/div>\n<div data-zone-id=\"0\" data-line-index=\"57\" data-line=\"true\">Certificaci\u00f3n ISO 9001.<\/div>\n<div data-zone-id=\"0\" data-line-index=\"58\" data-line=\"true\">Auditor\u00eda in situ (reserva con 3 d\u00edas h\u00e1biles de antelaci\u00f3n).   \ud83c\udfed<\/div>\n<div data-zone-id=\"0\" data-line-index=\"59\" data-line=\"true\">\n<h5 class=\"heading-h2\">II. Sobre MUB: Un fabricante l\u00edder enfocado en el envasado de perfumes durante 15 a\u00f1os \ud83c\udfed<\/h5>\n<\/div>\n<div data-zone-id=\"0\" data-line-index=\"60\" data-line=\"true\">\n<h6 class=\"heading-h3\">Historia y antecedentes de la empresa \ud83d\udcdc<\/h6>\n<p><iframe title=\"MUB - Yiwu Yuiin lmport &amp; Export co., Ltd.\" width=\"800\" height=\"450\" src=\"https:\/\/www.youtube.com\/embed\/c7T4i_I1Svc?feature=oembed\" frameborder=\"0\" allow=\"accelerometer; autoplay; clipboard-write; encrypted-media; gyroscope; picture-in-picture; web-share\" referrerpolicy=\"strict-origin-when-cross-origin\" allowfullscreen><\/iframe><\/p>\n<\/div>\n<div data-zone-id=\"0\" data-line-index=\"61\" data-line=\"true\">Yiwu Yujin Importaci\u00f3n y Export Co., Ltd. (marca MUB) fue fundada en 2011 y ha estado profundamente involucrada en la industria del envasado de perfumes durante m\u00e1s de 15 a\u00f1os. Es un fabricante profesional de botellas de perfume que integra R &amp; amp; D, producci\u00f3n y personalizaci\u00f3n. La compa\u00f1\u00eda cuenta con un equipo de 30-50 empleados experimentados y un gran almac\u00e9n de m\u00e1s de 5.000 metros cuadrados, lo que garantiza una capacidad de producci\u00f3n y almacenamiento eficientes para proporcionar un apoyo estable a la cadena de suministro para los clientes globales.<\/div>\n<div data-zone-id=\"0\" data-line-index=\"62\" data-line=\"true\"><img loading=\"lazy\" decoding=\"async\" class=\"\" src=\"https:\/\/p9-flow-imagex-sign.byteimg.com\/ocean-cloud-tos\/pages_upload_image_a54347f9-4446-48f1-95c3-66813dfd5da8.png~tplv-a9rns2rl98-image-qvalue.png?rk3s=6823e3d0&amp;x-expires=1785664404&amp;x-signature=FUbZJ3TipAkWOha1Wi5mZ77HjWY%3D\" width=\"807\" height=\"617\" \/><\/div>\n<div data-zone-id=\"0\" data-line-index=\"63\" data-line=\"true\">\n<h6 class=\"heading-h3\">Principal \u00e1mbito de negocio \ud83d\udce6<\/h6>\n<\/div>\n<div data-zone-id=\"0\" data-line-index=\"64\" data-line=\"true\">Nos especializamos en la producci\u00f3n y personalizaci\u00f3n de varios embalajes de perfumes y cosm\u00e9ticos. Nuestros productos principales incluyen:<\/div>\n<ul>\n<li class=\"temp-li bullet1\" data-line=\"true\" data-list=\"bullet1\">Botellas de vidrio para perfumes (incluyendo botellas de pulverizaci\u00f3n, botellas de prensa, botellas recargables, etc.)<\/li>\n<\/ul>\n<ul>\n<li class=\"temp-li bullet1\" data-line=\"true\" data-list=\"bullet1\">Botellas de aceites esenciales, atomizadores de perfume de aluminio, botellas de difusi\u00f3n de aromaterapia<\/li>\n<\/ul>\n<ul>\n<li class=\"temp-li bullet1\" data-line=\"true\" data-list=\"bullet1\">Una gama completa de envases cosm\u00e9ticos como botellas de perfume para autom\u00f3viles, botellas roll-on, botellas de pl\u00e1stico y tarros de crema<\/li>\n<\/ul>\n<div data-zone-id=\"0\" data-line-index=\"68\" data-line=\"true\">Tambi\u00e9n ofrecemos servicios de personalizaci\u00f3n personalizados como serigraf\u00eda, estampado en caliente de oro y plata, esmalte, coloraci\u00f3n y pulido.<\/div>\n<div data-zone-id=\"0\" data-line-index=\"69\" data-line=\"true\">\n<h6 class=\"heading-h3\">Medidas de Garant\u00eda de Calidad \u2705<\/h6>\n<\/div>\n<div data-zone-id=\"0\" data-line-index=\"70\" data-line=\"true\">Mantener la misi\u00f3n de &#8220;<b>La calidad es nuestra cultura<\/b>&#8220; MUB ha establecido un sistema de control de calidad completo:<\/div>\n<ul>\n<li class=\"temp-li bullet1\" data-line=\"true\" data-list=\"bullet1\">Las materias primas son estrictamente cribadas, dando prioridad a materiales seguros como vidrio de alta pureza y pl\u00e1stico de calidad alimentaria.<\/li>\n<\/ul>\n<ul>\n<li class=\"temp-li bullet1\" data-line=\"true\" data-list=\"bullet1\">Se establecen m\u00faltiples procedimientos de inspecci\u00f3n de calidad en el proceso de producci\u00f3n, monitoreando todo el proceso desde la formaci\u00f3n, el procesamiento hasta el envasado<\/li>\n<\/ul>\n<ul>\n<li class=\"temp-li bullet1\" data-line=\"true\" data-list=\"bullet1\">Los procesos de personalizaci\u00f3n se prueban repetidamente para asegurarse de que la impresi\u00f3n, el estampado en caliente y otros procesos son resistentes al desgaste y no se desvanecen<\/li>\n<\/ul>\n<div data-zone-id=\"0\" data-line-index=\"74\" data-line=\"true\">\n<h6 class=\"heading-h3\">Certificaci\u00f3n y cumplimiento del producto \ud83d\udcc4<\/h6>\n<\/div>\n<div data-zone-id=\"0\" data-line-index=\"75\" data-line=\"true\">Todos los productos cumplen con las normas internacionales de seguridad de envases cosm\u00e9ticos, pasan las pruebas de protecci\u00f3n ambiental de las materias primas y son compatibles con los requisitos de cumplimiento de los mercados globales principales (como REACH de la UE, las normas relevantes de la FDA de los Estados Unidos), proporcionando a los clientes soluciones de envasado seguras y fiables.<\/div>\n<div data-zone-id=\"0\" data-line-index=\"76\" data-line=\"true\"><img loading=\"lazy\" decoding=\"async\" class=\"\" src=\"https:\/\/p9-flow-imagex-sign.byteimg.com\/ocean-cloud-tos\/pages_upload_image_a1d2ed0c-e6dd-4392-9927-a726beaa53ff.jpeg~tplv-a9rns2rl98-image-qvalue.jpeg?rk3s=6823e3d0&amp;x-expires=1785664827&amp;x-signature=K5xFwN8gaIE%2Fn0wZ8qGSLdojLvI%3D\" width=\"807\" height=\"440\" \/><\/div>\n<div data-zone-id=\"0\" data-line-index=\"77\" data-line=\"true\">\n<h6 class=\"heading-h3\">Red de ventas y distribuci\u00f3n \ud83c\udf0d<\/h6>\n<\/div>\n<div data-zone-id=\"0\" data-line-index=\"78\" data-line=\"true\">Nuestros productos se exportan a muchos pa\u00edses y regiones de todo el mundo, sirviendo a clientes incluyendo propietarios de marcas de cosm\u00e9ticos, distribuidores de perfumes, vendedores de comercio electr\u00f3nico, etc. Con alto rendimiento de coste y servicios de personalizaci\u00f3n flexibles, hemos acumulado una buena reputaci\u00f3n en los mercados nacionales y extranjeros.<\/div>\n<div data-zone-id=\"0\" data-line-index=\"79\" data-line=\"true\">\n<h5 class=\"heading-h2\">III. Servicio al cliente: experiencia de compra sin preocupaciones \ud83d\udece\ufe0f<\/h5>\n<\/div>\n<div data-zone-id=\"0\" data-line-index=\"80\" data-line=\"true\">\n<h6 class=\"heading-h3\">Pol\u00edtica de ventas y proceso de pedido \ud83d\udcdd<\/h6>\n<\/div>\n<ol start=\"1\">\n<li class=\"temp-li number1\" data-line=\"true\" data-list=\"number1\" data-ol-id=\"YQi0roAO\" data-start=\"1\"><b>Proceso de pedido<\/b>:<\/li>\n<\/ol>\n<div data-zone-id=\"0\" data-line-index=\"82\" data-line=\"true\">\u2460  Consulte al servicio al cliente: Informe sus necesidades (modelo de producto, especificaciones, requisitos de personalizaci\u00f3n, etc.)<\/div>\n<div data-zone-id=\"0\" data-line-index=\"83\" data-line=\"true\">\u2461  Confirmaci\u00f3n del esquema: el servicio al cliente proporciona cotizaci\u00f3n, muestras (si es necesario) y esquema de personalizaci\u00f3n<\/div>\n<div data-zone-id=\"0\" data-line-index=\"84\" data-line=\"true\">\u2462  Orden y pago: Pague el dep\u00f3sito del 30% despu\u00e9s de confirmar el esquema<\/div>\n<div data-zone-id=\"0\" data-line-index=\"85\" data-line=\"true\">\u2463  Monitoreo de la producci\u00f3n: los clientes pueden conocer el progreso de la producci\u00f3n en tiempo real<\/div>\n<div data-zone-id=\"0\" data-line-index=\"86\" data-line=\"true\">\u2464  Entrega y liquidaci\u00f3n: Pagar el saldo despu\u00e9s de que se complete la producci\u00f3n y arreglar la entrega<\/div>\n<ol start=\"2\">\n<li class=\"temp-li number1\" data-line=\"true\" data-list=\"number1\" data-ol-id=\"g2bOHqJW\" data-start=\"2\"><b>Descuento masivo<\/b>: Los grandes pedidos pueden disfrutar de descuentos de precio paso a paso. Para m\u00e1s detalles, p\u00f3ngase en contacto con el servicio al cliente para negociar.   \ud83d\udcb8<\/li>\n<\/ol>\n<div data-zone-id=\"0\" data-line-index=\"88\" data-line=\"true\">\n<h6 class=\"heading-h3\">Informaci\u00f3n de pago, transporte y log\u00edstica \ud83d\udcb3\ud83d\ude9a<\/h6>\n<\/div>\n<ul>\n<li class=\"temp-li bullet1\" data-line=\"true\" data-list=\"bullet1\"><b>M\u00e9todos de pago<\/b>: Soporte TT, Western Union, Alibaba transacci\u00f3n segura, PayPal (solo para pedidos peque\u00f1os)<\/li>\n<\/ul>\n<ul>\n<li class=\"temp-li bullet1\" data-line=\"true\" data-list=\"bullet1\"><b>Condiciones de pago<\/b>: dep\u00f3sito del 30% por adelantado, el saldo a pagar antes del env\u00edo<\/li>\n<\/ul>\n<ul>\n<li class=\"temp-li bullet1\" data-line=\"true\" data-list=\"bullet1\"><b>M\u00e9todos de transporte<\/b>Elija la entrega express (para lotes peque\u00f1os) o el transporte mar\u00edtimo \/ a\u00e9reo (para lotes grandes) seg\u00fan el tama\u00f1o del pedido, apoyando la distribuci\u00f3n global<\/li>\n<\/ul>\n<ul>\n<li class=\"temp-li bullet1\" data-line=\"true\" data-list=\"bullet1\"><b>Costos log\u00edsticos<\/b>: El cliente soporta la carga de muestra; la carga para pedidos a granel se puede negociar o soportar de acuerdo con el acuerdo entre las dos partes<\/li>\n<\/ul>\n<div data-zone-id=\"0\" data-line-index=\"93\" data-line=\"true\">\n<h6 class=\"heading-h3\">Pol\u00edtica de devoluci\u00f3n e intercambio \ud83d\udd04<\/h6>\n<\/div>\n<ul>\n<li class=\"temp-li bullet1\" data-line=\"true\" data-list=\"bullet1\">Si el producto tiene problemas de calidad (tales como da\u00f1os, defectos de artesan\u00eda, etc.), por favor p\u00f3ngase en contacto con el servicio al cliente dentro de los 7 d\u00edas h\u00e1biles despu\u00e9s de recibir las mercanc\u00edas, proporcione la prueba del problema, y despu\u00e9s de la confirmaci\u00f3n, podemos organizar la devoluci\u00f3n o el intercambio, y los costos relevantes ser\u00e1n soportados por nosotros.<\/li>\n<\/ul>\n<ul>\n<li class=\"temp-li bullet1\" data-line=\"true\" data-list=\"bullet1\">Para problemas no de calidad (como cambios en las propias necesidades del cliente), debe proponerse antes de la producci\u00f3n. El cliente asumir\u00e1 los gastos de materia prima y procesamiento incurridos.<\/li>\n<\/ul>\n<div data-zone-id=\"0\" data-line-index=\"96\" data-line=\"true\"><img loading=\"lazy\" decoding=\"async\" class=\"\" src=\"https:\/\/p9-flow-imagex-sign.byteimg.com\/ocean-cloud-tos\/pages_upload_image_ac9267e7-ca0f-42e0-8701-e89f6fdd0ad0.jpeg~tplv-a9rns2rl98-image-qvalue.jpeg?rk3s=6823e3d0&amp;x-expires=1785665384&amp;x-signature=e27DUMOWXEO9b3ErBEoVDUMk3Vc%3D\" width=\"809\" height=\"441\" \/><\/div>\n<div data-zone-id=\"0\" data-line-index=\"97\" data-line=\"true\">\n<h6 class=\"heading-h3\">Apoyo al servicio posventa \ud83d\udee0\ufe0f<\/h6>\n<\/div>\n<ul>\n<li class=\"temp-li bullet1\" data-line=\"true\" data-list=\"bullet1\">Seguimiento de pedidos: Proporcionar servicio de consulta en tiempo real para el progreso de la producci\u00f3n e informaci\u00f3n log\u00edstica<\/li>\n<\/ul>\n<ul>\n<li class=\"temp-li bullet1\" data-line=\"true\" data-list=\"bullet1\">Respuesta al problema: responder a las consultas del cliente dentro de las 24 horas en los d\u00edas laborables y proporcionar soluciones dentro de las 48 horas<\/li>\n<\/ul>\n<ul>\n<li class=\"temp-li bullet1\" data-line=\"true\" data-list=\"bullet1\">Cooperaci\u00f3n a largo plazo: Proporcionar servicios de valor a\u00f1adido como producci\u00f3n prioritaria y optimizaci\u00f3n de esquemas de personalizaci\u00f3n para clientes antiguos<\/li>\n<\/ul>\n<div data-zone-id=\"0\" data-line-index=\"101\" data-line=\"true\"><b>Consulta ahora<\/b>: \ud83d\udcde<\/div>\n<div data-zone-id=\"0\" data-line-index=\"102\" data-line=\"true\">Phone&amp;WhatsApp: +8618368685573<\/div>\n<div data-zone-id=\"0\" data-line-index=\"103\" data-line=\"true\">Email: <a href=\"mailto:mubtf3@mubtf.com\" target=\"_blank\" rel=\"noopener noreferrer\">mubtf3@mubtf.com<\/a><\/div>\n<div data-zone-id=\"0\" data-line-index=\"104\" data-line=\"true\">\u00a1Esperamos crear soluciones exclusivas de envasado de perfumes para su marca!   \u2728<\/div>","protected":false},"excerpt":{"rendered":"<p>I. Product Details: Basic Information \ud83d\udcdd Product Name:High-grade Weighted Perfume Cap Gold Plated 15mm Cap Imitation Metal Round Plastic Cap Product Category: Bottle Caps&amp;Lids Product Introduction: This product is made of Plastic material. Suitable for 15mm bottles. It supports customizations. Core Features \u2728 Material: Plastic Craftsmanship: can be customized Design: Compatibility: Supports matching with 15mm [&hellip;]<\/p>\n","protected":false},"featured_media":7235,"comment_status":"open","ping_status":"closed","template":"","meta":{"_joinchat":[]},"product_brand":[],"product_cat":[262],"product_tag":[],"class_list":{"0":"post-7234","1":"product","2":"type-product","3":"status-publish","4":"has-post-thumbnail","6":"product_cat-bottle-capslids","8":"first","9":"instock","10":"shipping-taxable","11":"product-type-simple"},"_links":{"self":[{"href":"https:\/\/www.mubtf.com\/es\/wp-json\/wp\/v2\/product\/7234","targetHints":{"allow":["GET"]}}],"collection":[{"href":"https:\/\/www.mubtf.com\/es\/wp-json\/wp\/v2\/product"}],"about":[{"href":"https:\/\/www.mubtf.com\/es\/wp-json\/wp\/v2\/types\/product"}],"replies":[{"embeddable":true,"href":"https:\/\/www.mubtf.com\/es\/wp-json\/wp\/v2\/comments?post=7234"}],"wp:featuredmedia":[{"embeddable":true,"href":"https:\/\/www.mubtf.com\/es\/wp-json\/wp\/v2\/media\/7235"}],"wp:attachment":[{"href":"https:\/\/www.mubtf.com\/es\/wp-json\/wp\/v2\/media?parent=7234"}],"wp:term":[{"taxonomy":"product_brand","embeddable":true,"href":"https:\/\/www.mubtf.com\/es\/wp-json\/wp\/v2\/product_brand?post=7234"},{"taxonomy":"product_cat","embeddable":true,"href":"https:\/\/www.mubtf.com\/es\/wp-json\/wp\/v2\/product_cat?post=7234"},{"taxonomy":"product_tag","embeddable":true,"href":"https:\/\/www.mubtf.com\/es\/wp-json\/wp\/v2\/product_tag?post=7234"}],"curies":[{"name":"wp","href":"https:\/\/api.w.org\/{rel}","templated":true}]}}