{"id":2030,"date":"2025-03-28T17:30:30","date_gmt":"2025-03-28T09:30:30","guid":{"rendered":"https:\/\/www.mubtf.com\/?post_type=product&#038;p=2030"},"modified":"2025-06-02T10:46:39","modified_gmt":"2025-06-02T02:46:39","slug":"mub-factory-best-selling-custom-logo-cylindrical-crimp-perfume-bottle-luxury","status":"publish","type":"product","link":"https:\/\/www.mubtf.com\/fr\/product\/mub-factory-best-selling-custom-logo-cylindrical-crimp-perfume-bottle-luxury\/","title":{"rendered":"MUB Factory Best Selling Custom Logo Cylindrique Crimp Bouteille de parfum de luxe"},"content":{"rendered":"<div class=\"attribute-item\">\n<div class=\"left\" data-spm-anchor-id=\"a2700.details.0.i76.404c66be3cJBYj\">Nom de marque: MUB<\/div>\n<\/div>\n<div class=\"attribute-item\">\n<div class=\"left\">Article :<span data-spm-anchor-id=\"a2700.details.0.i77.404c66be3cJBYj\">Bouteille de parfum<\/span><\/div>\n<\/div>\n<div class=\"attribute-item\">\n<div class=\"left\">Materail :<span data-spm-anchor-id=\"a2700.details.0.i79.404c66be3cJBYj\">Bouteille en verre en aluminium sparyer Couverture en plastique<\/span><\/div>\n<\/div>\n<div class=\"attribute-item\">\n<div class=\"left\">Capacit\u00e9: 30ml \/ 50ml \/ 100ml<\/div>\n<\/div>\n<div class=\"attribute-item\">\n<div class=\"left\">Couleur du couvercle:<span data-spm-anchor-id=\"a2700.details.0.i78.404c66be3cJBYj\">Couleur m\u00e9lange<\/span><\/div>\n<\/div>\n<div class=\"attribute-item\">\n<div class=\"left\">MOQ: 500pcs<\/div>\n<\/div>","protected":false},"excerpt":{"rendered":"<p>Marque: MUB<br \/>\nOrigine du produit: Yiwu, Chine<br \/>\nD\u00e9lai de livraison: (1) En stock: Dans les 5 ~ 10 jours apr\u00e8s r\u00e9ception du paiement.  (2) En rupture de stock: 25 ~ 40 jours apr\u00e8s r\u00e9ception du paiement.<\/p>","protected":false},"featured_media":2037,"comment_status":"open","ping_status":"closed","template":"","meta":{"_joinchat":[]},"product_brand":[],"product_cat":[192],"product_tag":[43,42,44],"class_list":{"0":"post-2030","1":"product","2":"type-product","3":"status-publish","4":"has-post-thumbnail","6":"product_cat-crimp-glass-bottle","7":"product_tag-crimp-perfume-bottle","8":"product_tag-pefume-bottle","9":"product_tag-perfume-bottle-luxury","11":"first","12":"instock","13":"shipping-taxable","14":"product-type-simple"},"_links":{"self":[{"href":"https:\/\/www.mubtf.com\/fr\/wp-json\/wp\/v2\/product\/2030","targetHints":{"allow":["GET"]}}],"collection":[{"href":"https:\/\/www.mubtf.com\/fr\/wp-json\/wp\/v2\/product"}],"about":[{"href":"https:\/\/www.mubtf.com\/fr\/wp-json\/wp\/v2\/types\/product"}],"replies":[{"embeddable":true,"href":"https:\/\/www.mubtf.com\/fr\/wp-json\/wp\/v2\/comments?post=2030"}],"wp:featuredmedia":[{"embeddable":true,"href":"https:\/\/www.mubtf.com\/fr\/wp-json\/wp\/v2\/media\/2037"}],"wp:attachment":[{"href":"https:\/\/www.mubtf.com\/fr\/wp-json\/wp\/v2\/media?parent=2030"}],"wp:term":[{"taxonomy":"product_brand","embeddable":true,"href":"https:\/\/www.mubtf.com\/fr\/wp-json\/wp\/v2\/product_brand?post=2030"},{"taxonomy":"product_cat","embeddable":true,"href":"https:\/\/www.mubtf.com\/fr\/wp-json\/wp\/v2\/product_cat?post=2030"},{"taxonomy":"product_tag","embeddable":true,"href":"https:\/\/www.mubtf.com\/fr\/wp-json\/wp\/v2\/product_tag?post=2030"}],"curies":[{"name":"WP","href":"https:\/\/api.w.org\/{rel}","templated":true}]}}