{"id":2099,"date":"2025-03-29T10:42:08","date_gmt":"2025-03-29T02:42:08","guid":{"rendered":"https:\/\/www.mubtf.com\/?post_type=product&#038;p=2099"},"modified":"2025-06-02T10:44:43","modified_gmt":"2025-06-02T02:44:43","slug":"mub-premium-quality-empty-custom-square-design-50ml-100ml-easy-crimpless-pressurized-atomizer-perfume-glass-bottle","status":"publish","type":"product","link":"https:\/\/www.mubtf.com\/fr\/product\/mub-premium-quality-empty-custom-square-design-50ml-100ml-easy-crimpless-pressurized-atomizer-perfume-glass-bottle\/","title":{"rendered":"MUB qualit\u00e9 sup\u00e9rieure vide personnalis\u00e9 carr\u00e9 design 50ml 100ml bouteille de verre de parfum atomiseur pressuris\u00e9 sans sertissage facile"},"content":{"rendered":"<p>Article: bouteille de verre de parfum de 50ml 100ml<\/p>\n<p>Mat\u00e9riel: bouteille en verre en aluminium bouchon en aluminium<\/p>\n<p>Couleur de pulv\u00e9risation: or, argent<\/p>\n<p>Taille: 66 * 77 * 98mm<\/p>\n<p>MOQ: 500pcs<\/p>","protected":false},"excerpt":{"rendered":"<div class=\"detail-attr-item\">\n<div>Capacit\u00e9: 50ml 100ml. Peut remplir le parfum<\/div>\n<div class=\"detail-attr-label\">Marque: MUB<\/div>\n<\/div>\n<div class=\"detail-attr-item\">\n<div class=\"detail-attr-label\">Origine du produit: Yiwu, Chine<\/div>\n<\/div>\n<div class=\"detail-attr-item\">\n<div class=\"detail-attr-label\">D\u00e9lai de livraison: (1) En stock: Dans les 5 ~ 10 jours apr\u00e8s r\u00e9ception du paiement.  (2) En rupture de stock: 25 ~ 40 jours apr\u00e8s r\u00e9ception du paiement.<\/div>\n<\/div>","protected":false},"featured_media":2100,"comment_status":"open","ping_status":"closed","template":"","meta":{"_joinchat":[]},"product_brand":[],"product_cat":[192],"product_tag":[36,41],"class_list":{"0":"post-2099","1":"product","2":"type-product","3":"status-publish","4":"has-post-thumbnail","6":"product_cat-crimp-glass-bottle","7":"product_tag-shiny-gold","8":"product_tag-silver","10":"first","11":"instock","12":"shipping-taxable","13":"product-type-simple"},"_links":{"self":[{"href":"https:\/\/www.mubtf.com\/fr\/wp-json\/wp\/v2\/product\/2099","targetHints":{"allow":["GET"]}}],"collection":[{"href":"https:\/\/www.mubtf.com\/fr\/wp-json\/wp\/v2\/product"}],"about":[{"href":"https:\/\/www.mubtf.com\/fr\/wp-json\/wp\/v2\/types\/product"}],"replies":[{"embeddable":true,"href":"https:\/\/www.mubtf.com\/fr\/wp-json\/wp\/v2\/comments?post=2099"}],"wp:featuredmedia":[{"embeddable":true,"href":"https:\/\/www.mubtf.com\/fr\/wp-json\/wp\/v2\/media\/2100"}],"wp:attachment":[{"href":"https:\/\/www.mubtf.com\/fr\/wp-json\/wp\/v2\/media?parent=2099"}],"wp:term":[{"taxonomy":"product_brand","embeddable":true,"href":"https:\/\/www.mubtf.com\/fr\/wp-json\/wp\/v2\/product_brand?post=2099"},{"taxonomy":"product_cat","embeddable":true,"href":"https:\/\/www.mubtf.com\/fr\/wp-json\/wp\/v2\/product_cat?post=2099"},{"taxonomy":"product_tag","embeddable":true,"href":"https:\/\/www.mubtf.com\/fr\/wp-json\/wp\/v2\/product_tag?post=2099"}],"curies":[{"name":"WP","href":"https:\/\/api.w.org\/{rel}","templated":true}]}}