{"id":2107,"date":"2025-03-29T10:50:23","date_gmt":"2025-03-29T02:50:23","guid":{"rendered":"https:\/\/www.mubtf.com\/?post_type=product&#038;p=2107"},"modified":"2025-06-02T10:44:34","modified_gmt":"2025-06-02T02:44:34","slug":"mub-premium-quality-empty-custom-cylinder-design-50ml-100ml-crimp-neck-pressurized-atomizer-perfume-glass-bottle","status":"publish","type":"product","link":"https:\/\/www.mubtf.com\/fr\/product\/mub-premium-quality-empty-custom-cylinder-design-50ml-100ml-crimp-neck-pressurized-atomizer-perfume-glass-bottle\/","title":{"rendered":"MUB haute qualit\u00e9 vide cylindre personnalis\u00e9 conception 50ml 100ml sertie cou pressuris\u00e9 atomiseur bouteille de verre de parfum"},"content":{"rendered":"<p>Article: bouteille de verre de parfum de 50ml 100ml<\/p>\n<p>Mat\u00e9riel: bouteille de verre en aluminium bouchon en plastique<\/p>\n<p>Couleur de pulv\u00e9risation: noir<\/p>\n<p>MOQ: 500pcs<\/p>","protected":false},"excerpt":{"rendered":"<div class=\"detail-attr-item\">\n<div>Capacit\u00e9: 50ml 100ml. Peut remplir le parfum<\/div>\n<div class=\"detail-attr-label\">Marque: MUB<\/div>\n<\/div>\n<div class=\"detail-attr-item\">\n<div class=\"detail-attr-label\">Origine du produit: Yiwu, Chine<\/div>\n<\/div>\n<div class=\"detail-attr-item\">\n<div class=\"detail-attr-label\">D\u00e9lai de livraison: (1) En stock: Dans les 5 ~ 10 jours apr\u00e8s r\u00e9ception du paiement.  (2) En rupture de stock: 25 ~ 40 jours apr\u00e8s r\u00e9ception du paiement.<\/div>\n<\/div>","protected":false},"featured_media":2113,"comment_status":"open","ping_status":"closed","template":"","meta":{"_joinchat":[]},"product_brand":[],"product_cat":[192],"product_tag":[],"class_list":{"0":"post-2107","1":"product","2":"type-product","3":"status-publish","4":"has-post-thumbnail","6":"product_cat-crimp-glass-bottle","8":"first","9":"instock","10":"shipping-taxable","11":"product-type-simple"},"_links":{"self":[{"href":"https:\/\/www.mubtf.com\/fr\/wp-json\/wp\/v2\/product\/2107","targetHints":{"allow":["GET"]}}],"collection":[{"href":"https:\/\/www.mubtf.com\/fr\/wp-json\/wp\/v2\/product"}],"about":[{"href":"https:\/\/www.mubtf.com\/fr\/wp-json\/wp\/v2\/types\/product"}],"replies":[{"embeddable":true,"href":"https:\/\/www.mubtf.com\/fr\/wp-json\/wp\/v2\/comments?post=2107"}],"wp:featuredmedia":[{"embeddable":true,"href":"https:\/\/www.mubtf.com\/fr\/wp-json\/wp\/v2\/media\/2113"}],"wp:attachment":[{"href":"https:\/\/www.mubtf.com\/fr\/wp-json\/wp\/v2\/media?parent=2107"}],"wp:term":[{"taxonomy":"product_brand","embeddable":true,"href":"https:\/\/www.mubtf.com\/fr\/wp-json\/wp\/v2\/product_brand?post=2107"},{"taxonomy":"product_cat","embeddable":true,"href":"https:\/\/www.mubtf.com\/fr\/wp-json\/wp\/v2\/product_cat?post=2107"},{"taxonomy":"product_tag","embeddable":true,"href":"https:\/\/www.mubtf.com\/fr\/wp-json\/wp\/v2\/product_tag?post=2107"}],"curies":[{"name":"WP","href":"https:\/\/api.w.org\/{rel}","templated":true}]}}