{"id":2165,"date":"2025-03-29T11:38:08","date_gmt":"2025-03-29T03:38:08","guid":{"rendered":"https:\/\/www.mubtf.com\/?post_type=product&#038;p=2165"},"modified":"2025-06-02T10:41:11","modified_gmt":"2025-06-02T02:41:11","slug":"15ml-square-bottom-thick-perfume-glass-bottle","status":"publish","type":"product","link":"https:\/\/www.mubtf.com\/fr\/product\/15ml-square-bottom-thick-perfume-glass-bottle\/","title":{"rendered":"Bouteille de verre de parfum \u00e9paisse de fond carr\u00e9 de 15ml"},"content":{"rendered":"<div class=\"attribute-item\">\n<div class=\"left\" data-spm-anchor-id=\"a2700.details.0.i77.18da6a11Zvh81D\">Nom de marque: MUB<\/div>\n<\/div>\n<div class=\"attribute-item\">\n<div class=\"left\">Manipulation d'impression:<span data-spm-anchor-id=\"a2700.details.0.i78.18da6a11Zvh81D\">Serigraphie<\/span><\/div>\n<\/div>\n<div class=\"attribute-item\">\n<div class=\"left\">Avec diffuseur Reed ou non: NON<\/div>\n<\/div>\n<div class=\"attribute-item\">\n<div class=\"left\">Mat\u00e9riel: verre<\/div>\n<\/div>","protected":false},"excerpt":{"rendered":"<p>Marque: MUB<br \/>\nOrigine du produit: Yiwu, Chine<br \/>\nD\u00e9lai de livraison: (1) En stock: Dans les 5 ~ 10 jours apr\u00e8s r\u00e9ception du paiement.  (2) En rupture de stock: 25 ~ 40 jours apr\u00e8s r\u00e9ception du paiement.<\/p>","protected":false},"featured_media":2173,"comment_status":"open","ping_status":"closed","template":"","meta":{"_joinchat":[]},"product_brand":[],"product_cat":[192],"product_tag":[55,54,53],"class_list":{"0":"post-2165","1":"product","2":"type-product","3":"status-publish","4":"has-post-thumbnail","6":"product_cat-crimp-glass-bottle","7":"product_tag-13mm-neck-15ml-perfume-bottle","8":"product_tag-15ml-glass-bottle-wholesale","9":"product_tag-15ml-square-perfume-glass-bottle-high-pressurized-spray","11":"first","12":"instock","13":"shipping-taxable","14":"product-type-simple"},"_links":{"self":[{"href":"https:\/\/www.mubtf.com\/fr\/wp-json\/wp\/v2\/product\/2165","targetHints":{"allow":["GET"]}}],"collection":[{"href":"https:\/\/www.mubtf.com\/fr\/wp-json\/wp\/v2\/product"}],"about":[{"href":"https:\/\/www.mubtf.com\/fr\/wp-json\/wp\/v2\/types\/product"}],"replies":[{"embeddable":true,"href":"https:\/\/www.mubtf.com\/fr\/wp-json\/wp\/v2\/comments?post=2165"}],"wp:featuredmedia":[{"embeddable":true,"href":"https:\/\/www.mubtf.com\/fr\/wp-json\/wp\/v2\/media\/2173"}],"wp:attachment":[{"href":"https:\/\/www.mubtf.com\/fr\/wp-json\/wp\/v2\/media?parent=2165"}],"wp:term":[{"taxonomy":"product_brand","embeddable":true,"href":"https:\/\/www.mubtf.com\/fr\/wp-json\/wp\/v2\/product_brand?post=2165"},{"taxonomy":"product_cat","embeddable":true,"href":"https:\/\/www.mubtf.com\/fr\/wp-json\/wp\/v2\/product_cat?post=2165"},{"taxonomy":"product_tag","embeddable":true,"href":"https:\/\/www.mubtf.com\/fr\/wp-json\/wp\/v2\/product_tag?post=2165"}],"curies":[{"name":"WP","href":"https:\/\/api.w.org\/{rel}","templated":true}]}}