{"id":2209,"date":"2025-03-29T14:20:39","date_gmt":"2025-03-29T06:20:39","guid":{"rendered":"https:\/\/www.mubtf.com\/?post_type=product&#038;p=2209"},"modified":"2026-02-04T18:03:45","modified_gmt":"2026-02-04T10:03:45","slug":"mub-empty-30ml-crimp-cylinder-glass-perfume-spray-bottle","status":"publish","type":"product","link":"https:\/\/www.mubtf.com\/fr\/product\/mub-empty-30ml-crimp-cylinder-glass-perfume-spray-bottle\/","title":{"rendered":"MUB Empty 100ml Crimp Cylinder Glass Perfume Spray Bottle"},"content":{"rendered":"<p>Article: bouteille de verre de parfum de 100ml<\/p>\n<p>Mat\u00e9riel: bouteille en verre en aluminium bouchon en aluminium<\/p>\n<p>Couleur de pulv\u00e9risation: argent, or, noir, or rose<\/p>\n<p>Taille: 52 * 150mm<\/p>\n<p>MOQ: 500pcs<\/p>","protected":false},"excerpt":{"rendered":"<div class=\"detail-attr-item\">\n<div class=\"detail-attr-item\">\n<div>Capacit\u00e9: 30ml. Peut remplir le parfum<\/div>\n<\/div>\n<div class=\"detail-attr-item\">\n<div class=\"detail-attr-label\">Origine du produit: Yiwu, Chine<\/div>\n<\/div>\n<div class=\"detail-attr-item\">\n<p>Marque: MUB<\/p>\n<div class=\"detail-attr-label\">D\u00e9lai de livraison: (1) En stock: Dans les 5 ~ 10 jours apr\u00e8s r\u00e9ception du paiement.  (2) En rupture de stock: 25 ~ 40 jours apr\u00e8s r\u00e9ception du paiement.<\/div>\n<\/div>\n<\/div>","protected":false},"featured_media":2215,"comment_status":"open","ping_status":"closed","template":"","meta":{"_joinchat":[]},"product_brand":[],"product_cat":[192,15],"product_tag":[43,36,41],"class_list":{"0":"post-2209","1":"product","2":"type-product","3":"status-publish","4":"has-post-thumbnail","6":"product_cat-crimp-glass-bottle","7":"product_cat-perfume-bottles","8":"product_tag-crimp-perfume-bottle","9":"product_tag-shiny-gold","10":"product_tag-silver","12":"first","13":"instock","14":"shipping-taxable","15":"product-type-simple"},"_links":{"self":[{"href":"https:\/\/www.mubtf.com\/fr\/wp-json\/wp\/v2\/product\/2209","targetHints":{"allow":["GET"]}}],"collection":[{"href":"https:\/\/www.mubtf.com\/fr\/wp-json\/wp\/v2\/product"}],"about":[{"href":"https:\/\/www.mubtf.com\/fr\/wp-json\/wp\/v2\/types\/product"}],"replies":[{"embeddable":true,"href":"https:\/\/www.mubtf.com\/fr\/wp-json\/wp\/v2\/comments?post=2209"}],"wp:featuredmedia":[{"embeddable":true,"href":"https:\/\/www.mubtf.com\/fr\/wp-json\/wp\/v2\/media\/2215"}],"wp:attachment":[{"href":"https:\/\/www.mubtf.com\/fr\/wp-json\/wp\/v2\/media?parent=2209"}],"wp:term":[{"taxonomy":"product_brand","embeddable":true,"href":"https:\/\/www.mubtf.com\/fr\/wp-json\/wp\/v2\/product_brand?post=2209"},{"taxonomy":"product_cat","embeddable":true,"href":"https:\/\/www.mubtf.com\/fr\/wp-json\/wp\/v2\/product_cat?post=2209"},{"taxonomy":"product_tag","embeddable":true,"href":"https:\/\/www.mubtf.com\/fr\/wp-json\/wp\/v2\/product_tag?post=2209"}],"curies":[{"name":"wp","href":"https:\/\/api.w.org\/{rel}","templated":true}]}}