{"id":2294,"date":"2025-03-31T14:01:33","date_gmt":"2025-03-31T06:01:33","guid":{"rendered":"https:\/\/www.mubtf.com\/?post_type=product&#038;p=2294"},"modified":"2025-06-02T10:37:33","modified_gmt":"2025-06-02T02:37:33","slug":"mub-portable-5ml-glass-cosmetic-oil-roll-on-bottle-round-essential-oil-perfume-roller-with-screw-cap","status":"publish","type":"product","link":"https:\/\/www.mubtf.com\/fr\/product\/mub-portable-5ml-glass-cosmetic-oil-roll-on-bottle-round-essential-oil-perfume-roller-with-screw-cap\/","title":{"rendered":"MUB portable 5ml verre huile cosm\u00e9tique rouleau sur bouteille ronde huile essentielle rouleau de parfum avec bouchon \u00e0 vis"},"content":{"rendered":"<p>Article: bouteille de verre d'huile essentielle 5ml<br \/>\nMat\u00e9riel: bouteille en verre avec rouleau en acier<br \/>\nPoids: 18g<br \/>\nTaille de la bouteille: 63,5 * 18mm (avec la hauteur du bouchon)<br \/>\nMOQ: 1000pcs<\/p>","protected":false},"excerpt":{"rendered":"<p>Capacit\u00e9: 5ml. Peut remplir 5m d'huile essentielle<br \/>\nMarque: MUB<br \/>\nOrigine du produit: Yiwu, Chine<br \/>\nD\u00e9lai de livraison: (1) En stock: Dans les 5 ~ 10 jours apr\u00e8s r\u00e9ception du paiement.  (2) En rupture de stock: 25 ~ 40 jours apr\u00e8s r\u00e9ception du paiement.<\/p>","protected":false},"featured_media":2284,"comment_status":"open","ping_status":"closed","template":"","meta":{"_joinchat":[]},"product_brand":[],"product_cat":[194],"product_tag":[],"class_list":{"0":"post-2294","1":"product","2":"type-product","3":"status-publish","4":"has-post-thumbnail","6":"product_cat-glass-roll-on-bottle","8":"first","9":"instock","10":"shipping-taxable","11":"product-type-simple"},"_links":{"self":[{"href":"https:\/\/www.mubtf.com\/fr\/wp-json\/wp\/v2\/product\/2294","targetHints":{"allow":["GET"]}}],"collection":[{"href":"https:\/\/www.mubtf.com\/fr\/wp-json\/wp\/v2\/product"}],"about":[{"href":"https:\/\/www.mubtf.com\/fr\/wp-json\/wp\/v2\/types\/product"}],"replies":[{"embeddable":true,"href":"https:\/\/www.mubtf.com\/fr\/wp-json\/wp\/v2\/comments?post=2294"}],"wp:featuredmedia":[{"embeddable":true,"href":"https:\/\/www.mubtf.com\/fr\/wp-json\/wp\/v2\/media\/2284"}],"wp:attachment":[{"href":"https:\/\/www.mubtf.com\/fr\/wp-json\/wp\/v2\/media?parent=2294"}],"wp:term":[{"taxonomy":"product_brand","embeddable":true,"href":"https:\/\/www.mubtf.com\/fr\/wp-json\/wp\/v2\/product_brand?post=2294"},{"taxonomy":"product_cat","embeddable":true,"href":"https:\/\/www.mubtf.com\/fr\/wp-json\/wp\/v2\/product_cat?post=2294"},{"taxonomy":"product_tag","embeddable":true,"href":"https:\/\/www.mubtf.com\/fr\/wp-json\/wp\/v2\/product_tag?post=2294"}],"curies":[{"name":"wp","href":"https:\/\/api.w.org\/{rel}","templated":true}]}}