{"id":2327,"date":"2025-03-31T14:38:06","date_gmt":"2025-03-31T06:38:06","guid":{"rendered":"https:\/\/www.mubtf.com\/?post_type=product&#038;p=2327"},"modified":"2025-06-02T10:34:23","modified_gmt":"2025-06-02T02:34:23","slug":"wholesale-fancy-10ml-cosmetic-packaging-square-round-glass-bottle-perfume-bottles-with-gold-silver-black-top-spray","status":"publish","type":"product","link":"https:\/\/www.mubtf.com\/fr\/product\/wholesale-fancy-10ml-cosmetic-packaging-square-round-glass-bottle-perfume-bottles-with-gold-silver-black-top-spray\/","title":{"rendered":"Vente en gros fantaisie 10ml cosm\u00e9tique emballage carr\u00e9 rond bouteille de verre bouteilles de parfum avec or argent noir haut spray"},"content":{"rendered":"<p>Article: bouteille en verre d'huile essentielle de 10ml<br \/>\nMat\u00e9riel: bouteille en verre avec rouleau en acier\/verre<br \/>\nPoids: 22g<br \/>\nTaille de la bouteille: 20 * 85mm (avec la hauteur du bouchon)<br \/>\nMOQ: 1000pcs<\/p>","protected":false},"excerpt":{"rendered":"<p>Capacit\u00e9: 10ml. Peut remplir 10.5ml-11ml d'huile essentielle<br \/>\nMarque: MUB<br \/>\nOrigine du produit: Yiwu, Chine<br \/>\nD\u00e9lai de livraison: (1) En stock: Dans les 5 ~ 10 jours apr\u00e8s r\u00e9ception du paiement.  (2) En rupture de stock: 25 ~ 40 jours apr\u00e8s r\u00e9ception du paiement.<\/p>","protected":false},"featured_media":2312,"comment_status":"open","ping_status":"closed","template":"","meta":{"_joinchat":[]},"product_brand":[],"product_cat":[194],"product_tag":[79],"class_list":{"0":"post-2327","1":"product","2":"type-product","3":"status-publish","4":"has-post-thumbnail","6":"product_cat-glass-roll-on-bottle","7":"product_tag-round-essential-oil-bottle","9":"first","10":"instock","11":"shipping-taxable","12":"product-type-simple"},"_links":{"self":[{"href":"https:\/\/www.mubtf.com\/fr\/wp-json\/wp\/v2\/product\/2327","targetHints":{"allow":["GET"]}}],"collection":[{"href":"https:\/\/www.mubtf.com\/fr\/wp-json\/wp\/v2\/product"}],"about":[{"href":"https:\/\/www.mubtf.com\/fr\/wp-json\/wp\/v2\/types\/product"}],"replies":[{"embeddable":true,"href":"https:\/\/www.mubtf.com\/fr\/wp-json\/wp\/v2\/comments?post=2327"}],"wp:featuredmedia":[{"embeddable":true,"href":"https:\/\/www.mubtf.com\/fr\/wp-json\/wp\/v2\/media\/2312"}],"wp:attachment":[{"href":"https:\/\/www.mubtf.com\/fr\/wp-json\/wp\/v2\/media?parent=2327"}],"wp:term":[{"taxonomy":"product_brand","embeddable":true,"href":"https:\/\/www.mubtf.com\/fr\/wp-json\/wp\/v2\/product_brand?post=2327"},{"taxonomy":"product_cat","embeddable":true,"href":"https:\/\/www.mubtf.com\/fr\/wp-json\/wp\/v2\/product_cat?post=2327"},{"taxonomy":"product_tag","embeddable":true,"href":"https:\/\/www.mubtf.com\/fr\/wp-json\/wp\/v2\/product_tag?post=2327"}],"curies":[{"name":"WP","href":"https:\/\/api.w.org\/{rel}","templated":true}]}}