{"id":2449,"date":"2025-03-31T16:00:40","date_gmt":"2025-03-31T08:00:40","guid":{"rendered":"https:\/\/www.mubtf.com\/?post_type=product&#038;p=2449"},"modified":"2025-06-02T10:30:45","modified_gmt":"2025-06-02T02:30:45","slug":"hot-sale10ml-roll-on-blue-bottle-with-glass-rollers-and-aluminum-plastic-cap","status":"publish","type":"product","link":"https:\/\/www.mubtf.com\/fr\/product\/hot-sale10ml-roll-on-blue-bottle-with-glass-rollers-and-aluminum-plastic-cap\/","title":{"rendered":"Hot Sale10ml Roll sur bouteille bleue avec rouleaux en verre et bouchon en aluminium\/plastique"},"content":{"rendered":"<p>Article: bouteille en verre d'huile essentielle de 10ml<br \/>\nMat\u00e9riel: bouteille en verre avec aluminium \/ plastique Bouchons<br \/>\nPoids: 22g<br \/>\nTaille de la bouteille: 20 * 85mm (avec la hauteur du bouchon)<br \/>\nMOQ: 1000pcs<\/p>","protected":false},"excerpt":{"rendered":"<p>Capacit\u00e9: 10ml. Peut remplir 10ml d'huile essentielle<br \/>\nMarque: MUB<br \/>\nOrigine du produit: Yiwu, Chine<br \/>\nD\u00e9lai de livraison: (1) En stock: Dans les 5 ~ 10 jours apr\u00e8s r\u00e9ception du paiement.  (2) En rupture de stock: 25 ~ 40 jours apr\u00e8s r\u00e9ception du paiement.<\/p>","protected":false},"featured_media":2411,"comment_status":"open","ping_status":"closed","template":"","meta":{"_joinchat":[]},"product_brand":[],"product_cat":[194],"product_tag":[71],"class_list":{"0":"post-2449","1":"product","2":"type-product","3":"status-publish","4":"has-post-thumbnail","6":"product_cat-glass-roll-on-bottle","7":"product_tag-essential-oil-bottle","9":"first","10":"instock","11":"shipping-taxable","12":"product-type-simple"},"_links":{"self":[{"href":"https:\/\/www.mubtf.com\/fr\/wp-json\/wp\/v2\/product\/2449","targetHints":{"allow":["GET"]}}],"collection":[{"href":"https:\/\/www.mubtf.com\/fr\/wp-json\/wp\/v2\/product"}],"about":[{"href":"https:\/\/www.mubtf.com\/fr\/wp-json\/wp\/v2\/types\/product"}],"replies":[{"embeddable":true,"href":"https:\/\/www.mubtf.com\/fr\/wp-json\/wp\/v2\/comments?post=2449"}],"wp:featuredmedia":[{"embeddable":true,"href":"https:\/\/www.mubtf.com\/fr\/wp-json\/wp\/v2\/media\/2411"}],"wp:attachment":[{"href":"https:\/\/www.mubtf.com\/fr\/wp-json\/wp\/v2\/media?parent=2449"}],"wp:term":[{"taxonomy":"product_brand","embeddable":true,"href":"https:\/\/www.mubtf.com\/fr\/wp-json\/wp\/v2\/product_brand?post=2449"},{"taxonomy":"product_cat","embeddable":true,"href":"https:\/\/www.mubtf.com\/fr\/wp-json\/wp\/v2\/product_cat?post=2449"},{"taxonomy":"product_tag","embeddable":true,"href":"https:\/\/www.mubtf.com\/fr\/wp-json\/wp\/v2\/product_tag?post=2449"}],"curies":[{"name":"WP","href":"https:\/\/api.w.org\/{rel}","templated":true}]}}