{"id":2531,"date":"2025-04-01T10:09:24","date_gmt":"2025-04-01T02:09:24","guid":{"rendered":"https:\/\/www.mubtf.com\/?post_type=product&#038;p=2531"},"modified":"2025-05-28T15:28:02","modified_gmt":"2025-05-28T07:28:02","slug":"10ml-mini-roll-on-essential-oil-bottles-amber-blue-green-empty-perfume-roller-glass-bottle-with-steel-ball","status":"publish","type":"product","link":"https:\/\/www.mubtf.com\/fr\/product\/10ml-mini-roll-on-essential-oil-bottles-amber-blue-green-empty-perfume-roller-glass-bottle-with-steel-ball\/","title":{"rendered":"Mini rouleau de 10ml sur les bouteilles d'huile essentielle Ambre\/bleu\/vert Vide Bouteille de verre de rouleau de parfum avec boule d'acier"},"content":{"rendered":"<p>Article: bouteille en verre d'huile essentielle de 10ml<br \/>\nMat\u00e9riel: bouteille en verre avec rouleau en acier et bouchon en plastique<br \/>\nPoids: 22g<br \/>\nTaille de la bouteille: 20 * 85mm (avec la hauteur du bouchon)<br \/>\nMOQ: 1000pcs<\/p>","protected":false},"excerpt":{"rendered":"<p>Capacit\u00e9: 10ml. Peut remplir 11ml-12ml d'huile essentielle<br \/>\nMarque: MUB<br \/>\nOrigine du produit: Yiwu, Chine<br \/>\nD\u00e9lai de livraison: (1) En stock: Dans les 5 ~ 10 jours apr\u00e8s r\u00e9ception du paiement.  (2) En rupture de stock: 25 ~ 40 jours apr\u00e8s r\u00e9ception du paiement.<\/p>","protected":false},"featured_media":2387,"comment_status":"open","ping_status":"closed","template":"","meta":{"_joinchat":[]},"product_brand":[],"product_cat":[194],"product_tag":[73],"class_list":{"0":"post-2531","1":"product","2":"type-product","3":"status-publish","4":"has-post-thumbnail","6":"product_cat-glass-roll-on-bottle","7":"product_tag-small-essential-oil-bottle","9":"first","10":"instock","11":"shipping-taxable","12":"product-type-simple"},"_links":{"self":[{"href":"https:\/\/www.mubtf.com\/fr\/wp-json\/wp\/v2\/product\/2531","targetHints":{"allow":["GET"]}}],"collection":[{"href":"https:\/\/www.mubtf.com\/fr\/wp-json\/wp\/v2\/product"}],"about":[{"href":"https:\/\/www.mubtf.com\/fr\/wp-json\/wp\/v2\/types\/product"}],"replies":[{"embeddable":true,"href":"https:\/\/www.mubtf.com\/fr\/wp-json\/wp\/v2\/comments?post=2531"}],"wp:featuredmedia":[{"embeddable":true,"href":"https:\/\/www.mubtf.com\/fr\/wp-json\/wp\/v2\/media\/2387"}],"wp:attachment":[{"href":"https:\/\/www.mubtf.com\/fr\/wp-json\/wp\/v2\/media?parent=2531"}],"wp:term":[{"taxonomy":"product_brand","embeddable":true,"href":"https:\/\/www.mubtf.com\/fr\/wp-json\/wp\/v2\/product_brand?post=2531"},{"taxonomy":"product_cat","embeddable":true,"href":"https:\/\/www.mubtf.com\/fr\/wp-json\/wp\/v2\/product_cat?post=2531"},{"taxonomy":"product_tag","embeddable":true,"href":"https:\/\/www.mubtf.com\/fr\/wp-json\/wp\/v2\/product_tag?post=2531"}],"curies":[{"name":"WP","href":"https:\/\/api.w.org\/{rel}","templated":true}]}}