{"id":2663,"date":"2025-04-01T15:32:29","date_gmt":"2025-04-01T07:32:29","guid":{"rendered":"https:\/\/www.mubtf.com\/?post_type=product&#038;p=2663"},"modified":"2025-05-28T15:26:39","modified_gmt":"2025-05-28T07:26:39","slug":"wholesale-high-quality-5ml-10ml-clear-roller-ball-matte-glass-roll-on-bottle","status":"publish","type":"product","link":"https:\/\/www.mubtf.com\/fr\/product\/wholesale-high-quality-5ml-10ml-clear-roller-ball-matte-glass-roll-on-bottle\/","title":{"rendered":"Vente en gros de haute qualit\u00e9 5ml 10ml transparent rouleau en verre mat sur bouteille"},"content":{"rendered":"<p>Article: bouteille de verre d'huile essentielle 5ml<br \/>\nMat\u00e9riel: bouteille en verre avec bouchons en plastique<br \/>\nPoids: 22g<br \/>\nTaille de la bouteille: 20 * 62mm (avec la hauteur du bouchon)<br \/>\nMOQ: 1000pcs<\/p>","protected":false},"excerpt":{"rendered":"<p>Capacit\u00e9: 5ml. Peut remplir 5ml-6ml parfum<br \/>\nMarque: MUB<br \/>\nOrigine du produit: Yiwu, Chine<br \/>\nD\u00e9lai de livraison: (1) En stock: Dans les 5 ~ 10 jours apr\u00e8s r\u00e9ception du paiement.  (2) En rupture de stock: 25 ~ 40 jours apr\u00e8s r\u00e9ception du paiement.<\/p>","protected":false},"featured_media":2656,"comment_status":"open","ping_status":"closed","template":"","meta":{"_joinchat":[]},"product_brand":[],"product_cat":[194],"product_tag":[85,72],"class_list":{"0":"post-2663","1":"product","2":"type-product","3":"status-publish","4":"has-post-thumbnail","6":"product_cat-glass-roll-on-bottle","7":"product_tag-essential-oil-bottles","8":"product_tag-mini-essential-oil-bottle","10":"first","11":"instock","12":"shipping-taxable","13":"product-type-simple"},"_links":{"self":[{"href":"https:\/\/www.mubtf.com\/fr\/wp-json\/wp\/v2\/product\/2663","targetHints":{"allow":["GET"]}}],"collection":[{"href":"https:\/\/www.mubtf.com\/fr\/wp-json\/wp\/v2\/product"}],"about":[{"href":"https:\/\/www.mubtf.com\/fr\/wp-json\/wp\/v2\/types\/product"}],"replies":[{"embeddable":true,"href":"https:\/\/www.mubtf.com\/fr\/wp-json\/wp\/v2\/comments?post=2663"}],"wp:featuredmedia":[{"embeddable":true,"href":"https:\/\/www.mubtf.com\/fr\/wp-json\/wp\/v2\/media\/2656"}],"wp:attachment":[{"href":"https:\/\/www.mubtf.com\/fr\/wp-json\/wp\/v2\/media?parent=2663"}],"wp:term":[{"taxonomy":"product_brand","embeddable":true,"href":"https:\/\/www.mubtf.com\/fr\/wp-json\/wp\/v2\/product_brand?post=2663"},{"taxonomy":"product_cat","embeddable":true,"href":"https:\/\/www.mubtf.com\/fr\/wp-json\/wp\/v2\/product_cat?post=2663"},{"taxonomy":"product_tag","embeddable":true,"href":"https:\/\/www.mubtf.com\/fr\/wp-json\/wp\/v2\/product_tag?post=2663"}],"curies":[{"name":"WP","href":"https:\/\/api.w.org\/{rel}","templated":true}]}}