{"id":2814,"date":"2025-04-02T14:21:02","date_gmt":"2025-04-02T06:21:02","guid":{"rendered":"https:\/\/www.mubtf.com\/?post_type=product&#038;p=2814"},"modified":"2025-05-28T15:23:15","modified_gmt":"2025-05-28T07:23:15","slug":"wholesale-essential-oil-perfume-4ml-5ml-8ml-10ml-frosted-clear-amber-blue-glass-roll-on-bottle-with-metal-roller-ball","status":"publish","type":"product","link":"https:\/\/www.mubtf.com\/fr\/product\/wholesale-essential-oil-perfume-4ml-5ml-8ml-10ml-frosted-clear-amber-blue-glass-roll-on-bottle-with-metal-roller-ball\/","title":{"rendered":"Parfum d'huile essentielle en gros 4ml 5ml 8ml 10ml Frosted transparent Amber Blue Glass Roll sur bouteille avec boule de rouleau m\u00e9tallique"},"content":{"rendered":"<p>Article: bouteille en verre d'huile essentielle de 10ml<br \/>\nMat\u00e9riel: bouteille en verre avec bouchons en aluminium<br \/>\nPoids: 22g<br \/>\nTaille de la bouteille: 20 * 85mm (avec la hauteur du bouchon)<br \/>\nMOQ: 1000pcs<\/p>","protected":false},"excerpt":{"rendered":"<p>Capacit\u00e9: 10ml. Peut remplir 11ml-12ml d'huile essentielle<br \/>\nMarque: MUB<br \/>\nOrigine du produit: Yiwu, Chine<br \/>\nD\u00e9lai de livraison: (1) En stock: Dans les 5 ~ 10 jours apr\u00e8s r\u00e9ception du paiement.  (2) En rupture de stock: 25 ~ 40 jours apr\u00e8s r\u00e9ception du paiement.<\/p>","protected":false},"featured_media":2826,"comment_status":"open","ping_status":"closed","template":"","meta":{"_joinchat":[]},"product_brand":[],"product_cat":[194],"product_tag":[85,93],"class_list":{"0":"post-2814","1":"product","2":"type-product","3":"status-publish","4":"has-post-thumbnail","6":"product_cat-glass-roll-on-bottle","7":"product_tag-essential-oil-bottles","8":"product_tag-perfume-glass-bottle","10":"first","11":"instock","12":"shipping-taxable","13":"product-type-simple"},"_links":{"self":[{"href":"https:\/\/www.mubtf.com\/fr\/wp-json\/wp\/v2\/product\/2814","targetHints":{"allow":["GET"]}}],"collection":[{"href":"https:\/\/www.mubtf.com\/fr\/wp-json\/wp\/v2\/product"}],"about":[{"href":"https:\/\/www.mubtf.com\/fr\/wp-json\/wp\/v2\/types\/product"}],"replies":[{"embeddable":true,"href":"https:\/\/www.mubtf.com\/fr\/wp-json\/wp\/v2\/comments?post=2814"}],"wp:featuredmedia":[{"embeddable":true,"href":"https:\/\/www.mubtf.com\/fr\/wp-json\/wp\/v2\/media\/2826"}],"wp:attachment":[{"href":"https:\/\/www.mubtf.com\/fr\/wp-json\/wp\/v2\/media?parent=2814"}],"wp:term":[{"taxonomy":"product_brand","embeddable":true,"href":"https:\/\/www.mubtf.com\/fr\/wp-json\/wp\/v2\/product_brand?post=2814"},{"taxonomy":"product_cat","embeddable":true,"href":"https:\/\/www.mubtf.com\/fr\/wp-json\/wp\/v2\/product_cat?post=2814"},{"taxonomy":"product_tag","embeddable":true,"href":"https:\/\/www.mubtf.com\/fr\/wp-json\/wp\/v2\/product_tag?post=2814"}],"curies":[{"name":"WP","href":"https:\/\/api.w.org\/{rel}","templated":true}]}}