{"id":3386,"date":"2025-04-08T11:08:18","date_gmt":"2025-04-08T03:08:18","guid":{"rendered":"https:\/\/www.mubtf.com\/?post_type=product&#038;p=3386"},"modified":"2025-06-04T13:24:36","modified_gmt":"2025-06-04T05:24:36","slug":"1ml-2ml-3ml-5ml-10ml-essential-oil-perfume-clear-transparent-roll-on-glass-roller-bottle","status":"publish","type":"product","link":"https:\/\/www.mubtf.com\/fr\/product\/1ml-2ml-3ml-5ml-10ml-essential-oil-perfume-clear-transparent-roll-on-glass-roller-bottle\/","title":{"rendered":"1ml 2ml 3ml 5ml 10ml huile essentielle parfum transparent rouleau sur bouteille de rouleau en verre"},"content":{"rendered":"<p>Article: Petit rouleau sur bouteille en verre<\/p>\n<p>Taille: 1ml 2ml 3ml 5ml 10ml<\/p>\n<p>Couleur: Transparent<\/p>\n<p>MOQ: 1000PCS<\/p>\n<p>&nbsp;<\/p>","protected":false},"excerpt":{"rendered":"<p>Article: 1ml 2ml 3ml 5ml 10ml rouleau sur bouteille<\/p>\n<p>Marque: MUB<br \/>\nOrigine du produit: Yiwu, Chine<br \/>\nD\u00e9lai de livraison: (1) En stock: Dans les 5 ~ 10 jours apr\u00e8s r\u00e9ception du paiement.  (2) En rupture de stock: 25 ~ 40 jours apr\u00e8s r\u00e9ception du paiement.<\/p>\n<p>&nbsp;<\/p>","protected":false},"featured_media":3387,"comment_status":"open","ping_status":"closed","template":"","meta":{"_joinchat":[]},"product_brand":[],"product_cat":[194],"product_tag":[100,118,110,94,99],"class_list":{"0":"post-3386","1":"product","2":"type-product","3":"status-publish","4":"has-post-thumbnail","6":"product_cat-glass-roll-on-bottle","7":"product_tag-10ml","8":"product_tag-1ml","9":"product_tag-2ml","10":"product_tag-3ml","11":"product_tag-5ml","13":"first","14":"instock","15":"shipping-taxable","16":"product-type-simple"},"_links":{"self":[{"href":"https:\/\/www.mubtf.com\/fr\/wp-json\/wp\/v2\/product\/3386","targetHints":{"allow":["GET"]}}],"collection":[{"href":"https:\/\/www.mubtf.com\/fr\/wp-json\/wp\/v2\/product"}],"about":[{"href":"https:\/\/www.mubtf.com\/fr\/wp-json\/wp\/v2\/types\/product"}],"replies":[{"embeddable":true,"href":"https:\/\/www.mubtf.com\/fr\/wp-json\/wp\/v2\/comments?post=3386"}],"wp:featuredmedia":[{"embeddable":true,"href":"https:\/\/www.mubtf.com\/fr\/wp-json\/wp\/v2\/media\/3387"}],"wp:attachment":[{"href":"https:\/\/www.mubtf.com\/fr\/wp-json\/wp\/v2\/media?parent=3386"}],"wp:term":[{"taxonomy":"product_brand","embeddable":true,"href":"https:\/\/www.mubtf.com\/fr\/wp-json\/wp\/v2\/product_brand?post=3386"},{"taxonomy":"product_cat","embeddable":true,"href":"https:\/\/www.mubtf.com\/fr\/wp-json\/wp\/v2\/product_cat?post=3386"},{"taxonomy":"product_tag","embeddable":true,"href":"https:\/\/www.mubtf.com\/fr\/wp-json\/wp\/v2\/product_tag?post=3386"}],"curies":[{"name":"WP","href":"https:\/\/api.w.org\/{rel}","templated":true}]}}