{"id":3400,"date":"2025-04-08T11:25:26","date_gmt":"2025-04-08T03:25:26","guid":{"rendered":"https:\/\/www.mubtf.com\/?post_type=product&#038;p=3400"},"modified":"2025-05-28T15:05:35","modified_gmt":"2025-05-28T07:05:35","slug":"in-stock-5ml-10ml-shiny-uv-luxury-glass-perfume-bottle-refill-travel-empty-roller-bottle-with-stainless-steel-roller","status":"publish","type":"product","link":"https:\/\/www.mubtf.com\/fr\/product\/in-stock-5ml-10ml-shiny-uv-luxury-glass-perfume-bottle-refill-travel-empty-roller-bottle-with-stainless-steel-roller\/","title":{"rendered":"En stock Bouteille de parfum en verre de luxe UV brillante 5ml 10ml Bouteille de rouleau vide de voyage avec rouleau en acier inoxydable"},"content":{"rendered":"<p>Article: Petit rouleau sur bouteille en verre<br \/>\nMat\u00e9riel: bouteille en verre bouchon en aluminium en acier<br \/>\nTaille: 5ml 10ml<br \/>\nCouleur: Violet \/ bleu \/ vert \/ jaune \/ rose rouge \/ rouge<br \/>\nMOQ: 1000PCS<\/p>","protected":false},"excerpt":{"rendered":"<p>Capacit\u00e9: 5ml 10ml<br \/>\nMarque: MUB<br \/>\nOrigine du produit: Yiwu, Chine<br \/>\nD\u00e9lai de livraison: (1) En stock: Dans les 5 ~ 10 jours apr\u00e8s r\u00e9ception du paiement.  (2) En rupture de stock: 25 ~ 40 jours apr\u00e8s r\u00e9ception du paiement.<\/p>","protected":false},"featured_media":3401,"comment_status":"open","ping_status":"closed","template":"","meta":{"_joinchat":[]},"product_brand":[],"product_cat":[194],"product_tag":[],"class_list":{"0":"post-3400","1":"product","2":"type-product","3":"status-publish","4":"has-post-thumbnail","6":"product_cat-glass-roll-on-bottle","8":"first","9":"instock","10":"shipping-taxable","11":"product-type-simple"},"_links":{"self":[{"href":"https:\/\/www.mubtf.com\/fr\/wp-json\/wp\/v2\/product\/3400","targetHints":{"allow":["GET"]}}],"collection":[{"href":"https:\/\/www.mubtf.com\/fr\/wp-json\/wp\/v2\/product"}],"about":[{"href":"https:\/\/www.mubtf.com\/fr\/wp-json\/wp\/v2\/types\/product"}],"replies":[{"embeddable":true,"href":"https:\/\/www.mubtf.com\/fr\/wp-json\/wp\/v2\/comments?post=3400"}],"wp:featuredmedia":[{"embeddable":true,"href":"https:\/\/www.mubtf.com\/fr\/wp-json\/wp\/v2\/media\/3401"}],"wp:attachment":[{"href":"https:\/\/www.mubtf.com\/fr\/wp-json\/wp\/v2\/media?parent=3400"}],"wp:term":[{"taxonomy":"product_brand","embeddable":true,"href":"https:\/\/www.mubtf.com\/fr\/wp-json\/wp\/v2\/product_brand?post=3400"},{"taxonomy":"product_cat","embeddable":true,"href":"https:\/\/www.mubtf.com\/fr\/wp-json\/wp\/v2\/product_cat?post=3400"},{"taxonomy":"product_tag","embeddable":true,"href":"https:\/\/www.mubtf.com\/fr\/wp-json\/wp\/v2\/product_tag?post=3400"}],"curies":[{"name":"WP","href":"https:\/\/api.w.org\/{rel}","templated":true}]}}