{"id":3540,"date":"2025-04-09T15:35:38","date_gmt":"2025-04-09T07:35:38","guid":{"rendered":"https:\/\/www.mubtf.com\/?post_type=product&#038;p=3540"},"modified":"2025-05-28T15:02:05","modified_gmt":"2025-05-28T07:02:05","slug":"mub15ml-crimp-short-round-frosted-press-spray-perfume-bottle-with-wooden-cap","status":"publish","type":"product","link":"https:\/\/www.mubtf.com\/fr\/product\/mub15ml-crimp-short-round-frosted-press-spray-perfume-bottle-with-wooden-cap\/","title":{"rendered":"MUB15ml sertisse bouteille de parfum de pulv\u00e9risation de presse glac\u00e9e ronde courte avec bouchon en bois"},"content":{"rendered":"<p>Article:15ml bouteille de verre de parfum<\/p>\n<p>Mat\u00e9riel: bouteille en verre en aluminium couvercle en bois<\/p>\n<p>MOQ: 500pcs<\/p>","protected":false},"excerpt":{"rendered":"<div class=\"detail-attr-item\">\n<div class=\"detail-attr-item\">\n<div>Capacit\u00e9: 15ml. Peut remplir le parfum<\/div>\n<div class=\"detail-attr-label\">Marque: MUB<\/div>\n<\/div>\n<div class=\"detail-attr-item\">\n<div class=\"detail-attr-label\">Origine du produit: Yiwu, Chine<\/div>\n<\/div>\n<div class=\"detail-attr-item\">\n<div class=\"detail-attr-label\">D\u00e9lai de livraison: (1) En stock: Dans les 5 ~ 10 jours apr\u00e8s r\u00e9ception du paiement.  (2) En rupture de stock: 25 ~ 40 jours apr\u00e8s r\u00e9ception du paiement.<\/div>\n<\/div>\n<\/div>","protected":false},"featured_media":3545,"comment_status":"open","ping_status":"closed","template":"","meta":{"_joinchat":[]},"product_brand":[],"product_cat":[192],"product_tag":[40,43,83,37],"class_list":{"0":"post-3540","1":"product","2":"type-product","3":"status-publish","4":"has-post-thumbnail","6":"product_cat-crimp-glass-bottle","7":"product_tag-black","8":"product_tag-crimp-perfume-bottle","9":"product_tag-lid","10":"product_tag-white","12":"first","13":"instock","14":"shipping-taxable","15":"product-type-simple"},"_links":{"self":[{"href":"https:\/\/www.mubtf.com\/fr\/wp-json\/wp\/v2\/product\/3540","targetHints":{"allow":["GET"]}}],"collection":[{"href":"https:\/\/www.mubtf.com\/fr\/wp-json\/wp\/v2\/product"}],"about":[{"href":"https:\/\/www.mubtf.com\/fr\/wp-json\/wp\/v2\/types\/product"}],"replies":[{"embeddable":true,"href":"https:\/\/www.mubtf.com\/fr\/wp-json\/wp\/v2\/comments?post=3540"}],"wp:featuredmedia":[{"embeddable":true,"href":"https:\/\/www.mubtf.com\/fr\/wp-json\/wp\/v2\/media\/3545"}],"wp:attachment":[{"href":"https:\/\/www.mubtf.com\/fr\/wp-json\/wp\/v2\/media?parent=3540"}],"wp:term":[{"taxonomy":"product_brand","embeddable":true,"href":"https:\/\/www.mubtf.com\/fr\/wp-json\/wp\/v2\/product_brand?post=3540"},{"taxonomy":"product_cat","embeddable":true,"href":"https:\/\/www.mubtf.com\/fr\/wp-json\/wp\/v2\/product_cat?post=3540"},{"taxonomy":"product_tag","embeddable":true,"href":"https:\/\/www.mubtf.com\/fr\/wp-json\/wp\/v2\/product_tag?post=3540"}],"curies":[{"name":"wp","href":"https:\/\/api.w.org\/{rel}","templated":true}]}}