{"id":3553,"date":"2025-04-09T15:47:59","date_gmt":"2025-04-09T07:47:59","guid":{"rendered":"https:\/\/www.mubtf.com\/?post_type=product&#038;p=3553"},"modified":"2025-05-28T15:01:48","modified_gmt":"2025-05-28T07:01:48","slug":"mub-mini-15ml-crimp-short-round-press-spray-perfume-bottle-with-cylinder-cap","status":"publish","type":"product","link":"https:\/\/www.mubtf.com\/fr\/product\/mub-mini-15ml-crimp-short-round-press-spray-perfume-bottle-with-cylinder-cap\/","title":{"rendered":"MUB Mini 15ml sertie bouteille de parfum de pulv\u00e9risation de presse ronde courte avec bouchon de cylindre"},"content":{"rendered":"<p>Article:15ml bouteille de verre de parfum<\/p>\n<p>Mat\u00e9riel: bouteille en verre en aluminium couvercle en aluminium<\/p>\n<p>Couleur du couvercle: noir, or, argent<\/p>\n<p>Taille: 32 * 47 * 77mm<\/p>\n<p>MOQ: 500pcs<\/p>","protected":false},"excerpt":{"rendered":"<div class=\"detail-attr-item\">\n<div class=\"detail-attr-item\">\n<div>Capacit\u00e9: 15ml. Peut remplir le parfum<\/div>\n<div class=\"detail-attr-label\">Marque: MUB<\/div>\n<\/div>\n<div class=\"detail-attr-item\">\n<div class=\"detail-attr-label\">Origine du produit: Yiwu, Chine<\/div>\n<\/div>\n<div class=\"detail-attr-item\">\n<div class=\"detail-attr-label\">D\u00e9lai de livraison: (1) En stock: Dans les 5 ~ 10 jours apr\u00e8s r\u00e9ception du paiement.  (2) En rupture de stock: 25 ~ 40 jours apr\u00e8s r\u00e9ception du paiement.<\/div>\n<\/div>\n<\/div>","protected":false},"featured_media":3556,"comment_status":"open","ping_status":"closed","template":"","meta":{"_joinchat":[]},"product_brand":[],"product_cat":[192,15],"product_tag":[40,43,83,37],"class_list":{"0":"post-3553","1":"product","2":"type-product","3":"status-publish","4":"has-post-thumbnail","6":"product_cat-crimp-glass-bottle","7":"product_cat-perfume-bottles","8":"product_tag-black","9":"product_tag-crimp-perfume-bottle","10":"product_tag-lid","11":"product_tag-white","13":"first","14":"instock","15":"shipping-taxable","16":"product-type-simple"},"_links":{"self":[{"href":"https:\/\/www.mubtf.com\/fr\/wp-json\/wp\/v2\/product\/3553","targetHints":{"allow":["GET"]}}],"collection":[{"href":"https:\/\/www.mubtf.com\/fr\/wp-json\/wp\/v2\/product"}],"about":[{"href":"https:\/\/www.mubtf.com\/fr\/wp-json\/wp\/v2\/types\/product"}],"replies":[{"embeddable":true,"href":"https:\/\/www.mubtf.com\/fr\/wp-json\/wp\/v2\/comments?post=3553"}],"wp:featuredmedia":[{"embeddable":true,"href":"https:\/\/www.mubtf.com\/fr\/wp-json\/wp\/v2\/media\/3556"}],"wp:attachment":[{"href":"https:\/\/www.mubtf.com\/fr\/wp-json\/wp\/v2\/media?parent=3553"}],"wp:term":[{"taxonomy":"product_brand","embeddable":true,"href":"https:\/\/www.mubtf.com\/fr\/wp-json\/wp\/v2\/product_brand?post=3553"},{"taxonomy":"product_cat","embeddable":true,"href":"https:\/\/www.mubtf.com\/fr\/wp-json\/wp\/v2\/product_cat?post=3553"},{"taxonomy":"product_tag","embeddable":true,"href":"https:\/\/www.mubtf.com\/fr\/wp-json\/wp\/v2\/product_tag?post=3553"}],"curies":[{"name":"wp","href":"https:\/\/api.w.org\/{rel}","templated":true}]}}